{"id":45,"date":"2021-08-26T12:21:44","date_gmt":"2021-08-26T12:21:44","guid":{"rendered":"http:\/\/dummy.xtemos.com\/woodmart2\/elementor\/?page_id=45"},"modified":"2025-05-20T17:00:04","modified_gmt":"2025-05-20T17:00:04","slug":"compare","status":"publish","type":"page","link":"https:\/\/msbestkeys.com\/de\/compare\/","title":{"rendered":"Vergleichen"},"content":{"rendered":"<p class=\"wd-empty-compare wd-empty-page\">\n\t\t\tDie Vergleichsliste ist leer.\t\t<\/p>\n\t\t\t\t\t<div class=\"wd-empty-page-text\">\n\t\t\t\tEs wurden keine Produkte zur Vergleichsliste hinzugef\u00fcgt. Sie m\u00fcssen einige Produkte hinzuf\u00fcgen, um sie vergleichen zu k\u00f6nnen.<br> Auf unserer Seite \u201eShop\u201c finden Sie viele interessante Produkte.\t\t\t<\/div>\n\t\t\t\t<p class=\"return-to-shop\">\n\t\t\t<a class=\"button\" href=\"https:\/\/msbestkeys.com\/de\/shop\/\">\n\t\t\t\tZur\u00fcck zum Shop\t\t\t<\/a>\n\t\t<\/p>\n\t\t\n\n\n\n<h2 class=\"wp-block-heading\">Produktvergleich bei Msbestkeys.com: Finden Sie das perfekte Produkt<\/h2>\n\n\n\n<p>Bei <strong>Msbestkeys.com<\/strong>Wir verstehen, dass es manchmal schwierig sein kann, das richtige Produkt zu finden, insbesondere wenn Sie aus einer Vielzahl von Optionen w\u00e4hlen m\u00fcssen. Deshalb bieten wir eine bequeme <strong>Produktvergleichsfunktion<\/strong> um Ihnen zu helfen, fundierte Entscheidungen zu treffen. Es sieht jedoch so aus, als ob Ihre Vergleichsliste derzeit leer ist. Wir zeigen Ihnen, wie dieses Tool Ihr Einkaufserlebnis verbessern kann.<\/p>\n\n\n\n<h3 class=\"wp-block-heading\">So verwenden Sie die Vergleichsfunktion<\/h3>\n\n\n\n<p>Unser Produktvergleichstool soll Ihnen dabei helfen, die Funktionen, Preise und Vorteile verschiedener Produkte einfach nebeneinander zu bewerten. Egal, ob Sie Software, digitale Schl\u00fcssel oder andere Produkte vergleichen, Sie k\u00f6nnen Elemente zu Ihrem hinzuf\u00fcgen <strong>Vergleichsliste<\/strong> und sehen Sie detaillierte Vergleiche in Echtzeit.<\/p>\n\n\n\n<h3 class=\"wp-block-heading\">Schritte zum Vergleichen von Produkten:<\/h3>\n\n\n\n<ol class=\"wp-block-list\">\n<li><strong>Durchsuchen Sie den Shop<\/strong>: Besuchen Sie unsere <a href=\"#\">Shop-Seite<\/a> um die gesamte Produktpalette zu erkunden, die wir anbieten. Sie finden eine Vielzahl von Optionen, von meistverkauften Softwareschl\u00fcsseln bis hin zu exklusiven Angeboten.<\/li>\n\n\n\n<li><strong>Zur Vergleichsliste hinzuf\u00fcgen<\/strong>: Klicken Sie einfach auf der Produktseite eines Artikels, den Sie vergleichen m\u00f6chten, auf die Schaltfl\u00e4che \u201eZum Vergleich hinzuf\u00fcgen\u201c.<\/li>\n\n\n\n<li><strong>\u00dcberpr\u00fcfen und vergleichen<\/strong>: Nachdem Sie Artikel zu Ihrer Liste hinzugef\u00fcgt haben, kehren Sie zu dieser Seite zur\u00fcck, um einen detaillierten Vergleich der Produktfunktionen, Preise und anderer wichtiger Details anzuzeigen.<\/li>\n<\/ol>\n\n\n\n<h3 class=\"wp-block-heading\">Warum das Vergleichstool verwenden?<\/h3>\n\n\n\n<ul class=\"wp-block-list\">\n<li><strong>Zeit sparen<\/strong>: Sie m\u00fcssen nicht mehrere Tabs \u00f6ffnen oder sich Notizen machen. Unser Vergleichstool zeigt alle wichtigen Produktdetails an einem Ort an.<\/li>\n\n\n\n<li><strong>Informierte Entscheidungen<\/strong>: Vergleichen Sie einfach Funktionen wie Preis, Version, Produktspezifikationen und Kundenbewertungen, um die Option zu finden, die Ihren Anforderungen am besten entspricht.<\/li>\n\n\n\n<li><strong>Benutzerfreundlich<\/strong>: Das Vergleichstool ist intuitiv und einfach zu verwenden und erm\u00f6glicht Ihnen, Ihre Auswahl mit nur wenigen Klicks einzugrenzen.<\/li>\n<\/ul>\n\n\n\n<h3 class=\"wp-block-heading\">Entdecken Sie unsere breite Produktpalette<\/h3>\n\n\n\n<p>Wir bieten eine breite Auswahl an <strong>Softwareschl\u00fcssel, Antivirenprogramme, Betriebssysteme<\/strong>und mehr. Jedes Produkt wird mit einer ausf\u00fchrlichen Beschreibung geliefert und mit unserer Vergleichsfunktion k\u00f6nnen Sie schnell feststellen, welche Option f\u00fcr Sie die richtige ist. Egal, ob Sie nach erschwinglichen Optionen oder Spitzenprodukten suchen, wir haben f\u00fcr jeden Bedarf etwas.<\/p>\n\n\n\n<h3 class=\"wp-block-heading\">Zur\u00fcck zum Shop<\/h3>\n\n\n\n<p>Ihre Vergleichsliste ist derzeit leer, aber keine Sorge! Besuchen Sie unsere <a href=\"#\">Shop-Seite<\/a> um eine gro\u00dfe Auswahl interessanter Produkte zu entdecken. Wenn Sie die gew\u00fcnschten Artikel gefunden haben, f\u00fcgen Sie sie Ihrer Vergleichsliste hinzu, um sie nebeneinander zu vergleichen. Wir sind zuversichtlich, dass Sie das perfekte Produkt f\u00fcr Ihre Anforderungen finden werden.<\/p>\n\n\n\n<p><a href=\"#\">Zur\u00fcck zum Shop<\/a><\/p>\n\n\n\n<hr class=\"wp-block-separator has-alpha-channel-opacity\"\/>\n\n\n\n<h2 class=\"wp-block-heading\">Warum bei Msbestkeys.com einkaufen?<\/h2>\n\n\n\n<ul class=\"wp-block-list\">\n<li><strong>Gro\u00dfe Produktauswahl<\/strong>: Wir bieten eine Vielzahl hochwertiger Softwareschl\u00fcssel und digitaler Produkte an.<\/li>\n\n\n\n<li><strong>Wettbewerbsf\u00e4hige Preise<\/strong>: Holen Sie sich die besten Angebote f\u00fcr Top-Softwareprodukte.<\/li>\n\n\n\n<li><strong>Vertrauensw\u00fcrdig und sicher<\/strong>: Mit sicheren Zahlungsmethoden wie PayPal, Stripe, Google Pay und Apple Pay sind Ihre Transaktionen sicher und problemlos.<\/li>\n\n\n\n<li><strong>Kundenservice<\/strong>: Brauchen Sie Hilfe bei der Auswahl? Unser freundliches Kundensupportteam ist immer f\u00fcr Sie da, um Ihnen bei der Suche nach dem richtigen Produkt zu helfen.<\/li>\n<\/ul>","protected":false},"excerpt":{"rendered":"<p>Produktvergleich bei Msbestkeys.com: Finden Sie das perfekte Produkt Bei Msbestkeys.com verstehen wir, dass es manchmal schwierig sein kann, das richtige Produkt zu finden.<\/p>","protected":false},"author":1,"featured_media":0,"parent":0,"menu_order":0,"comment_status":"closed","ping_status":"closed","template":"","meta":{"_monsterinsights_skip_tracking":false,"_monsterinsights_sitenote_active":false,"_monsterinsights_sitenote_note":"","_monsterinsights_sitenote_category":0,"footnotes":""},"class_list":["post-45","page","type-page","status-publish","hentry"],"_links":{"self":[{"href":"https:\/\/msbestkeys.com\/de\/wp-json\/wp\/v2\/pages\/45","targetHints":{"allow":["GET"]}}],"collection":[{"href":"https:\/\/msbestkeys.com\/de\/wp-json\/wp\/v2\/pages"}],"about":[{"href":"https:\/\/msbestkeys.com\/de\/wp-json\/wp\/v2\/types\/page"}],"author":[{"embeddable":true,"href":"https:\/\/msbestkeys.com\/de\/wp-json\/wp\/v2\/users\/1"}],"replies":[{"embeddable":true,"href":"https:\/\/msbestkeys.com\/de\/wp-json\/wp\/v2\/comments?post=45"}],"version-history":[{"count":0,"href":"https:\/\/msbestkeys.com\/de\/wp-json\/wp\/v2\/pages\/45\/revisions"}],"wp:attachment":[{"href":"https:\/\/msbestkeys.com\/de\/wp-json\/wp\/v2\/media?parent=45"}],"curies":[{"name":"wp","href":"https:\/\/api.w.org\/{rel}","templated":true}]}}