{"id":60,"date":"2021-08-26T12:26:53","date_gmt":"2021-08-26T12:26:53","guid":{"rendered":"http:\/\/dummy.xtemos.com\/woodmart2\/elementor\/?page_id=60"},"modified":"2025-05-20T16:39:18","modified_gmt":"2025-05-20T16:39:18","slug":"wishlist","status":"publish","type":"page","link":"https:\/\/msbestkeys.com\/de\/wishlist\/","title":{"rendered":"Wunschliste"},"content":{"rendered":"<div class=\"\" >\n\t\t\t\t\t\t<div class=\"wd-wishlist-content\">\n\t\t\t\t\t\t\t\t\t\t\t\n\t\t<p class=\"wd-empty-wishlist wd-empty-page\">\n\t\t\tDiese Wunschliste ist leer.\t\t<\/p>\n\n\t\t\t\t\t<div class=\"wd-empty-page-text\">\n\t\t\t\tSie haben noch keine Produkte auf der Wunschliste. <br> Auf unserer Seite \u201eShop\u201c finden Sie viele interessante Produkte.\t\t\t<\/div>\n\t\t\n\t\t\n\t\t\t\t\t<p class=\"return-to-shop\">\n\t\t\t\t<a class=\"button\" href=\"https:\/\/msbestkeys.com\/de\/shop\/\">\n\t\t\t\t\tZur\u00fcck zum Shop\t\t\t\t<\/a>\n\t\t\t<\/p>\n\t\t\t\t\t\t\t\t\t\t\t<\/div>\n\t\t\t\t<\/div>\n\t\t\n\n\n\n<h2 class=\"wp-block-heading\">Ihre Wunschliste bei Msbestkeys.com: Speichern Sie Ihre Lieblingsprodukte<\/h2>\n\n\n\n<p>Bei <strong>Msbestkeys.com<\/strong>bieten wir eine bequeme <strong>Wunschlistenfunktion<\/strong> Damit k\u00f6nnen Sie Ihre Lieblingsprodukte f\u00fcr sp\u00e4ter speichern. Egal, ob Sie nach digitalen Schl\u00fcsseln, Softwarelizenzen oder anderen Produkten suchen, mit der Wunschliste behalten Sie den \u00dcberblick \u00fcber die Artikel, die Sie interessieren. Derzeit ist Ihre Wunschliste leer, aber keine Sorge! Wir zeigen Ihnen, wie Sie dieses Tool nutzen k\u00f6nnen, um Ihr Einkaufserlebnis zu verbessern.<\/p>\n\n\n\n<h3 class=\"wp-block-heading\">So verwenden Sie die Wunschlistenfunktion<\/h3>\n\n\n\n<p>Die Wunschlistenfunktion ist ideal, wenn Sie noch nicht ganz zum Kauf bereit sind, aber Produkte speichern m\u00f6chten, um sie sp\u00e4ter zu \u00fcberpr\u00fcfen. Sie ist einfach zu verwenden und stellt sicher, dass Sie keine Artikel aus den Augen verlieren, die Ihnen ins Auge fallen. So funktioniert es:<\/p>\n\n\n\n<ol class=\"wp-block-list\">\n<li><strong>Durchsuchen Sie unseren Shop<\/strong>: Besuchen Sie unsere <a href=\"#\">Shop-Seite<\/a> um eine Vielzahl von Produkten zu entdecken, von erstklassigen Softwareschl\u00fcsseln bis hin zu exklusiven digitalen Produkten.<\/li>\n\n\n\n<li><strong>Zur Wunschliste hinzuf\u00fcgen<\/strong>: Wenn Sie etwas finden, das Ihnen gef\u00e4llt, klicken Sie auf der Produktseite einfach auf die Schaltfl\u00e4che \u201eZur Wunschliste hinzuf\u00fcgen\u201c. Dadurch wird das Produkt zu Ihrer pers\u00f6nlichen Wunschliste hinzugef\u00fcgt, sodass Sie sp\u00e4ter einfach darauf zugreifen k\u00f6nnen.<\/li>\n\n\n\n<li><strong>\u00dcberpr\u00fcfen Sie Ihre Wunschliste<\/strong>: Kehren Sie jederzeit zu dieser Seite zur\u00fcck, um alle Ihre gespeicherten Artikel anzuzeigen. Von hier aus k\u00f6nnen Sie Produkte in Ihren Warenkorb legen oder weiter st\u00f6bern.<\/li>\n<\/ol>\n\n\n\n<h3 class=\"wp-block-heading\">Vorteile der Verwendung der Wunschliste<\/h3>\n\n\n\n<ul class=\"wp-block-list\">\n<li><strong>Organisieren Sie Ihre Favoriten<\/strong>: Behalten Sie den \u00dcberblick \u00fcber die Produkte, die Sie interessieren, ohne sich sofort zu einem Kauf zu verpflichten.<\/li>\n\n\n\n<li><strong>Einfacher Zugriff<\/strong>: Greifen Sie von jedem Ger\u00e4t aus schnell auf Ihre Wunschliste zu, indem Sie sich bei Ihrem Konto anmelden.<\/li>\n\n\n\n<li><strong>Sp\u00e4ter vergleichen<\/strong>: Speichern Sie mehrere Produkte und vergleichen Sie sie nebeneinander, wenn Sie bereit sind, eine Entscheidung zu treffen.<\/li>\n<\/ul>\n\n\n\n<h3 class=\"wp-block-heading\">Warum bei Msbestkeys.com einkaufen?<\/h3>\n\n\n\n<p>Bei Msbestkeys.com sind wir stolz darauf, eine breite Palette hochwertiger digitaler Produkte zu wettbewerbsf\u00e4higen Preisen anzubieten. Egal, ob Sie einkaufen f\u00fcr <strong>Softwareschl\u00fcssel<\/strong>, <strong>Betriebssysteme<\/strong>, oder <strong>Sicherheitssoftware<\/strong>, unsere Wunschlistenfunktion macht es einfacher als je zuvor, den \u00dcberblick \u00fcber die Produkte zu behalten, an denen Sie interessiert sind.<\/p>\n\n\n\n<ul class=\"wp-block-list\">\n<li><strong>Sicheres Einkaufen<\/strong>: Ihre Eink\u00e4ufe sind durch vertrauensw\u00fcrdige Zahlungsmethoden wie PayPal, Stripe, Google Pay und Apple Pay gesch\u00fctzt.<\/li>\n\n\n\n<li><strong>Globale Partnerschaften<\/strong>: Wir arbeiten weltweit mit renommierten Partnern zusammen, um sicherzustellen, dass Sie die besten Produkte und Dienstleistungen erhalten.<\/li>\n\n\n\n<li><strong>Kundenservice<\/strong>: Brauchen Sie Hilfe bei der Entscheidung, welche Produkte Sie zu Ihrer Wunschliste hinzuf\u00fcgen m\u00f6chten? Unser Kundensupport-Team ist immer bereit, Ihnen zu helfen.<\/li>\n<\/ul>\n\n\n\n<h3 class=\"wp-block-heading\">Sind Sie bereit, mit der Erstellung Ihrer Wunschliste zu beginnen?<\/h3>\n\n\n\n<p>Ihre Wunschliste ist derzeit leer, aber das perfekte Produkt ist nur einen Klick entfernt! Entdecken Sie unsere <a href=\"#\">Shop-Seite<\/a> um eine Vielzahl von Softwarel\u00f6sungen zu entdecken, die Ihren Anforderungen entsprechen. Von preisg\u00fcnstigen Angeboten bis hin zu Spitzenprodukten finden Sie garantiert etwas, das heraussticht.<\/p>\n\n\n\n<p><a href=\"#\">Zur\u00fcck zum Shop<\/a><\/p>\n\n\n\n<hr class=\"wp-block-separator has-alpha-channel-opacity\"\/>\n\n\n\n<h2 class=\"wp-block-heading\">Mein Konto-Dashboard<\/h2>\n\n\n\n<ul class=\"wp-block-list\">\n<li><strong>Armaturenbrett<\/strong>: Verwalten Sie Ihre Konto\u00fcbersicht.<\/li>\n\n\n\n<li><strong>Bestellungen<\/strong>: Verfolgen Sie vergangene und aktuelle Bestellungen.<\/li>\n\n\n\n<li><strong>Downloads<\/strong>: Greifen Sie auf Ihre digitalen Eink\u00e4ufe zu.<\/li>\n\n\n\n<li><strong>Adressen<\/strong>: Aktualisieren Sie die Rechnungs- und Versanddetails.<\/li>\n\n\n\n<li><strong>Zahlungsarten<\/strong>: Verwalten Sie Ihre gespeicherten Zahlungsoptionen.<\/li>\n\n\n\n<li><strong>Kontodetails<\/strong>: \u00c4ndern Sie Ihre pers\u00f6nlichen Daten.<\/li>\n\n\n\n<li><strong>Wunschliste<\/strong>: Zeigen Sie Ihre gespeicherten Elemente an und verwalten Sie sie.<\/li>\n\n\n\n<li><strong>Ausloggen<\/strong>: Melden Sie sich von Ihrem Konto ab.<\/li>\n<\/ul>","protected":false},"excerpt":{"rendered":"<p>Your Wishlist at Msbestkeys.com: Save Your Favorite Products At Msbestkeys.com, we offer a convenient wishlist feature that lets you save<\/p>","protected":false},"author":1,"featured_media":0,"parent":0,"menu_order":0,"comment_status":"closed","ping_status":"closed","template":"","meta":{"_monsterinsights_skip_tracking":false,"_monsterinsights_sitenote_active":false,"_monsterinsights_sitenote_note":"","_monsterinsights_sitenote_category":0,"footnotes":""},"class_list":["post-60","page","type-page","status-publish","hentry"],"_links":{"self":[{"href":"https:\/\/msbestkeys.com\/de\/wp-json\/wp\/v2\/pages\/60","targetHints":{"allow":["GET"]}}],"collection":[{"href":"https:\/\/msbestkeys.com\/de\/wp-json\/wp\/v2\/pages"}],"about":[{"href":"https:\/\/msbestkeys.com\/de\/wp-json\/wp\/v2\/types\/page"}],"author":[{"embeddable":true,"href":"https:\/\/msbestkeys.com\/de\/wp-json\/wp\/v2\/users\/1"}],"replies":[{"embeddable":true,"href":"https:\/\/msbestkeys.com\/de\/wp-json\/wp\/v2\/comments?post=60"}],"version-history":[{"count":0,"href":"https:\/\/msbestkeys.com\/de\/wp-json\/wp\/v2\/pages\/60\/revisions"}],"wp:attachment":[{"href":"https:\/\/msbestkeys.com\/de\/wp-json\/wp\/v2\/media?parent=60"}],"curies":[{"name":"wp","href":"https:\/\/api.w.org\/{rel}","templated":true}]}}