{"id":28500,"date":"2024-06-23T01:12:08","date_gmt":"2024-06-23T01:12:08","guid":{"rendered":"https:\/\/msbestkeys.com\/?post_type=product&#038;p=28500"},"modified":"2025-07-04T17:36:46","modified_gmt":"2025-07-04T17:36:46","slug":"quickbooks-desktop-premier-2024-for-windows","status":"publish","type":"product","link":"https:\/\/msbestkeys.com\/de\/produkt\/quickbooks-desktop-premier-2024-for-windows\/","title":{"rendered":"QuickBooks Desktop Premier 2024 f\u00fcr Windows \u2013 AUTHENTISCHER LIZENZSCHL\u00dcSSEL"},"content":{"rendered":"<div data-elementor-type=\"wp-post\" data-elementor-id=\"28500\" class=\"elementor elementor-28500\" data-elementor-post-type=\"product\">\n\t\t\t\t<div class=\"wd-negative-gap elementor-element elementor-element-a38aeee e-flex e-con-boxed e-con e-parent\" data-id=\"a38aeee\" data-element_type=\"container\" data-e-type=\"container\">\n\t\t\t\t\t<div class=\"e-con-inner\">\n\t\t\t\t<div class=\"elementor-element elementor-element-029bfce elementor-widget elementor-widget-heading\" data-id=\"029bfce\" data-element_type=\"widget\" data-e-type=\"widget\" data-widget_type=\"heading.default\">\n\t\t\t\t<div class=\"elementor-widget-container\">\n\t\t\t\t\t<h1 class=\"elementor-heading-title elementor-size-default\"><strong>St\u00e4rken Sie Ihr Unternehmen mit QuickBooks Desktop Premier 2024 US<\/strong><\/h1>\t\t\t\t<\/div>\n\t\t\t\t<\/div>\n\t\t\t\t\t<\/div>\n\t\t\t\t<\/div>\n\t\t<div class=\"wd-negative-gap elementor-element elementor-element-5be23d1 e-flex e-con-boxed e-con e-parent\" data-id=\"5be23d1\" data-element_type=\"container\" data-e-type=\"container\">\n\t\t\t\t\t<div class=\"e-con-inner\">\n\t\t\t\t<div class=\"elementor-element elementor-element-3e7f7cd color-scheme-inherit text-left elementor-widget elementor-widget-text-editor\" data-id=\"3e7f7cd\" data-element_type=\"widget\" data-e-type=\"widget\" data-widget_type=\"text-editor.default\">\n\t\t\t\t<div class=\"elementor-widget-container\">\n\t\t\t\t\t\t\t\t\t<p>\u00dcbernehmen Sie die Kontrolle \u00fcber Ihre Finanzen und f\u00f6rdern Sie das Unternehmenswachstum mit QuickBooks Desktop Premier 2024 US. Diese leistungsstarke Buchhaltungssoftware, die auf Windows-Benutzer in den USA zugeschnitten ist, rationalisiert Ihre Finanzaufgaben, spart Ihnen Zeit und bietet wertvolle Einblicke f\u00fcr intelligentere Entscheidungen.<\/p><h3><strong>Warum QuickBooks Desktop Premier 2024 US?<\/strong><\/h3><p><strong>Ultimativer Buchhaltungspartner:<\/strong> Verwalten Sie Ihre Finanzen effizient, erstellen Sie aufschlussreiche Berichte und beschleunigen Sie das Unternehmenswachstum mit QuickBooks Desktop Premier 2024 US.<\/p><p><strong>All-in-One-Organisation:<\/strong> Zentralisieren Sie Ihre Rechnungsstellung, Kostenverfolgung, Bestandsverwaltung und Berichterstattung auf einer Plattform. Beseitigen Sie den Aufwand, mit Tabellenkalkulationen und verstreuten Daten zu jonglieren.<\/p><p><strong>Effizienz steigern:<\/strong> Automatisieren Sie Aufgaben, behalten Sie den \u00dcberblick \u00fcber Zahlungen und erstellen Sie m\u00fchelos pr\u00e4zise Berichte. Dank optimierter Arbeitsabl\u00e4ufe und Datensynchronisierung k\u00f6nnen Sie sich auf das Wachstum Ihres Unternehmens konzentrieren.<\/p><p><strong>Finanzielle Klarheit:<\/strong> Passen Sie Berichte an, um wichtige Einblicke in Ihre Leistung zu erhalten. Treffen Sie fundierte Entscheidungen und vereinfachen Sie die Vorbereitung auf die Steuersaison.<\/p><p><strong>Un\u00fcbertroffene Flexibilit\u00e4t:<\/strong> Passen Sie sich mit erweiterten Funktionen wie Bestandsverwaltung, Zusammenarbeit mehrerer Benutzer und Integration mit Ihren bevorzugten Drittanbieter-Apps an Ihre Gesch\u00e4ftsanforderungen an.<\/p><p><strong>Seelenfrieden:<\/strong> Sch\u00fctzen Sie Ihre Daten mit branchenf\u00fchrenden Sicherheitsfunktionen und automatischen Backups. Seien Sie versichert, dass Ihre Finanzen sicher und gesch\u00fctzt sind.<\/p><h3><strong>Bereit, die Kontrolle zu \u00fcbernehmen? Holen Sie sich noch heute Ihr lebenslanges Abonnement!<\/strong><\/h3><h3><strong>QuickBooks Desktop Premier-Funktionen<\/strong><\/h3><h4><strong>Allgemeine Merkmale (4,5\/5):<\/strong><\/h4><ul><li><strong>Umfassende Einrichtung:<\/strong> Einfacher und detaillierter Einrichtungsprozess. Geben Sie Unternehmensinformationen ein, legen Sie den Entit\u00e4tstyp fest und \u00e4ndern oder importieren Sie einen Kontenplan.<\/li><li><strong>Effiziente Zusammenarbeit:<\/strong> Geben Sie Ihre B\u00fccher mithilfe der Funktion \u201eBuchhalterkopie\u201c an einen externen Buchhalter weiter. Arbeiten Sie gleichzeitig an Ihrer Datei, ohne sich gegenseitig zu behindern.<\/li><li><strong>Erweiterte A\/P-Funktionen:<\/strong> Erstellen Sie wiederkehrende Ausgaben, wandeln Sie Bestellungen in Rechnungen um, erstellen Sie Serviceartikel und erfassen Sie E-Zahlungen. Mit dem Rechnungstracker k\u00f6nnen Sie anstehende Zahlungen \u00fcberwachen und den Cashflow projizieren.<\/li><\/ul><h4><strong>Weitere Highlights:<\/strong><\/h4><ul><li><strong>Unterst\u00fctzung mehrerer Monitore:<\/strong> Zeigen Sie mehr Informationen auf mehreren Monitoren an.<\/li><li><strong>Durchsuchbarer Kontenplan:<\/strong> Sparen Sie Zeit mit einem neuen, durchsuchbaren Kontenplan.<\/li><li><strong>Erinnerungen zur Lohn- und Gehaltsabrechnung:<\/strong> Sorgen Sie mit Erinnerungen auf dem Startbildschirm f\u00fcr die rechtzeitige Zahlung der Lohnsteuer.<\/li><li><strong>Leistungsvergleich:<\/strong> Vergleichen Sie die Unternehmensleistung auf Bar- oder Periodenbasis mit nur einem Klick.<\/li><li><strong>Kalenderansicht:<\/strong> Sehen Sie Ihre Rechnungen, Abrechnungen und andere wichtige Aufgaben in einer Kalenderansicht.<\/li><li><strong>Dokumentencenter:<\/strong> Dokumente bequem anh\u00e4ngen und speichern.<\/li><li><strong>Kunden-Snapshot:<\/strong> Alle wichtigen Kundeninformationen auf einen Blick.<\/li><li><strong>Gespeicherte Transaktionen:<\/strong> Richten Sie gespeicherte Transaktionen f\u00fcr wiederkehrende Abrechnungen, Rechnungen und Kostenvoranschl\u00e4ge ein.<\/li><li><strong>Professionelle Rechnungen:<\/strong> Erstellen Sie professionell aussehende Rechnungen und Formulare.<\/li><li><strong>Verkaufsverfolgung:<\/strong> Verfolgen Sie Verk\u00e4ufe, Umsatzsteuern und Kundenzahlungen.<\/li><li><strong>E-Mail-Integration:<\/strong> Senden Sie Rechnungen und Kostenvoranschl\u00e4ge direkt von Ihrem gesch\u00e4ftlichen E-Mail-Konto.<\/li><li><strong>Bestandsverwaltung:<\/strong> Verfolgen Sie den Lagerbestand, legen Sie Nachbestellpunkte fest und erstellen Sie Bestellungen.<\/li><li><strong>Einzahlungsscheine:<\/strong> Einzahlungsscheine m\u00fchelos erstellen und ausdrucken.<\/li><li><strong>Kostenmanagement:<\/strong> Drucken Sie Schecks, bezahlen Sie Rechnungen und verfolgen Sie Ausgaben mit Leichtigkeit.<\/li><\/ul><h3><strong>Systemanforderungen:<\/strong><\/h3><ul><li><strong>Betriebssystem:<\/strong> Windows 7 SP1, Windows 8.1 Update 1 oder Windows 10 (32-Bit und 64-Bit)<\/li><li><strong>Server:<\/strong> Windows Server 2008 R2 SP1, 2012 R2 oder 2016<\/li><li><strong>Prozessor:<\/strong> 2,4 GHz Prozessor<\/li><li><strong>Erinnerung:<\/strong> 4 GB RAM (8 GB empfohlen)<\/li><li><strong>Speicherplatz:<\/strong> 2,5 GB Festplattenspeicher empfohlen (zus\u00e4tzlicher Speicherplatz f\u00fcr Datendateien erforderlich)<\/li><\/ul><p>Aktualisieren Sie auf QuickBooks Desktop Premier 2024 f\u00fcr eine umfassende, leistungsstarke und benutzerfreundliche Gesch\u00e4ftsverwaltungsl\u00f6sung.<\/p><div class=\"mt-1 flex gap-3 empty:hidden juice:-ml-3\"><div class=\"flex items-center\"><h3><strong>Weitere Produkte finden Sie in MS Best Original Keys <br \/><\/strong><\/h3><p><strong>Windows-Betriebssysteme:\u00a0 <a href=\"https:\/\/msbestkeys.com\/de\/produkt\/windows-11-professional-activation-key-global\/\">Windows 11<\/a> \u2013 <a href=\"https:\/\/msbestkeys.com\/de\/produkt\/windows-10-professional-activation-key-global\/\">Windows 10<\/a> \u2013 <a href=\"https:\/\/msbestkeys.com\/de\/produkt\/windows-8-professional-activation-key-global\/\">Windows 8<\/a><\/strong><\/p><p><strong>Microsoft Office-Suiten: \u00a0<a href=\"https:\/\/msbestkeys.com\/de\/produkt\/microsoft-office-2021-professional-plus\/\">B\u00fcro 2021<\/a> \u2013<a href=\"https:\/\/msbestkeys.com\/de\/produkt\/microsoft-office-2019-professional-plus\/\"> B\u00fcro 2019<\/a> \u2013 <a href=\"https:\/\/msbestkeys.com\/de\/produkt\/microsoft-office-2016-professional-plus\/\">B\u00fcro 2016<\/a> \u2013 <a href=\"https:\/\/msbestkeys.com\/de\/produkt\/microsoft-office-2021-home-and-business-mac\/\">Office f\u00fcr Mac<\/a><\/strong><\/p><p><strong>Antivirus:\u00a0 <a href=\"https:\/\/msbestkeys.com\/de\/produkt-kategorie\/antivirus-security\/\">Kaspersky \u2013 ESET \u2013 Avast \u2013 AVG<\/a><\/strong><\/p><\/div><\/div>\t\t\t\t\t\t\t\t<\/div>\n\t\t\t\t<\/div>\n\t\t\t\t<div class=\"elementor-element elementor-element-111b478 elementor-widget elementor-widget-html\" data-id=\"111b478\" data-element_type=\"widget\" data-e-type=\"widget\" data-widget_type=\"html.default\">\n\t\t\t\t<div class=\"elementor-widget-container\">\n\t\t\t\t\t<!-- ADD THIS TEMPLATE TO EVERY PRODUCT PAGE -->\n<!-- Place this AFTER the product title and price but BEFORE the main description -->\n\n<style>\n\/* Product Page Enhancement Styles *\/\n.product-trust-section { margin: 30px 0; }\n.license-type-badge { background: linear-gradient(135deg, #6366f1 0%, #8b5cf6 100%); color: white; padding: 8px 20px; border-radius: 25px; display: inline-block; font-weight: 600; margin-bottom: 20px; }\n.product-info-grid { display: grid; grid-template-columns: repeat(auto-fit, minmax(250px, 1fr)); gap: 20px; margin: 30px 0; }\n.info-card { background: #f9fafb; border: 2px solid #e5e7eb; padding: 20px; border-radius: 12px; transition: all 0.3s ease; }\n.info-card:hover { border-color: #6366f1; background: white; transform: translateY(-2px); }\n.info-card h4 { color: #1f2937; margin-bottom: 10px; display: flex; align-items: center; gap: 10px; }\n.info-card p { color: #6b7280; line-height: 1.6; margin: 0; }\n.trust-badges { display: flex; flex-wrap: wrap; gap: 75px; align-items: center; justify-content: center; margin: 30px 0; padding: 25px; background: #f3f4f6; border-radius: 12px; }\n.trust-badge { display: flex; align-items: center; gap: 8px; }\n.trust-badge img { height: 100; width: 100px;}\n.delivery-banner { background: linear-gradient(135deg, #10b981 0%, #059669 100%); color: white; padding: 20px; border-radius: 12px; text-align: center; margin: 20px 0; }\n.compatibility-box { background: #fef3c7; border: 2px solid #f59e0b; padding: 20px; border-radius: 12px; margin: 20px 0; }\n.refund-notice { background: #dbeafe; border-left: 4px solid #3b82f6; padding: 20px; border-radius: 8px; margin: 20px 0; }\n.security-badges { display: flex; gap: 15px; margin: 20px 0; justify-content: center; flex-wrap: wrap; }\n.security-badge { background: white; padding: 15px 25px; border-radius: 8px; box-shadow: 0 2px 10px rgba(0,0,0,0.1); display: flex; align-items: center; gap: 10px; }\n.rating-section { background: white; border: 2px solid #e5e7eb; padding: 25px; border-radius: 12px; margin: 30px 0; }\n.star-rating {color: #fbbf24; font-size: 20px;}\n<\/style>\n\n<!-- License Type Badge (Customize per product) -->\n<div class=\"product-trust-section\">\n    <span class=\"license-type-badge\">\ud83d\udd11 RETAIL\/OEM LICENSE - Full Version<\/span>\n    <!-- Options: RETAIL LICENSE, OEM LICENSE, VOLUME LICENSE -->\n<\/div>\n\n<!-- Product Key Information Grid -->\n<div class=\"product-info-grid\">\n    <div class=\"info-card\">\n        <h4>\ud83d\udce6 What You Get<\/h4>\n        <p>One (1) genuine product key for permanent activation of <strong>QuickBooks Desktop Premier 2024 For Windows<\/strong>. This is a digital license - no physical shipment.<\/p>\n    <\/div>\n    \n    <div class=\"info-card\">\n        <h4>\u26a1 Delivery Method<\/h4>\n        <p>Instant email delivery within 2-5 minutes. License key and download link sent directly to your inbox.<\/p>\n    <\/div>\n    \n    <div class=\"info-card\">\n        <h4>\ud83d\udee1\ufe0f License Type<\/h4>\n        <p>Retail\/OEM license for 1 PC. Lifetime validity with free reactivation support if you change hardware.<\/p>\n    <\/div>\n    \n    <div class=\"info-card\">\n        <h4>\ud83d\udcb0 Refund Policy<\/h4>\n        <p>30-day money back guarantee if activation fails. See our <a href=\"\/de\/refund-returns-policy\/\">refund policy<\/a> for details.<\/p>\n    <\/div>\n<\/div>\n\n<!-- Instant Delivery Banner -->\n<div class=\"delivery-banner\">\n    <h3 style=\"margin: 0 0 10px 0;\">\u26a1 INSTANT DIGITAL DELIVERY<\/h3>\n    <p style=\"margin: 0;\">Your license key will be emailed within 5 minutes of purchase - No waiting!<\/p>\n<\/div>\n\n<!-- Compatibility Notice (Customize per product) -->\n<div class=\"compatibility-box\">\n    <h4 style=\"margin: 0 0 10px 0;\">\u26a0\ufe0f System Requirements & Compatibility<\/h4>\n    <ul style=\"margin: 0; padding-left: 20px;\">\n        <li><strong>Kompatibel mit: <\/strong> Windows 10, Windows 11 (64-bit versions)<\/li>\n        <li><strong>Prozessor:<\/strong> 1 GHz oder schneller<\/li>\n        <li><strong>RAM:<\/strong> 4 GB minimum<\/li>\n        <li><strong>Lagerung:<\/strong> 4 GB available space<\/li>\n        <li><strong>Internet connection required for activation<\/strong><\/li>\n    <\/ul>\n<\/div>\n\n<!-- Terms of Use -->\n<div class=\"info-card\" style=\"margin: 20px 0;\">\n    <h4>\ud83d\udccb Terms of Use<\/h4>\n    <ul style=\"margin: 10px 0 0 0; padding-left: 20px; color: #6b7280;\">\n        <li>For use on one (1) PC only - Multiple PC (if key allow more than 1 PC)<\/li>\n        <li>Cannot be used for commercial deployment<\/li>\n        <li>Activation requires internet connection<\/li>\n        <li>Subject to Microsoft's End User License Agreement<\/li>\n        <li>Not for resale - end user license only<\/li>\n        <li>Wenn Sie Wiederverk\u00e4ufer sind, schreiben Sie uns eine E-Mail an  \n            <a href=\"mailto:co*****@********ys.com\" data-original-string=\"xoHvaMCKZTV60v96T0\/QzA==d7frC5E4OShXHC6zPYjnGJfL4bnAuMk1iQ8OwqUnfwQOaQ=\" title=\"Dieser Kontakt wurde von Anti-Spam by CleanTalk verschl\u00fcsselt. Klicken Sie hier, um ihn zu entschl\u00fcsseln. Um die Entschl\u00fcsselung abzuschlie\u00dfen, stellen Sie sicher, dass JavaScript in Ihrem Browser aktiviert ist.\" >\n                <span \n                data-original-string='HwCzcvse2c0VC3l3MoTV5A==d7feekwYAOYhFC55UT0BHsnz09IBAmVRt58FBTxE988kH8='\n                class='apbct-email-encoder'\n                title='Dieser Kontakt wurde von Anti-Spam by CleanTalk verschl\u00fcsselt. Klicken Sie hier, um ihn zu entschl\u00fcsseln. Um die Entschl\u00fcsselung abzuschlie\u00dfen, stellen Sie sicher, dass JavaScript in Ihrem Browser aktiviert ist.'>co<span class=\"apbct-blur\">*****<\/span>@<span class=\"apbct-blur\">********<\/span>ys.com<\/span>\n            <\/a>\n            und wir senden Ihnen eine ma\u00dfgeschneiderte Preisliste. Lassen Sie uns zusammenarbeiten!\n        <\/li>\n    <\/ul>\n<\/div>\n\n<!-- Refund Notice -->\n<div class=\"refund-notice\">\n    <p style=\"margin: 0;\">\n        <strong>\u2705 30-Day Money Back Guarantee:<\/strong> This product is eligible for a full refund within 30 days if you experience activation issues that our support team cannot resolve. <a href=\"\/de\/refund-returns-policy\/\">Learn more<\/a>\n    <\/p>\n<\/div>\n\n<!-- Trust Badges Section -->\n<div class=\"trust-badges\" style=\"align-items: center;\">\n    <div class=\"trust-badge\">\n        <img decoding=\"async\" src=\" \/wp-content\/uploads\/2025\/07\/Microsoft.webp\"  alt=\"Microsoft Partner\">\n        <span><strong>Microsoft<\/strong><br>Certified Partner<\/span>\n    <\/div>\n    <div class=\"trust-badge\">\n        <img decoding=\"async\" src=\"\/wp-content\/uploads\/2025\/07\/SSL-Secure-Checkout.webp\" alt=\"SSL Secure\">\n        <span><strong>SSL<\/strong><br>Secure Checkout<\/span>\n    <\/div>\n    <div class=\"trust-badge\">\n        <img decoding=\"async\" src=\"\/wp-content\/uploads\/2025\/07\/istockphoto-1004476412-612x612-removebg-preview.webp\" alt=\"Money Back\">\n        <span><strong>30-Day<\/strong><br>Money Back<\/span>\n    <\/div>\n    <div class=\"trust-badge\">\n        <img decoding=\"async\" src=\"\/wp-content\/uploads\/2025\/07\/Email-Delivery.webp\" alt=\"Instant Delivery\">\n        <span><strong>Instant<\/strong><br>Email Delivery<\/span>\n    <\/div>\n<\/div>\n\n<!-- Payment Security Badges -->\n<div class=\"security-badges\">\n    <div class=\"security-badge\">\n        <img decoding=\"async\" src=\"https:\/\/msbestkeys.com\/wp-content\/uploads\/2025\/05\/paypal-icon-1.png.webp\" alt=\"PayPal\" width=\"150px\" height=\"40\">\n    <\/div>\n    <div class=\"security-badge\">\n        <img decoding=\"async\" src=\"https:\/\/msbestkeys.com\/wp-content\/uploads\/2025\/05\/stripe-icon-1.png.webp\" alt=\"Stripe\" width=\"150px\" height=\"40\" style=\"max-width: 120px;\">\n    <\/div>\n    <div class=\"security-badge\">\n        <img decoding=\"async\" src=\"https:\/\/msbestkeys.com\/wp-content\/uploads\/2025\/07\/secure-payment.webp\" alt=\"Secure\" width=\"150px\" height=\"70\" style=\"max-width: 120px;\">\n    <\/div>\n    <!-- <div class=\"security-badge\">\n        <svg height=\"40\" viewBox=\"0 0 80 40\" fill=\"none\" xmlns=\"http:\/\/www.w3.org\/2000\/svg\">\n            <rect width=\"80\" height=\"40\" rx=\"4\" fill=\"#5469D4\"\/>\n            <path d=\"M25 15L35 25L55 15\" stroke=\"white\" stroke-width=\"2\"\/>\n            <text x=\"40\" y=\"35\" text-anchor=\"middle\" fill=\"white\" font-size=\"8\" font-family=\"Arial\">SECURE<\/text>\n        <\/svg>\n    <\/div> -->\n<\/div>\n\n<!-- Customer Rating Section -->\n<div class=\"rating-section\">\n    <h4 style=\"margin: 0 0 15px 0;\">Customer Satisfaction<\/h4>\n    <div style=\"display: flex; align-items: center; gap: 15px;\">\n        <div class=\"star-rating\">\u2605\u2605\u2605\u2605\u2605<\/div>\n        <span style=\"font-size: 16px; color: #1f2937;\">4.8\/5<\/span>\n    <\/div>\n        <span style=\"color: #6b7280;\">(Based on 1,247 verified purchases)<\/span>\n    <p style=\"margin: 15px 0 0 0; color: #6b7280;\">\n        \u2713 98% successful activation rate<br>\n        \u2713 24\/7 technical support<br>\n        \u2713 Trusted by thousands of customers worldwide\n    <\/p>\n<\/div>\n\n<!-- Support Notice -->\n<div style=\"background: #f0fdf4; border: 2px solid #86efac; padding: 20px; border-radius: 12px; margin: 20px 0; text-align: center;\">\n    <h4 style=\"color: #166534; margin: 0 0 10px 0;\">\ud83c\udd98 Need Help? We're Here 24\/7<\/h4>\n    <p style=\"color: #15803d; margin: 0 0 15px 0;\">Our expert support team is ready to assist with installation and activation<\/p>\n    <div style=\"display: flex; gap: 20px; justify-content: center; flex-wrap: wrap;\">\n        <a href=\"https:\/\/wa.me\/19375604830\" style=\"background: #25D366; color: white; padding: 10px 20px; border-radius: 25px; text-decoration: none; display: inline-flex; align-items: center; gap: 8px;\" rel=\"noopener\">\n            <svg width=\"20\" height=\"20\" viewbox=\"0 0 24 24\" fill=\"white\"><path d=\"M17.472 14.382c-.297-.149-1.758-.867-2.03-.967-.273-.099-.471-.148-.67.15-.197.297-.767.966-.94 1.164-.173.199-.347.223-.644.075-.297-.15-1.255-.463-2.39-1.475-.883-.788-1.48-1.761-1.653-2.059-.173-.297-.018-.458.13-.606.134-.133.298-.347.446-.52.149-.174.198-.298.298-.497.099-.198.05-.371-.025-.52-.075-.149-.669-1.612-.916-2.207-.242-.579-.487-.5-.669-.51-.173-.008-.371-.01-.57-.01-.198 0-.52.074-.792.372-.272.297-1.04 1.016-1.04 2.479 0 1.462 1.065 2.875 1.213 3.074.149.198 2.096 3.2 5.077 4.487.709.306 1.262.489 1.694.625.712.227 1.36.195 1.871.118.571-.085 1.758-.719 2.006-1.413.248-.694.248-1.289.173-1.413-.074-.124-.272-.198-.57-.347m-5.421 7.403h-.004a9.87 9.87 0 01-5.031-1.378l-.361-.214-3.741.982.998-3.648-.235-.374a9.86 9.86 0 01-1.51-5.26c.001-5.45 4.436-9.884 9.888-9.884 2.64 0 5.122 1.03 6.988 2.898a9.825 9.825 0 012.893 6.994c-.003 5.45-4.437 9.884-9.885 9.884m8.413-18.297A11.815 11.815 0 0012.05 0C5.495 0 .16 5.335.157 11.892c0 2.096.547 4.142 1.588 5.945L.057 24l6.305-1.654a11.882 11.882 0 005.683 1.448h.005c6.554 0 11.89-5.335 11.893-11.893a11.821 11.821 0 00-3.48-8.413Z\"\/><\/svg>\n            WhatsApp Support\n        <\/a>\n        <a href=\"mailto:co*****@********ys.com\" data-original-string=\"Kxo19+gksd8Zm9A3A73ORw==d7fmzFBFN20H7Hell3mOHFw7hpQggwcG3cWQ2mMzhyROpE=\" title=\"Dieser Kontakt wurde von Anti-Spam by CleanTalk verschl\u00fcsselt. Klicken Sie hier, um ihn zu entschl\u00fcsseln. Um die Entschl\u00fcsselung abzuschlie\u00dfen, stellen Sie sicher, dass JavaScript in Ihrem Browser aktiviert ist.\" style=\"background: #6366f1; color: white; padding: 10px 20px; border-radius: 25px; text-decoration: none;\">\n            \ud83d\udce7 Email Support\n        <\/a>\n    <\/div>\n<\/div>\t\t\t\t<\/div>\n\t\t\t\t<\/div>\n\t\t\t\t\t<\/div>\n\t\t\t\t<\/div>\n\t\t\t\t<\/div>","protected":false},"excerpt":{"rendered":"<p>QuickBooks Desktop Premier 2024 f\u00fcr Windows bietet eine robuste, auf Unternehmen zugeschnittene Buchhaltungsl\u00f6sung. Mit einem authentischen Lizenzschl\u00fcssel k\u00f6nnen Benutzer auf erweiterte Funktionen zugreifen, um das Finanzmanagement zu optimieren und die Effizienz zu verbessern. Diese Software ist perfekt f\u00fcr kleine und mittlere Unternehmen geeignet und gew\u00e4hrleistet eine genaue und effiziente Buchhaltung.<\/p>\n<p><strong>\u2714\ufe0e\u00a0 \u00a0 \u00a0 AUTHENTIC RETAIL LICENSE<\/strong><\/p>\n<p><strong>\u2714\ufe0e SOFORTIGER DIGITALER DOWNLOAD<\/strong><\/p>\n<p><strong>\u2714\ufe0e DAUERHAFTE UNTERST\u00dcTZUNG<\/strong><\/p>\n<p><img loading=\"lazy\" decoding=\"async\" class=\"wd-lazy-fade  wp-image-31863\" src=\"https:\/\/msbestkeys.com\/wp-content\/themes\/woodmart\/images\/lazy.svg\" data-src=\"https:\/\/msbestkeys.com\/wp-content\/uploads\/2025\/07\/Trusted-Shop.webp\" alt=\"Trusted Shop Msbestkeys\" width=\"257\" height=\"72\" srcset=\"\" data-srcset=\"https:\/\/msbestkeys.com\/wp-content\/uploads\/2025\/07\/Trusted-Shop.webp 600w, https:\/\/msbestkeys.com\/wp-content\/uploads\/2025\/07\/Trusted-Shop-400x112.webp 400w, https:\/\/msbestkeys.com\/wp-content\/uploads\/2025\/07\/Trusted-Shop-18x5.webp 18w, https:\/\/msbestkeys.com\/wp-content\/uploads\/2025\/07\/Trusted-Shop-300x84.webp 300w\" sizes=\"auto, (max-width: 257px) 100vw, 257px\" \/><\/p>","protected":false},"featured_media":30777,"comment_status":"open","ping_status":"closed","template":"","meta":{"_monsterinsights_skip_tracking":false,"_monsterinsights_sitenote_active":false,"_monsterinsights_sitenote_note":"","_monsterinsights_sitenote_category":0},"product_brand":[187],"product_cat":[24,96],"product_tag":[],"class_list":{"0":"post-28500","1":"product","2":"type-product","3":"status-publish","4":"has-post-thumbnail","6":"product_brand-intuit","7":"product_cat-all-products","8":"product_cat-quickbooks","10":"first","11":"instock","12":"virtual","13":"taxable","14":"purchasable","15":"product-type-simple"},"_links":{"self":[{"href":"https:\/\/msbestkeys.com\/de\/wp-json\/wp\/v2\/product\/28500","targetHints":{"allow":["GET"]}}],"collection":[{"href":"https:\/\/msbestkeys.com\/de\/wp-json\/wp\/v2\/product"}],"about":[{"href":"https:\/\/msbestkeys.com\/de\/wp-json\/wp\/v2\/types\/product"}],"replies":[{"embeddable":true,"href":"https:\/\/msbestkeys.com\/de\/wp-json\/wp\/v2\/comments?post=28500"}],"version-history":[{"count":0,"href":"https:\/\/msbestkeys.com\/de\/wp-json\/wp\/v2\/product\/28500\/revisions"}],"wp:featuredmedia":[{"embeddable":true,"href":"https:\/\/msbestkeys.com\/de\/wp-json\/wp\/v2\/media\/30777"}],"wp:attachment":[{"href":"https:\/\/msbestkeys.com\/de\/wp-json\/wp\/v2\/media?parent=28500"}],"wp:term":[{"taxonomy":"product_brand","embeddable":true,"href":"https:\/\/msbestkeys.com\/de\/wp-json\/wp\/v2\/product_brand?post=28500"},{"taxonomy":"product_cat","embeddable":true,"href":"https:\/\/msbestkeys.com\/de\/wp-json\/wp\/v2\/product_cat?post=28500"},{"taxonomy":"product_tag","embeddable":true,"href":"https:\/\/msbestkeys.com\/de\/wp-json\/wp\/v2\/product_tag?post=28500"}],"curies":[{"name":"wp","href":"https:\/\/api.w.org\/{rel}","templated":true}]}}