{"id":3517,"date":"2023-06-24T05:39:48","date_gmt":"2023-06-24T05:39:48","guid":{"rendered":"https:\/\/h-perpro.com\/?post_type=product&#038;p=3517"},"modified":"2025-07-04T18:01:17","modified_gmt":"2025-07-04T18:01:17","slug":"microsoft-project-professional-2021","status":"publish","type":"product","link":"https:\/\/msbestkeys.com\/de\/produkt\/microsoft-project-professional-2021\/","title":{"rendered":"Microsoft Project Professional 2021"},"content":{"rendered":"<div data-elementor-type=\"wp-post\" data-elementor-id=\"3517\" class=\"elementor elementor-3517\" data-elementor-post-type=\"product\">\n\t\t\t\t<div class=\"wd-negative-gap elementor-element elementor-element-2c8bd64 e-flex e-con-boxed e-con e-parent\" data-id=\"2c8bd64\" data-element_type=\"container\" data-e-type=\"container\">\n\t\t\t\t\t<div class=\"e-con-inner\">\n\t\t<div class=\"elementor-element elementor-element-f62618d e-con-full e-flex e-con e-child\" data-id=\"f62618d\" data-element_type=\"container\" data-e-type=\"container\">\n\t\t\t\t<div class=\"elementor-element elementor-element-ecad926 color-scheme-inherit text-left elementor-widget elementor-widget-text-editor\" data-id=\"ecad926\" data-element_type=\"widget\" data-e-type=\"widget\" data-widget_type=\"text-editor.default\">\n\t\t\t\t<div class=\"elementor-widget-container\">\n\t\t\t\t\t\t\t\t\t<h2 style=\"text-align: center;\">Microsoft Project Professional 2021 f\u00fcr 1PC<\/h2>\n<div><strong>&nbsp;<\/strong><br><span style=\"text-align: center;\"><b>Microsoft\u00a9 Project Professional 2021<\/b><b style=\"color: var( --e-global-color-text ); font-size: 14px;\">:&nbsp;<\/b><\/span><span style=\"font-size: 14px; text-align: center; color: var( --e-global-color-text );\">Verbessern Sie die Projektauswahl und die p\u00fcnktliche Lieferung. Verwalten Sie Ihre Projekte effizienter mit den richtigen Zeitpl\u00e4nen, Budgets und Ressourcen.<\/span><span style=\"font-size: 14px; text-align: center; color: var( --e-global-color-text );\"><br><\/span><\/div>\n<p><strong>Merkmale:<\/strong><\/p>\n<ul>\n<li>Informative Berichte \u2013 Integrierte Berichte wie Burndown und Ressourcen\u00fcbersicht bieten Stakeholdern Einblicke, um bessere Ergebnisse zu erzielen.<\/li>\n<li>Visualisieren Sie Beziehungen \u2013 die Hervorhebung des Aufgabenpfads in Gantt-Diagrammen macht die Beziehungen zwischen Aufgaben sichtbar.<\/li>\n<li>Arbeitszeitnachweise \u2013 Senden Sie Arbeitszeitnachweise, um die f\u00fcr Projekt- und Nichtprojektarbeit aufgewendete Zeit f\u00fcr die Gehaltsabrechnung, Rechnungsstellung und mehr zu erfassen.<\/li>\n<li>Zusammenarbeit \u2013 Bewegen Sie den Mauszeiger \u00fcber die Namen der Teammitglieder in einem Projektplan, um ihre Onlinepr\u00e4senz anzuzeigen und Chats oder Anrufe \u00fcber Microsoft Teams for Business (separat lizenziert) zu starten.<\/li>\n<li>Vorgefertigte Vorlagen helfen Ihnen, Ihr Projekt auf den richtigen Weg zu bringen.<\/li>\n<li>Synchronisieren Sie mit Project Online und Project Server.<\/li>\n<li>Senden Sie Arbeitszeitnachweise, um die f\u00fcr Projektarbeit und andere Arbeiten aufgewendete Zeit zu erfassen.<\/li>\n<li>F\u00fchren Sie Was-w\u00e4re-wenn-Szenarien durch, um Ihre Aufgabenzuweisungen optimal zu nutzen.<\/li>\n<li>Start- und Enddaten werden automatisch basierend auf Abh\u00e4ngigkeiten ausgef\u00fcllt.<\/li>\n<li>Stellen Sie komplexe Zeitpl\u00e4ne visuell mit mehreren integrierten Zeitleisten dar.<\/li>\n<\/ul>\n<p>Reduzieren Sie Ineffizienzen und Schulungszeiten mit automatisierten Planungstools. Verwalten Sie Ressourcen effektiv, um Projektteams aufzubauen. Treffen Sie fundierte Entscheidungen mit integrierten Berichten.<\/p>\n<p>Hinweis: Der Aktivierungsschl\u00fcssel kann nicht an Ihr Microsoft-Konto gebunden werden.<\/p>\n<p><span style=\"font-size: 14px; color: var( --e-global-color-text );\">Weitere MS-Produkte&nbsp;<\/span><a style=\"font-size: 14px; background-color: #ffffff;\" href=\"https:\/\/msbestkeys.com\/de\/shop\/\">Hier.<\/a><\/p>\n<h4><strong>Weitere Produkte finden Sie in MS Best Original Keys<br><\/strong><\/h4>\n<p><strong>Windows-Betriebssysteme:&nbsp;&nbsp;<a href=\"https:\/\/msbestkeys.com\/de\/produkt\/windows-11-professional-activation-key-global\/\">Windows 11<\/a>&nbsp;\u2013&nbsp;<a href=\"https:\/\/msbestkeys.com\/de\/produkt\/windows-10-professional-activation-key-global\/\">Windows 10<\/a>&nbsp;\u2013&nbsp;<a href=\"https:\/\/msbestkeys.com\/de\/produkt\/windows-8-professional-activation-key-global\/\">Windows 8<\/a><\/strong><\/p>\n<p><strong>Microsoft Office-Suiten:&nbsp;<a href=\"https:\/\/msbestkeys.com\/de\/produkt\/microsoft-office-2021-professional-plus\/\">B\u00fcro 2021<\/a>&nbsp;\u2013<a href=\"https:\/\/msbestkeys.com\/de\/produkt\/microsoft-office-2019-professional-plus\/\">&nbsp;B\u00fcro 2019<\/a>&nbsp;\u2013&nbsp;<a href=\"https:\/\/msbestkeys.com\/de\/produkt\/microsoft-office-2016-professional-plus\/\">B\u00fcro 2016<\/a>&nbsp;\u2013&nbsp;<a href=\"https:\/\/msbestkeys.com\/de\/produkt\/microsoft-office-2021-home-and-business-mac\/\">Office f\u00fcr Mac<\/a><\/strong><\/p>\n<p><strong>Antivirus:&nbsp;<a href=\"https:\/\/msbestkeys.com\/de\/produkt-kategorie\/antivirus-security\/\">Kaspersky \u2013 ESET \u2013 Avast \u2013 AVG<\/a><\/strong><\/p>\t\t\t\t\t\t\t\t<\/div>\n\t\t\t\t<\/div>\n\t\t\t\t<div class=\"elementor-element elementor-element-126c99d elementor-widget elementor-widget-html\" data-id=\"126c99d\" data-element_type=\"widget\" data-e-type=\"widget\" data-widget_type=\"html.default\">\n\t\t\t\t<div class=\"elementor-widget-container\">\n\t\t\t\t\t<!-- ADD THIS TEMPLATE TO EVERY PRODUCT PAGE -->\n<!-- Place this AFTER the product title and price but BEFORE the main description -->\n\n<style>\n\/* Product Page Enhancement Styles *\/\n.product-trust-section { margin: 30px 0; }\n.license-type-badge { background: linear-gradient(135deg, #6366f1 0%, #8b5cf6 100%); color: white; padding: 8px 20px; border-radius: 25px; display: inline-block; font-weight: 600; margin-bottom: 20px; }\n.product-info-grid { display: grid; grid-template-columns: repeat(auto-fit, minmax(250px, 1fr)); gap: 20px; margin: 30px 0; }\n.info-card { background: #f9fafb; border: 2px solid #e5e7eb; padding: 20px; border-radius: 12px; transition: all 0.3s ease; }\n.info-card:hover { border-color: #6366f1; background: white; transform: translateY(-2px); }\n.info-card h4 { color: #1f2937; margin-bottom: 10px; display: flex; align-items: center; gap: 10px; }\n.info-card p { color: #6b7280; line-height: 1.6; margin: 0; }\n.trust-badges { display: flex; flex-wrap: wrap; gap: 75px; align-items: center; justify-content: center; margin: 30px 0; padding: 25px; background: #f3f4f6; border-radius: 12px; }\n.trust-badge { display: flex; align-items: center; gap: 8px; }\n.trust-badge img { height: 100; width: 100px;}\n.delivery-banner { background: linear-gradient(135deg, #10b981 0%, #059669 100%); color: white; padding: 20px; border-radius: 12px; text-align: center; margin: 20px 0; }\n.compatibility-box { background: #fef3c7; border: 2px solid #f59e0b; padding: 20px; border-radius: 12px; margin: 20px 0; }\n.refund-notice { background: #dbeafe; border-left: 4px solid #3b82f6; padding: 20px; border-radius: 8px; margin: 20px 0; }\n.security-badges { display: flex; gap: 15px; margin: 20px 0; justify-content: center; flex-wrap: wrap; }\n.security-badge { background: white; padding: 15px 25px; border-radius: 8px; box-shadow: 0 2px 10px rgba(0,0,0,0.1); display: flex; align-items: center; gap: 10px; }\n.rating-section { background: white; border: 2px solid #e5e7eb; padding: 25px; border-radius: 12px; margin: 30px 0; }\n.star-rating {color: #fbbf24; font-size: 20px;}\n<\/style>\n\n<!-- License Type Badge (Customize per product) -->\n<div class=\"product-trust-section\">\n    <span class=\"license-type-badge\">\ud83d\udd11 RETAIL\/OEM LICENSE - Full Version<\/span>\n    <!-- Options: RETAIL LICENSE, OEM LICENSE, VOLUME LICENSE -->\n<\/div>\n\n<!-- Product Key Information Grid -->\n<div class=\"product-info-grid\">\n    <div class=\"info-card\">\n        <h4>\ud83d\udce6 What You Get<\/h4>\n        <p>One (1) genuine product key for permanent activation of <strong>Microsoft Project Professional 2021<\/strong>. This is a digital license - no physical shipment.<\/p>\n    <\/div>\n    \n    <div class=\"info-card\">\n        <h4>\u26a1 Delivery Method<\/h4>\n        <p>Instant email delivery within 2-5 minutes. License key and download link sent directly to your inbox.<\/p>\n    <\/div>\n    \n    <div class=\"info-card\">\n        <h4>\ud83d\udee1\ufe0f License Type<\/h4>\n        <p>Retail\/OEM license for 1 PC. Lifetime validity with free reactivation support if you change hardware.<\/p>\n    <\/div>\n    \n    <div class=\"info-card\">\n        <h4>\ud83d\udcb0 Refund Policy<\/h4>\n        <p>30-day money back guarantee if activation fails. See our <a href=\"\/de\/refund-returns-policy\/\">refund policy<\/a> for details.<\/p>\n    <\/div>\n<\/div>\n\n<!-- Instant Delivery Banner -->\n<div class=\"delivery-banner\">\n    <h3 style=\"margin: 0 0 10px 0;\">\u26a1 INSTANT DIGITAL DELIVERY<\/h3>\n    <p style=\"margin: 0;\">Your license key will be emailed within 5 minutes of purchase - No waiting!<\/p>\n<\/div>\n\n<!-- Compatibility Notice (Customize per product) -->\n<div class=\"compatibility-box\">\n    <h4 style=\"margin: 0 0 10px 0;\">\u26a0\ufe0f System Requirements & Compatibility<\/h4>\n    <ul style=\"margin: 0; padding-left: 20px;\">\n        <li><strong>Kompatibel mit: <\/strong> Windows 10, Windows 11 (64-bit versions)<\/li>\n        <li><strong>Prozessor:<\/strong> 1 GHz oder schneller<\/li>\n        <li><strong>RAM:<\/strong> 4 GB minimum<\/li>\n        <li><strong>Lagerung:<\/strong> 4 GB available space<\/li>\n        <li><strong>Internet connection required for activation<\/strong><\/li>\n    <\/ul>\n<\/div>\n\n<!-- Terms of Use -->\n<div class=\"info-card\" style=\"margin: 20px 0;\">\n    <h4>\ud83d\udccb Terms of Use<\/h4>\n    <ul style=\"margin: 10px 0 0 0; padding-left: 20px; color: #6b7280;\">\n        <li>For use on one (1) PC only - Multiple PC (if key allow more than 1 PC)<\/li>\n        <li>Cannot be used for commercial deployment<\/li>\n        <li>Activation requires internet connection<\/li>\n        <li>Subject to Microsoft's End User License Agreement<\/li>\n        <li>Not for resale - end user license only<\/li>\n        <li>Wenn Sie Wiederverk\u00e4ufer sind, schreiben Sie uns eine E-Mail an  \n            <a href=\"mailto:co*****@********ys.com\" data-original-string=\"\/MxAGDGW9e3AiV2I\/tkvvA==d7f\/3R4o4PYBlPH1u3EYYBd\/yfnTJW11Sm5C3WQAY7gVIo=\" title=\"Dieser Kontakt wurde von Anti-Spam by CleanTalk verschl\u00fcsselt. Klicken Sie hier, um ihn zu entschl\u00fcsseln. Um die Entschl\u00fcsselung abzuschlie\u00dfen, stellen Sie sicher, dass JavaScript in Ihrem Browser aktiviert ist.\" >\n                <span \n                data-original-string='BODD6IeFPzn\/VaALP\/YE7A==d7fQYJjwZJq0LTS3d\/6LX2wubNNVmVZ3927pMQCmLtNYVc='\n                class='apbct-email-encoder'\n                title='Dieser Kontakt wurde von Anti-Spam by CleanTalk verschl\u00fcsselt. Klicken Sie hier, um ihn zu entschl\u00fcsseln. Um die Entschl\u00fcsselung abzuschlie\u00dfen, stellen Sie sicher, dass JavaScript in Ihrem Browser aktiviert ist.'>co<span class=\"apbct-blur\">*****<\/span>@<span class=\"apbct-blur\">********<\/span>ys.com<\/span>\n            <\/a>\n            und wir senden Ihnen eine ma\u00dfgeschneiderte Preisliste. Lassen Sie uns zusammenarbeiten!\n        <\/li>\n    <\/ul>\n<\/div>\n\n<!-- Refund Notice -->\n<div class=\"refund-notice\">\n    <p style=\"margin: 0;\">\n        <strong>\u2705 30-Day Money Back Guarantee:<\/strong> This product is eligible for a full refund within 30 days if you experience activation issues that our support team cannot resolve. <a href=\"\/de\/refund-returns-policy\/\">Learn more<\/a>\n    <\/p>\n<\/div>\n\n<!-- Trust Badges Section -->\n<div class=\"trust-badges\" style=\"align-items: center;\">\n    <div class=\"trust-badge\">\n        <img decoding=\"async\" src=\" \/wp-content\/uploads\/2025\/07\/Microsoft.webp\"  alt=\"Microsoft Partner\">\n        <span><strong>Microsoft<\/strong><br>Certified Partner<\/span>\n    <\/div>\n    <div class=\"trust-badge\">\n        <img decoding=\"async\" src=\"\/wp-content\/uploads\/2025\/07\/SSL-Secure-Checkout.webp\" alt=\"SSL Secure\">\n        <span><strong>SSL<\/strong><br>Secure Checkout<\/span>\n    <\/div>\n    <div class=\"trust-badge\">\n        <img decoding=\"async\" src=\"\/wp-content\/uploads\/2025\/07\/istockphoto-1004476412-612x612-removebg-preview.webp\" alt=\"Money Back\">\n        <span><strong>30-Day<\/strong><br>Money Back<\/span>\n    <\/div>\n    <div class=\"trust-badge\">\n        <img decoding=\"async\" src=\"\/wp-content\/uploads\/2025\/07\/Email-Delivery.webp\" alt=\"Instant Delivery\">\n        <span><strong>Instant<\/strong><br>Email Delivery<\/span>\n    <\/div>\n<\/div>\n\n<!-- Payment Security Badges -->\n<div class=\"security-badges\">\n    <div class=\"security-badge\">\n        <img decoding=\"async\" src=\"https:\/\/msbestkeys.com\/wp-content\/uploads\/2025\/05\/paypal-icon-1.png.webp\" alt=\"PayPal\" width=\"150px\" height=\"40\">\n    <\/div>\n    <div class=\"security-badge\">\n        <img decoding=\"async\" src=\"https:\/\/msbestkeys.com\/wp-content\/uploads\/2025\/05\/stripe-icon-1.png.webp\" alt=\"Stripe\" width=\"150px\" height=\"40\" style=\"max-width: 120px;\">\n    <\/div>\n    <div class=\"security-badge\">\n        <img decoding=\"async\" src=\"https:\/\/msbestkeys.com\/wp-content\/uploads\/2025\/07\/secure-payment.webp\" alt=\"Secure\" width=\"150px\" height=\"70\" style=\"max-width: 120px;\">\n    <\/div>\n    <!-- <div class=\"security-badge\">\n        <svg height=\"40\" viewBox=\"0 0 80 40\" fill=\"none\" xmlns=\"http:\/\/www.w3.org\/2000\/svg\">\n            <rect width=\"80\" height=\"40\" rx=\"4\" fill=\"#5469D4\"\/>\n            <path d=\"M25 15L35 25L55 15\" stroke=\"white\" stroke-width=\"2\"\/>\n            <text x=\"40\" y=\"35\" text-anchor=\"middle\" fill=\"white\" font-size=\"8\" font-family=\"Arial\">SECURE<\/text>\n        <\/svg>\n    <\/div> -->\n<\/div>\n\n<!-- Customer Rating Section -->\n<div class=\"rating-section\">\n    <h4 style=\"margin: 0 0 15px 0;\">Customer Satisfaction<\/h4>\n    <div style=\"display: flex; align-items: center; gap: 15px;\">\n        <div class=\"star-rating\">\u2605\u2605\u2605\u2605\u2605<\/div>\n        <span style=\"font-size: 16px; color: #1f2937;\">4.8\/5<\/span>\n    <\/div>\n        <span style=\"color: #6b7280;\">(Based on 1,247 verified purchases)<\/span>\n    <p style=\"margin: 15px 0 0 0; color: #6b7280;\">\n        \u2713 98% successful activation rate<br>\n        \u2713 24\/7 technical support<br>\n        \u2713 Trusted by thousands of customers worldwide\n    <\/p>\n<\/div>\n\n<!-- Support Notice -->\n<div style=\"background: #f0fdf4; border: 2px solid #86efac; padding: 20px; border-radius: 12px; margin: 20px 0; text-align: center;\">\n    <h4 style=\"color: #166534; margin: 0 0 10px 0;\">\ud83c\udd98 Need Help? We're Here 24\/7<\/h4>\n    <p style=\"color: #15803d; margin: 0 0 15px 0;\">Our expert support team is ready to assist with installation and activation<\/p>\n    <div style=\"display: flex; gap: 20px; justify-content: center; flex-wrap: wrap;\">\n        <a href=\"https:\/\/wa.me\/19375604830\" style=\"background: #25D366; color: white; padding: 10px 20px; border-radius: 25px; text-decoration: none; display: inline-flex; align-items: center; gap: 8px;\" rel=\"noopener\">\n            <svg width=\"20\" height=\"20\" viewbox=\"0 0 24 24\" fill=\"white\"><path d=\"M17.472 14.382c-.297-.149-1.758-.867-2.03-.967-.273-.099-.471-.148-.67.15-.197.297-.767.966-.94 1.164-.173.199-.347.223-.644.075-.297-.15-1.255-.463-2.39-1.475-.883-.788-1.48-1.761-1.653-2.059-.173-.297-.018-.458.13-.606.134-.133.298-.347.446-.52.149-.174.198-.298.298-.497.099-.198.05-.371-.025-.52-.075-.149-.669-1.612-.916-2.207-.242-.579-.487-.5-.669-.51-.173-.008-.371-.01-.57-.01-.198 0-.52.074-.792.372-.272.297-1.04 1.016-1.04 2.479 0 1.462 1.065 2.875 1.213 3.074.149.198 2.096 3.2 5.077 4.487.709.306 1.262.489 1.694.625.712.227 1.36.195 1.871.118.571-.085 1.758-.719 2.006-1.413.248-.694.248-1.289.173-1.413-.074-.124-.272-.198-.57-.347m-5.421 7.403h-.004a9.87 9.87 0 01-5.031-1.378l-.361-.214-3.741.982.998-3.648-.235-.374a9.86 9.86 0 01-1.51-5.26c.001-5.45 4.436-9.884 9.888-9.884 2.64 0 5.122 1.03 6.988 2.898a9.825 9.825 0 012.893 6.994c-.003 5.45-4.437 9.884-9.885 9.884m8.413-18.297A11.815 11.815 0 0012.05 0C5.495 0 .16 5.335.157 11.892c0 2.096.547 4.142 1.588 5.945L.057 24l6.305-1.654a11.882 11.882 0 005.683 1.448h.005c6.554 0 11.89-5.335 11.893-11.893a11.821 11.821 0 00-3.48-8.413Z\"\/><\/svg>\n            WhatsApp Support\n        <\/a>\n        <a href=\"mailto:co*****@********ys.com\" data-original-string=\"QTxnIpk8122yCVhybD2fZA==d7fA4v5LBHjHq1kbobKHQK+zLTiI+L6zy+rO0b6ufF\/xYc=\" title=\"Dieser Kontakt wurde von Anti-Spam by CleanTalk verschl\u00fcsselt. Klicken Sie hier, um ihn zu entschl\u00fcsseln. Um die Entschl\u00fcsselung abzuschlie\u00dfen, stellen Sie sicher, dass JavaScript in Ihrem Browser aktiviert ist.\" style=\"background: #6366f1; color: white; padding: 10px 20px; border-radius: 25px; text-decoration: none;\">\n            \ud83d\udce7 Email Support\n        <\/a>\n    <\/div>\n<\/div>\t\t\t\t<\/div>\n\t\t\t\t<\/div>\n\t\t\t\t<\/div>\n\t\t\t\t\t<\/div>\n\t\t\t\t<\/div>\n\t\t\t\t<\/div>","protected":false},"excerpt":{"rendered":"<p>Microsoft Project Professional 2021 ist eine leistungsstarke Projektmanagementsoftware, mit der Sie Ihre Projekte effizienter verwalten k\u00f6nnen. Es bietet Funktionen wie informative Berichte, Hervorhebung von Aufgabenpfaden, Arbeitszeitnachweise und Tools zur Zusammenarbeit, um die Projektauswahl und p\u00fcnktliche Lieferung zu verbessern. Bei diesem Produkt handelt es sich um eine Einzelbenutzerlizenz f\u00fcr einen PC.<\/p>\n<p class=\"whitespace-normal break-words\"><strong>\u2705 Instant Delivery\u00a0 \u2705 30-Day Guarantee \u2705 Professional Features<\/strong><\/p>\n<p><strong>\u2714\ufe0e\u00a0 \u00a0 \u00a0 AUTHENTIC RETAIL LICENSE<\/strong><\/p>\n<p><strong>\u2714\ufe0e SOFORTIGER DIGITALER DOWNLOAD<\/strong><\/p>\n<p><strong>\u2714\ufe0e DAUERHAFTE UNTERST\u00dcTZUNG<\/strong><\/p>\n<p><img loading=\"lazy\" decoding=\"async\" class=\"wd-lazy-fade  wp-image-31863\" src=\"https:\/\/msbestkeys.com\/wp-content\/themes\/woodmart\/images\/lazy.svg\" data-src=\"https:\/\/msbestkeys.com\/wp-content\/uploads\/2025\/07\/Trusted-Shop.webp\" alt=\"Trusted Shop Msbestkeys\" width=\"257\" height=\"72\" srcset=\"\" data-srcset=\"https:\/\/msbestkeys.com\/wp-content\/uploads\/2025\/07\/Trusted-Shop.webp 600w, https:\/\/msbestkeys.com\/wp-content\/uploads\/2025\/07\/Trusted-Shop-400x112.webp 400w, https:\/\/msbestkeys.com\/wp-content\/uploads\/2025\/07\/Trusted-Shop-18x5.webp 18w, https:\/\/msbestkeys.com\/wp-content\/uploads\/2025\/07\/Trusted-Shop-300x84.webp 300w\" sizes=\"auto, (max-width: 257px) 100vw, 257px\" \/><\/p>","protected":false},"featured_media":31104,"comment_status":"open","ping_status":"closed","template":"","meta":{"_monsterinsights_skip_tracking":false,"_monsterinsights_sitenote_active":false,"_monsterinsights_sitenote_note":"","_monsterinsights_sitenote_category":0},"product_brand":[185],"product_cat":[24,36],"product_tag":[88,89],"class_list":{"0":"post-3517","1":"product","2":"type-product","3":"status-publish","4":"has-post-thumbnail","6":"product_brand-microsoft","7":"product_cat-all-products","8":"product_cat-office-products","9":"product_tag-microsoft","10":"product_tag-microsoft-project-professional","12":"first","13":"instock","14":"sale","15":"taxable","16":"shipping-taxable","17":"purchasable","18":"product-type-simple"},"_links":{"self":[{"href":"https:\/\/msbestkeys.com\/de\/wp-json\/wp\/v2\/product\/3517","targetHints":{"allow":["GET"]}}],"collection":[{"href":"https:\/\/msbestkeys.com\/de\/wp-json\/wp\/v2\/product"}],"about":[{"href":"https:\/\/msbestkeys.com\/de\/wp-json\/wp\/v2\/types\/product"}],"replies":[{"embeddable":true,"href":"https:\/\/msbestkeys.com\/de\/wp-json\/wp\/v2\/comments?post=3517"}],"version-history":[{"count":0,"href":"https:\/\/msbestkeys.com\/de\/wp-json\/wp\/v2\/product\/3517\/revisions"}],"wp:featuredmedia":[{"embeddable":true,"href":"https:\/\/msbestkeys.com\/de\/wp-json\/wp\/v2\/media\/31104"}],"wp:attachment":[{"href":"https:\/\/msbestkeys.com\/de\/wp-json\/wp\/v2\/media?parent=3517"}],"wp:term":[{"taxonomy":"product_brand","embeddable":true,"href":"https:\/\/msbestkeys.com\/de\/wp-json\/wp\/v2\/product_brand?post=3517"},{"taxonomy":"product_cat","embeddable":true,"href":"https:\/\/msbestkeys.com\/de\/wp-json\/wp\/v2\/product_cat?post=3517"},{"taxonomy":"product_tag","embeddable":true,"href":"https:\/\/msbestkeys.com\/de\/wp-json\/wp\/v2\/product_tag?post=3517"}],"curies":[{"name":"wp","href":"https:\/\/api.w.org\/{rel}","templated":true}]}}