{"id":3598,"date":"2023-06-24T05:43:59","date_gmt":"2023-06-24T05:43:59","guid":{"rendered":"https:\/\/h-perpro.com\/?post_type=product&#038;p=3598"},"modified":"2025-07-04T17:41:35","modified_gmt":"2025-07-04T17:41:35","slug":"microsoft-office-365-professional-plus","status":"publish","type":"product","link":"https:\/\/msbestkeys.com\/de\/produkt\/microsoft-office-365-professional-plus\/","title":{"rendered":"Microsoft office 365 professional plus Private account \u2013 Windows\/Mac os \u2013GLOBAL\u2013"},"content":{"rendered":"<div data-elementor-type=\"wp-post\" data-elementor-id=\"3598\" class=\"elementor elementor-3598\" data-elementor-post-type=\"product\">\n\t\t\t\t\t\t<section class=\"wd-negative-gap elementor-section elementor-top-section elementor-element elementor-element-278ba284 elementor-section-boxed elementor-section-height-default elementor-section-height-default\" data-id=\"278ba284\" data-element_type=\"section\" data-e-type=\"section\">\n\t\t\t\t\t\t<div class=\"elementor-container elementor-column-gap-default\">\n\t\t\t\t\t<div class=\"elementor-column elementor-col-100 elementor-top-column elementor-element elementor-element-7f4915f9\" data-id=\"7f4915f9\" data-element_type=\"column\" data-e-type=\"column\">\n\t\t\t<div class=\"elementor-widget-wrap elementor-element-populated\">\n\t\t\t\t\t\t<div class=\"elementor-element elementor-element-67655794 color-scheme-inherit text-left elementor-widget elementor-widget-text-editor\" data-id=\"67655794\" data-element_type=\"widget\" data-e-type=\"widget\" data-widget_type=\"text-editor.default\">\n\t\t\t\t<div class=\"elementor-widget-container\">\n\t\t\t\t\t\t\t\t\t<h2 style=\"text-align: center;\"><strong>Microsoft office 365 Professional Plus<\/strong><\/h2><h5 style=\"text-align: center;\"><strong>Windows, Mac OS, Mobile<\/strong><\/h5><div><strong>\u00a0<\/strong><\/div><p>Halten Sie Ihre Ideen so fest, wie es Ihnen am besten gef\u00e4llt \u2013 mit einer Tastatur, einem Stift oder einem Touchscreen.<br \/>Formatieren Sie Informationen in Excel ganz einfach mit Tools, die Ihr Muster erkennen und Daten automatisch vervollst\u00e4ndigen.<br \/>Integrieren Sie problemlos Inhalte aus PDFs, um Ihre eigenen ansprechenden Word-Dokumente zu erstellen.<br \/>Entwerfen Sie individuelle Marketingmaterialien, die zu Ihrer Marke und Ihren Kunden passen.<br \/>Skype for Business-Client f\u00fcr PC und Mac verf\u00fcgbar; Skype for Business-Dienst nicht inbegriffen.<\/p><h3><strong>Microsoft office 365 Professional Plus on PCs, tablets, and phones<\/strong><\/h3><p>Genie\u00dfen Sie eine vollst\u00e4ndig installierte Office-Erfahrung auf PCs, Macs, Windows-Tablets, iPad\u00ae- und Android\u2122-Tablets und den meisten Mobilger\u00e4ten. Jeder Benutzer kann Office 365 auf PCs oder Macs, Tablets (Windows, iPad und Android) und Telefonen installieren.<\/p><h3><strong>Tooltip f\u00fcr die Office-Suite mit Einzelheiten zu Verf\u00fcgbarkeit und Funktionen von Publisher und Skype for Business. Enth\u00e4lt die neuesten Office-Apps f\u00fcr Ihren PC und Mac.<\/strong><\/h3><ol><li>WORT 2019<\/li><li>EXCEL 2019<\/li><li>POWERPOINT 2019<\/li><li>AUSBLICK 2019<\/li><li>EINE ANMERKUNG 2019<\/li><li>PUBLISHER 2019 (nur PC-Version)<\/li><li>ACCESS 2019 (nur PC-Version)<\/li><\/ol><h3><strong>Schnelle Lieferung (innerhalb von 1 Stunde)<\/strong><\/h3><ul><li>KEINE CD\/DVD!<\/li><li>Wir stellen Ihnen ein Microsoft Office 365-Konto und ein Passwort zur Verf\u00fcgung. Das Installationsprogramm erhalten Sie direkt von Microsoft.\u00a0<a href=\"https:\/\/www.microsoft.com\/en-us\/microsoft-365\/business\/microsoft-365-apps-for-enterprise-product\" rel=\"noopener\">Webseite<\/a>\u00a0sobald die Zahlung erfolgt ist.<\/li><li>100% Original.<\/li><li>Wird automatisch von Microsoft aktualisiert<\/li><li>Unterst\u00fctzt alle Sprachen<\/li><\/ul><p>Holen Sie sich Ihr echtes 100%-Abonnement f\u00fcr ein lebenslanges Microsoft Office 365-Konto zu einem g\u00fcnstigen Preis! Aktivieren Sie Ihr Office ganz einfach und schnell mit einem Premium-Konto. Unser Produkt ist weder gecrackt noch als Testversion, Betaversion, Raubkopie oder gehackt. Passen Sie Ihren Anmeldenamen an und erhalten Sie 5 TB Cloud-Speicher f\u00fcr alle Ihre Dateien und Fotos auf OneDrive. Sie k\u00f6nnen sowohl die 32-Bit- als auch die 64-Bit-Version aktivieren und Ihr Produkt aktualisieren und neu installieren. Es ist f\u00fcr alle Ger\u00e4te geeignet und unterst\u00fctzt alle Sprachen. Die Lieferung unseres Kontos erfolgt superschnell. Sie erhalten es voraussichtlich innerhalb von 60 Minuten oder maximal 24 Stunden per Chat. Kaufen Sie jetzt und genie\u00dfen Sie lebenslangen Zugriff auf diese vollst\u00e4ndige Einzelhandelsvision x32\/64!<\/p><h3>Stichworte:<\/h3><ul><li>Microsoft Student<\/li><li>Microsoft Office 365-Konto<\/li><li>Student<\/li><li>B\u00fcro &amp; Gesch\u00e4ft<\/li><li>Microsoft-Produkte<\/li><li>Vorgehensweise<\/li><li>Privatkonto<\/li><li>OneDrive-Cloudspeicher<\/li><li>Lebenslanger Zugriff<\/li><li>Echt<\/li><li>Namen anpassen<\/li><li>32bit\/64bit Versionen<\/li><li>5 TB Cloud-Speicher<\/li><li>Schnelle Lieferung<\/li><li>msbestkeys.com<\/li><\/ul><h3>Kategorie und Unterkategorie:<\/h3><p>Kategorie: Digital<\/p><p>Unterkategorie: Computer\/Tablets &amp; Netzwerk &gt; Software &gt; Bild, Video &amp; Audio &gt; B\u00fcro &amp; Business<\/p><ul><li>100% Original Office ohne Erneuerungsbedarf<\/li><li>Enth\u00e4lt OneDrive-Cloud-Speicher f\u00fcr einfachen Zugriff auf Ihre Dateien von jedem Ger\u00e4t aus<\/li><li>Passen Sie Ihr Office 365-Konto mit Ihrem bevorzugten Namen an<\/li><li>Zuf\u00e4llig generierter Anmeldename f\u00fcr eine schnelle und einfache Einrichtung<\/li><li>Funktioniert sowohl mit 32-Bit- als auch mit 64-Bit-Versionen<\/li><li>Kann aktualisiert und neu installiert werden<\/li><li>Lebenslange Nutzung nach einmaliger Aktivierung<\/li><li>Vollst\u00e4ndige Einzelhandelsvision x32\/64<\/li><li>Offizielle Originalgarantie f\u00fcr ein sorgenfreies Arbeiten<\/li><li>Schnelle Kontoerstellung innerhalb von 60 Minuten bis 24 Stunden<\/li><li>5 TB Cloud-Speicher f\u00fcr alle Ihre Dateien und Fotos<\/li><li>Garantiert originale und Malware-freie Software<\/li><li>Einmalzahlung f\u00fcr lebenslangen Zugriff<\/li><li>Unterst\u00fctzt alle Sprachen und Ger\u00e4te<\/li><li>Geeignet f\u00fcr Windows, MacBook, Tablets und Telefone mit iOS und Android<\/li><li>Geld-zur\u00fcck-Garantie, wenn es nicht funktioniert<\/li><\/ul><p>??? Microsoft Student, Microsoft Office 365-Konto, Office und Business, Microsoft-Produkte, Anleitungen, ?? msbestkeys.com<\/p><p>??? Microsoft Office 365-Konto f\u00fcr Studenten, ?? Office und Business, ?? Microsoft-Produkte, ? Anleitungen, ?? msbestkeys.com<\/p><p>?\ufe0f?? Microsoft Office 365, ? Office und Business, ? Bild, Video und Audio, ? Computer\/Tablets und Netzwerke, ? msbestkeys.com<\/p><h3><strong>H\u00e4ufig gestellte Fragen<\/strong><\/h3><p><strong>F: Was bekomme ich, nachdem ich es gekauft habe?<\/strong><\/p><p>Dies ist ein NEUES Konto, es gibt keine CD\/DVD, keine physische Kopie, keinen Lizenzschl\u00fcssel und keinen Seriencode! Wenn Sie Fragen oder Bedenken haben, senden Sie uns bitte vor dem Kauf eine Nachricht.<\/p><p><strong>F: Wie funktioniert es?<\/strong><\/p><p>A: Sie erhalten eine Konto-E-Mail und ein Konto-Passwort. Anschlie\u00dfend m\u00fcssen Sie sich anmelden bei <a href=\"https:\/\/www.office.com\/\" rel=\"noopener\">www.office.com <\/a><u><\/u>mit dieser Konto-E-Mail<\/p><p>und Passwort (PS: Sie k\u00f6nnen nur das Kontopasswort \u00e4ndern, nicht Ihren Kontonamen oder Ihre E-Mail-Adresse)<\/p><p><strong>F: Sind diese Lizenzen legitim?<\/strong><\/p><p>A: Ja, die Lizenzen sind legitim und authentisch. Bei der Lizenz handelt es sich um eine Gesch\u00e4ftslizenz, die Teil einer akademischen Lizenz ist.<\/p><p><strong>F: Kann ich bei Bedarf in Zukunft die Hilfe des Microsoft-Kundendienstes in Anspruch nehmen?<\/strong><\/p><p>A: Ja, Sie k\u00f6nnen Support direkt von Microsoft erhalten.<\/p><p><strong style=\"color: #333333;\"><strong>Q: <\/strong>Welches Betriebssystem wird unterst\u00fctzt?<\/strong><\/p><p>A: Die Lizenzen funktionieren sowohl auf x86- (32 Bit) als auch auf x64- (64 Bit) Versionen von Windows (7 oder h\u00f6her) und auch auf Mac (OS 10.10 oder h\u00f6her).<\/p><p><strong><strong style=\"color: #333333;\">Q: <\/strong>Kann ich dies mit Android und iPhones oder iPads verwenden?<\/strong><\/p><p>A: Ja, laden Sie die entsprechenden Apps aus dem App Store herunter und melden Sie sich mit dem Konto an, um sie auf Ihrem Ger\u00e4t zu aktivieren.<\/p><p><strong style=\"color: #333333;\"><strong>Q: <\/strong>Auf meinem Ger\u00e4t ist bereits eine \u00e4ltere Version von Office installiert. Was soll ich tun?<\/strong><\/p><p>A: Wir empfehlen, dies zu entfernen, bevor Sie Anwendungen vom neuen Konto installieren<\/p><p>Weitere MS-Produkte\u00a0<strong><a href=\"https:\/\/msbestkeys.com\/de\/produkt-kategorie\/microsoft-office\/\">Hier<\/a>.<\/strong><\/p><div class=\"mt-1 flex gap-3 empty:hidden juice:-ml-3\"><div class=\"flex items-center\"><h4><strong>Weitere Produkte finden Sie in MS Best Original Keys <br \/><\/strong><\/h4><p><strong>Windows-Betriebssysteme:\u00a0 <a href=\"https:\/\/msbestkeys.com\/de\/produkt\/windows-11-professional-activation-key-global\/\">Windows 11<\/a> \u2013 <a href=\"https:\/\/msbestkeys.com\/de\/produkt\/windows-10-professional-activation-key-global\/\">Windows 10<\/a> \u2013 <a href=\"https:\/\/msbestkeys.com\/de\/produkt\/windows-8-professional-activation-key-global\/\">Windows 8<\/a><\/strong><\/p><p><strong>Microsoft Office-Suiten:\u00a0 <a href=\"https:\/\/msbestkeys.com\/de\/produkt\/microsoft-office-2021-professional-plus\/\">B\u00fcro 2021<\/a> \u2013<a href=\"https:\/\/msbestkeys.com\/de\/produkt\/microsoft-office-2019-professional-plus\/\"> B\u00fcro 2019<\/a> \u2013 <a href=\"https:\/\/msbestkeys.com\/de\/produkt\/microsoft-office-2016-professional-plus\/\">B\u00fcro 2016<\/a> \u2013 <a href=\"https:\/\/msbestkeys.com\/de\/produkt\/microsoft-office-2021-home-and-business-mac\/\">Office f\u00fcr Mac<\/a><\/strong><\/p><p><strong>Antivirus:\u00a0 <a href=\"https:\/\/msbestkeys.com\/de\/produkt-kategorie\/antivirus-security\/\">Kaspersky \u2013 ESET \u2013 Avast \u2013 AVG<\/a><\/strong><\/p><\/div><\/div>\t\t\t\t\t\t\t\t<\/div>\n\t\t\t\t<\/div>\n\t\t\t\t\t<\/div>\n\t\t<\/div>\n\t\t\t\t\t<\/div>\n\t\t<\/section>\n\t\t\t\t<\/div>","protected":false},"excerpt":{"rendered":"<p>Dieses exklusive Angebot von Microsoft 365 Professional Plus bietet Ihnen eine echte, unbefristete Lizenz f\u00fcr ein privates Konto, das Sie nach Ihren W\u00fcnschen anpassen k\u00f6nnen. Erleben Sie die Leistung der erstklassigen Produktivit\u00e4tssuite von Microsoft zu einem Bruchteil der regul\u00e4ren Kosten.<\/p>\n<p><strong>\u2714\ufe0e\u00a0 \u00a0 \u00a0 AUTHENTIC OFFICE 365 PERSONAL ACCOUNT<\/strong><\/p>\n<p><strong>\u2714\ufe0e SOFORTIGER DIGITALER DOWNLOAD<\/strong><\/p>\n<p><strong>\u2714\ufe0e DAUERHAFTE UNTERST\u00dcTZUNG<\/strong><\/p>\n<p><img loading=\"lazy\" decoding=\"async\" class=\"wd-lazy-fade  wp-image-31863\" src=\"https:\/\/msbestkeys.com\/wp-content\/themes\/woodmart\/images\/lazy.svg\" data-src=\"https:\/\/msbestkeys.com\/wp-content\/uploads\/2025\/07\/Trusted-Shop.webp\" alt=\"Trusted Shop Msbestkeys\" width=\"257\" height=\"72\" srcset=\"\" data-srcset=\"https:\/\/msbestkeys.com\/wp-content\/uploads\/2025\/07\/Trusted-Shop.webp 600w, https:\/\/msbestkeys.com\/wp-content\/uploads\/2025\/07\/Trusted-Shop-400x112.webp 400w, https:\/\/msbestkeys.com\/wp-content\/uploads\/2025\/07\/Trusted-Shop-18x5.webp 18w, https:\/\/msbestkeys.com\/wp-content\/uploads\/2025\/07\/Trusted-Shop-300x84.webp 300w\" sizes=\"auto, (max-width: 257px) 100vw, 257px\" \/><\/p>","protected":false},"featured_media":31015,"comment_status":"closed","ping_status":"closed","template":"","meta":{"_monsterinsights_skip_tracking":false,"_monsterinsights_sitenote_active":false,"_monsterinsights_sitenote_note":"","_monsterinsights_sitenote_category":0},"product_brand":[185],"product_cat":[24,46],"product_tag":[],"class_list":{"0":"post-3598","1":"product","2":"type-product","3":"status-publish","4":"has-post-thumbnail","6":"product_brand-microsoft","7":"product_cat-all-products","8":"product_cat-microsoft-office","10":"first","11":"instock","12":"sale","13":"virtual","14":"taxable","15":"purchasable","16":"product-type-simple"},"_links":{"self":[{"href":"https:\/\/msbestkeys.com\/de\/wp-json\/wp\/v2\/product\/3598","targetHints":{"allow":["GET"]}}],"collection":[{"href":"https:\/\/msbestkeys.com\/de\/wp-json\/wp\/v2\/product"}],"about":[{"href":"https:\/\/msbestkeys.com\/de\/wp-json\/wp\/v2\/types\/product"}],"replies":[{"embeddable":true,"href":"https:\/\/msbestkeys.com\/de\/wp-json\/wp\/v2\/comments?post=3598"}],"version-history":[{"count":0,"href":"https:\/\/msbestkeys.com\/de\/wp-json\/wp\/v2\/product\/3598\/revisions"}],"wp:featuredmedia":[{"embeddable":true,"href":"https:\/\/msbestkeys.com\/de\/wp-json\/wp\/v2\/media\/31015"}],"wp:attachment":[{"href":"https:\/\/msbestkeys.com\/de\/wp-json\/wp\/v2\/media?parent=3598"}],"wp:term":[{"taxonomy":"product_brand","embeddable":true,"href":"https:\/\/msbestkeys.com\/de\/wp-json\/wp\/v2\/product_brand?post=3598"},{"taxonomy":"product_cat","embeddable":true,"href":"https:\/\/msbestkeys.com\/de\/wp-json\/wp\/v2\/product_cat?post=3598"},{"taxonomy":"product_tag","embeddable":true,"href":"https:\/\/msbestkeys.com\/de\/wp-json\/wp\/v2\/product_tag?post=3598"}],"curies":[{"name":"wp","href":"https:\/\/api.w.org\/{rel}","templated":true}]}}