{"id":4368,"date":"2023-06-27T01:14:45","date_gmt":"2023-06-27T01:14:45","guid":{"rendered":"https:\/\/h-perpro.com\/?page_id=4368"},"modified":"2025-03-27T22:13:31","modified_gmt":"2025-03-27T22:13:31","slug":"terms-conditions","status":"publish","type":"page","link":"https:\/\/msbestkeys.com\/es\/terms-conditions\/","title":{"rendered":"T\u00c9RMINOS Y CONDICIONES"},"content":{"rendered":"<div data-elementor-type=\"wp-page\" data-elementor-id=\"4368\" class=\"elementor elementor-4368\" data-elementor-post-type=\"page\">\n\t\t\t\t\t\t<section class=\"wd-negative-gap elementor-section elementor-top-section elementor-element elementor-element-464a451 elementor-section-boxed elementor-section-height-default elementor-section-height-default\" data-id=\"464a451\" data-element_type=\"section\" data-e-type=\"section\">\n\t\t\t\t\t\t<div class=\"elementor-container elementor-column-gap-default\">\n\t\t\t\t\t<div class=\"elementor-column elementor-col-100 elementor-top-column elementor-element elementor-element-0ebb255\" data-id=\"0ebb255\" data-element_type=\"column\" data-e-type=\"column\">\n\t\t\t<div class=\"elementor-widget-wrap elementor-element-populated\">\n\t\t\t\t\t\t<div class=\"elementor-element elementor-element-7b90258 color-scheme-inherit text-left elementor-widget elementor-widget-text-editor\" data-id=\"7b90258\" data-element_type=\"widget\" data-e-type=\"widget\" data-widget_type=\"text-editor.default\">\n\t\t\t\t<div class=\"elementor-widget-container\">\n\t\t\t\t\t\t\t\t\t<p>Please read these Terms of Use (\u201cTerms\u201d, \u201cTerms of Use\u201d) carefully before using the msbestkeys.com website (the \u201cService\u201d) operated by <strong>B.M.O.K LLC<\/strong> (\u201cus\u201d, \u201cwe\u201d, or \u201cour\u201d).<\/p><p>Su acceso y uso del Servicio est\u00e1 condicionado a su aceptaci\u00f3n y cumplimiento de estos T\u00e9rminos. Estos T\u00e9rminos se aplican a todos los visitantes, usuarios y\u00a0<span style=\"font-size: 15px; color: var( --e-global-color-text );\">otros<\/span><\/p><p>que accedan o utilicen el Servicio.<\/p><p>Al acceder o utilizar el Servicio, usted acepta estar sujeto a estos T\u00e9rminos. Si no est\u00e1 de acuerdo con alguna parte de los t\u00e9rminos, no podr\u00e1 acceder al Servicio.<\/p>\t\t\t\t\t\t\t\t<\/div>\n\t\t\t\t<\/div>\n\t\t\t\t\t<\/div>\n\t\t<\/div>\n\t\t\t\t\t<\/div>\n\t\t<\/section>\n\t\t\t\t<section class=\"wd-negative-gap elementor-section elementor-top-section elementor-element elementor-element-9076253 elementor-section-boxed elementor-section-height-default elementor-section-height-default\" data-id=\"9076253\" data-element_type=\"section\" data-e-type=\"section\">\n\t\t\t\t\t\t<div class=\"elementor-container elementor-column-gap-default\">\n\t\t\t\t\t<div class=\"elementor-column elementor-col-100 elementor-top-column elementor-element elementor-element-311599d\" data-id=\"311599d\" data-element_type=\"column\" data-e-type=\"column\">\n\t\t\t<div class=\"elementor-widget-wrap elementor-element-populated\">\n\t\t\t\t\t\t<div class=\"elementor-element elementor-element-5905974 color-scheme-inherit text-left elementor-widget elementor-widget-text-editor\" data-id=\"5905974\" data-element_type=\"widget\" data-e-type=\"widget\" data-widget_type=\"text-editor.default\">\n\t\t\t\t<div class=\"elementor-widget-container\">\n\t\t\t\t\t\t\t\t\t<pre>Cuentas<\/pre>\t\t\t\t\t\t\t\t<\/div>\n\t\t\t\t<\/div>\n\t\t\t\t<div class=\"elementor-element elementor-element-aa8f414 color-scheme-inherit text-left elementor-widget elementor-widget-text-editor\" data-id=\"aa8f414\" data-element_type=\"widget\" data-e-type=\"widget\" data-widget_type=\"text-editor.default\">\n\t\t\t\t<div class=\"elementor-widget-container\">\n\t\t\t\t\t\t\t\t\t<p>Cuando crea una cuenta con nosotros, debe proporcionarnos informaci\u00f3n precisa, completa y actualizada en todo momento. No hacerlo constituye un incumplimiento de los T\u00e9rminos, lo que puede resultar en la cancelaci\u00f3n inmediata de su cuenta en nuestro Servicio.<\/p><p>Usted es responsable de salvaguardar la contrase\u00f1a que utiliza para acceder al Servicio y de cualquier actividad o acci\u00f3n realizada bajo su contrase\u00f1a, ya sea que su contrase\u00f1a sea con nuestro Servicio o con un servicio de terceros.<\/p><p>Usted acepta no revelar su contrase\u00f1a a ning\u00fan tercero. Debe notificarnos de inmediato si detecta alguna violaci\u00f3n de seguridad o uso no autorizado de su cuenta.<\/p>\t\t\t\t\t\t\t\t<\/div>\n\t\t\t\t<\/div>\n\t\t\t\t\t<\/div>\n\t\t<\/div>\n\t\t\t\t\t<\/div>\n\t\t<\/section>\n\t\t\t\t<section class=\"wd-negative-gap elementor-section elementor-top-section elementor-element elementor-element-d4ac88e elementor-section-boxed elementor-section-height-default elementor-section-height-default\" data-id=\"d4ac88e\" data-element_type=\"section\" data-e-type=\"section\">\n\t\t\t\t\t\t<div class=\"elementor-container elementor-column-gap-default\">\n\t\t\t\t\t<div class=\"elementor-column elementor-col-100 elementor-top-column elementor-element elementor-element-4ab5c10\" data-id=\"4ab5c10\" data-element_type=\"column\" data-e-type=\"column\">\n\t\t\t<div class=\"elementor-widget-wrap elementor-element-populated\">\n\t\t\t\t\t\t<div class=\"elementor-element elementor-element-ca36aca color-scheme-inherit text-left elementor-widget elementor-widget-text-editor\" data-id=\"ca36aca\" data-element_type=\"widget\" data-e-type=\"widget\" data-widget_type=\"text-editor.default\">\n\t\t\t\t<div class=\"elementor-widget-container\">\n\t\t\t\t\t\t\t\t\t<pre>Enlaces a otros sitios web<\/pre>\t\t\t\t\t\t\t\t<\/div>\n\t\t\t\t<\/div>\n\t\t\t\t<div class=\"elementor-element elementor-element-9c06baf color-scheme-inherit text-left elementor-widget elementor-widget-text-editor\" data-id=\"9c06baf\" data-element_type=\"widget\" data-e-type=\"widget\" data-widget_type=\"text-editor.default\">\n\t\t\t\t<div class=\"elementor-widget-container\">\n\t\t\t\t\t\t\t\t\t<p>Our Service may contain links to third-party web sites or services that are not owned or controlled by <strong>B.M.O.K LLC<\/strong>.<\/p><p><strong>B.M.O.K LLC<\/strong> has no control over, and assumes no responsibility for, the content, privacy policies, or practices of any third-party web sites or services. You further acknowledge and agree that <strong>B.M.O.K LLC<\/strong> shall not be responsible or liable, directly or indirectly, for any damage or loss caused or alleged to be caused by or in connection with use of or reliance on any such content, goods or services available on or through any such web sites or services.<\/p><p>Le recomendamos encarecidamente que lea los t\u00e9rminos y condiciones y las pol\u00edticas de privacidad de cualquier sitio web o servicio de terceros que visite.<\/p>\t\t\t\t\t\t\t\t<\/div>\n\t\t\t\t<\/div>\n\t\t\t\t\t<\/div>\n\t\t<\/div>\n\t\t\t\t\t<\/div>\n\t\t<\/section>\n\t\t\t\t<section class=\"wd-negative-gap elementor-section elementor-top-section elementor-element elementor-element-a8af8fc elementor-section-boxed elementor-section-height-default elementor-section-height-default\" data-id=\"a8af8fc\" data-element_type=\"section\" data-e-type=\"section\">\n\t\t\t\t\t\t<div class=\"elementor-container elementor-column-gap-default\">\n\t\t\t\t\t<div class=\"elementor-column elementor-col-100 elementor-top-column elementor-element elementor-element-5003305\" data-id=\"5003305\" data-element_type=\"column\" data-e-type=\"column\">\n\t\t\t<div class=\"elementor-widget-wrap elementor-element-populated\">\n\t\t\t\t\t\t<div class=\"elementor-element elementor-element-569f555 color-scheme-inherit text-left elementor-widget elementor-widget-text-editor\" data-id=\"569f555\" data-element_type=\"widget\" data-e-type=\"widget\" data-widget_type=\"text-editor.default\">\n\t\t\t\t<div class=\"elementor-widget-container\">\n\t\t\t\t\t\t\t\t\t<pre>Terminaci\u00f3n<\/pre>\t\t\t\t\t\t\t\t<\/div>\n\t\t\t\t<\/div>\n\t\t\t\t<div class=\"elementor-element elementor-element-e60ff32 color-scheme-inherit text-left elementor-widget elementor-widget-text-editor\" data-id=\"e60ff32\" data-element_type=\"widget\" data-e-type=\"widget\" data-widget_type=\"text-editor.default\">\n\t\t\t\t<div class=\"elementor-widget-container\">\n\t\t\t\t\t\t\t\t\t<p>Podemos terminar o suspender el acceso a nuestro Servicio inmediatamente, sin previo aviso ni responsabilidad, por cualquier motivo, incluido, entre otros, si usted incumple los T\u00e9rminos.<\/p><p>Todas las disposiciones de los T\u00e9rminos que por su naturaleza deban sobrevivir a la terminaci\u00f3n sobrevivir\u00e1n a la terminaci\u00f3n, incluidas, entre otras, las disposiciones de propiedad, exenciones de garant\u00eda, indemnizaci\u00f3n y limitaciones de responsabilidad.<\/p><p>Podemos cancelar o suspender su cuenta inmediatamente, sin previo aviso ni responsabilidad, por cualquier motivo, incluido, entre otros, si incumple los T\u00e9rminos.<\/p><p>Al finalizar su cuenta, su derecho a utilizar el Servicio cesar\u00e1 de inmediato. Si desea cancelar su cuenta, simplemente puede dejar de utilizar el Servicio.<\/p><p>Todas las disposiciones de los T\u00e9rminos que por su naturaleza deban sobrevivir a la terminaci\u00f3n sobrevivir\u00e1n a la terminaci\u00f3n, incluidas, entre otras, las disposiciones de propiedad, exenciones de garant\u00eda, indemnizaci\u00f3n y limitaciones de responsabilidad.<\/p>\t\t\t\t\t\t\t\t<\/div>\n\t\t\t\t<\/div>\n\t\t\t\t\t<\/div>\n\t\t<\/div>\n\t\t\t\t\t<\/div>\n\t\t<\/section>\n\t\t\t\t<section class=\"wd-negative-gap elementor-section elementor-top-section elementor-element elementor-element-b06bc5f elementor-section-boxed elementor-section-height-default elementor-section-height-default\" data-id=\"b06bc5f\" data-element_type=\"section\" data-e-type=\"section\">\n\t\t\t\t\t\t<div class=\"elementor-container elementor-column-gap-default\">\n\t\t\t\t\t<div class=\"elementor-column elementor-col-100 elementor-top-column elementor-element elementor-element-beb3591\" data-id=\"beb3591\" data-element_type=\"column\" data-e-type=\"column\">\n\t\t\t<div class=\"elementor-widget-wrap elementor-element-populated\">\n\t\t\t\t\t\t<div class=\"elementor-element elementor-element-9ca7512 color-scheme-inherit text-left elementor-widget elementor-widget-text-editor\" data-id=\"9ca7512\" data-element_type=\"widget\" data-e-type=\"widget\" data-widget_type=\"text-editor.default\">\n\t\t\t\t<div class=\"elementor-widget-container\">\n\t\t\t\t\t\t\t\t\t<pre>Descargo de responsabilidad<\/pre>\t\t\t\t\t\t\t\t<\/div>\n\t\t\t\t<\/div>\n\t\t\t\t<div class=\"elementor-element elementor-element-bd7f0d2 color-scheme-inherit text-left elementor-widget elementor-widget-text-editor\" data-id=\"bd7f0d2\" data-element_type=\"widget\" data-e-type=\"widget\" data-widget_type=\"text-editor.default\">\n\t\t\t\t<div class=\"elementor-widget-container\">\n\t\t\t\t\t\t\t\t\t<p>El uso que usted hace del Servicio se realiza bajo su propio riesgo. El Servicio se proporciona \u201cTAL CUAL\u201d y \u201cSEG\u00daN DISPONIBILIDAD\u201d. El Servicio se proporciona sin garant\u00edas de ning\u00fan tipo, ya sean expresas o<\/p><p>impl\u00edcitas, incluidas, entre otras, las garant\u00edas impl\u00edcitas de comerciabilidad, idoneidad para un fin determinado, no infracci\u00f3n o curso de ejecuci\u00f3n.<\/p>\t\t\t\t\t\t\t\t<\/div>\n\t\t\t\t<\/div>\n\t\t\t\t\t<\/div>\n\t\t<\/div>\n\t\t\t\t\t<\/div>\n\t\t<\/section>\n\t\t\t\t<section class=\"wd-negative-gap elementor-section elementor-top-section elementor-element elementor-element-6fb0be1 elementor-section-boxed elementor-section-height-default elementor-section-height-default\" data-id=\"6fb0be1\" data-element_type=\"section\" data-e-type=\"section\">\n\t\t\t\t\t\t<div class=\"elementor-container elementor-column-gap-default\">\n\t\t\t\t\t<div class=\"elementor-column elementor-col-100 elementor-top-column elementor-element elementor-element-6b5f8b5\" data-id=\"6b5f8b5\" data-element_type=\"column\" data-e-type=\"column\">\n\t\t\t<div class=\"elementor-widget-wrap elementor-element-populated\">\n\t\t\t\t\t\t<div class=\"elementor-element elementor-element-77f2e4e color-scheme-inherit text-left elementor-widget elementor-widget-text-editor\" data-id=\"77f2e4e\" data-element_type=\"widget\" data-e-type=\"widget\" data-widget_type=\"text-editor.default\">\n\t\t\t\t<div class=\"elementor-widget-container\">\n\t\t\t\t\t\t\t\t\t<pre>Ley aplicable<\/pre>\t\t\t\t\t\t\t\t<\/div>\n\t\t\t\t<\/div>\n\t\t\t\t<div class=\"elementor-element elementor-element-79ebbfd color-scheme-inherit text-left elementor-widget elementor-widget-text-editor\" data-id=\"79ebbfd\" data-element_type=\"widget\" data-e-type=\"widget\" data-widget_type=\"text-editor.default\">\n\t\t\t\t<div class=\"elementor-widget-container\">\n\t\t\t\t\t\t\t\t\t<p>Estos T\u00e9rminos se regir\u00e1n e interpretar\u00e1n de conformidad con las leyes de los Estados Unidos sin tener en cuenta sus disposiciones sobre conflicto de leyes.<\/p><p>El hecho de que no hagamos valer alg\u00fan derecho o disposici\u00f3n de estos T\u00e9rminos no se considerar\u00e1 una renuncia a esos derechos. Si un tribunal determina que alguna disposici\u00f3n de estos T\u00e9rminos no es v\u00e1lida o no se puede hacer cumplir, las disposiciones restantes de estos T\u00e9rminos seguir\u00e1n vigentes. Estos T\u00e9rminos constituyen el acuerdo completo entre nosotros en relaci\u00f3n con nuestro Servicio y reemplazan cualquier acuerdo previo que pudi\u00e9ramos tener entre nosotros en relaci\u00f3n con el Servicio.<\/p>\t\t\t\t\t\t\t\t<\/div>\n\t\t\t\t<\/div>\n\t\t\t\t\t<\/div>\n\t\t<\/div>\n\t\t\t\t\t<\/div>\n\t\t<\/section>\n\t\t\t\t<section class=\"wd-negative-gap elementor-section elementor-top-section elementor-element elementor-element-958bdbb elementor-section-boxed elementor-section-height-default elementor-section-height-default\" data-id=\"958bdbb\" data-element_type=\"section\" data-e-type=\"section\">\n\t\t\t\t\t\t<div class=\"elementor-container elementor-column-gap-default\">\n\t\t\t\t\t<div class=\"elementor-column elementor-col-100 elementor-top-column elementor-element elementor-element-7a208fd\" data-id=\"7a208fd\" data-element_type=\"column\" data-e-type=\"column\">\n\t\t\t<div class=\"elementor-widget-wrap elementor-element-populated\">\n\t\t\t\t\t\t<div class=\"elementor-element elementor-element-abe57c8 color-scheme-inherit text-left elementor-widget elementor-widget-text-editor\" data-id=\"abe57c8\" data-element_type=\"widget\" data-e-type=\"widget\" data-widget_type=\"text-editor.default\">\n\t\t\t\t<div class=\"elementor-widget-container\">\n\t\t\t\t\t\t\t\t\t<pre>Cambios<\/pre>\t\t\t\t\t\t\t\t<\/div>\n\t\t\t\t<\/div>\n\t\t\t\t<div class=\"elementor-element elementor-element-f2a89ca color-scheme-inherit text-left elementor-widget elementor-widget-text-editor\" data-id=\"f2a89ca\" data-element_type=\"widget\" data-e-type=\"widget\" data-widget_type=\"text-editor.default\">\n\t\t\t\t<div class=\"elementor-widget-container\">\n\t\t\t\t\t\t\t\t\t<p>Nos reservamos el derecho, a nuestra exclusiva discreci\u00f3n, de modificar o reemplazar estos T\u00e9rminos en cualquier momento. Si una revisi\u00f3n es sustancial, intentaremos proporcionar un aviso con al menos 30 d\u00edas de anticipaci\u00f3n antes de que entren en vigencia los nuevos t\u00e9rminos. Lo que constituye un cambio sustancial se determinar\u00e1 a nuestra exclusiva discreci\u00f3n.<\/p><p>Si contin\u00faa accediendo o utilizando nuestro Servicio despu\u00e9s de que dichas revisiones entren en vigor, usted acepta estar sujeto a los t\u00e9rminos revisados. Si no acepta los nuevos t\u00e9rminos, deje de utilizar el Servicio.<\/p>\t\t\t\t\t\t\t\t<\/div>\n\t\t\t\t<\/div>\n\t\t\t\t\t<\/div>\n\t\t<\/div>\n\t\t\t\t\t<\/div>\n\t\t<\/section>\n\t\t\t\t<section class=\"wd-negative-gap elementor-section elementor-top-section elementor-element elementor-element-28f3870 elementor-section-boxed elementor-section-height-default elementor-section-height-default\" data-id=\"28f3870\" data-element_type=\"section\" data-e-type=\"section\">\n\t\t\t\t\t\t<div class=\"elementor-container elementor-column-gap-default\">\n\t\t\t\t\t<div class=\"elementor-column elementor-col-100 elementor-top-column elementor-element elementor-element-3a37bf2\" data-id=\"3a37bf2\" data-element_type=\"column\" data-e-type=\"column\">\n\t\t\t<div class=\"elementor-widget-wrap elementor-element-populated\">\n\t\t\t\t\t\t<div class=\"elementor-element elementor-element-d8f10d9 color-scheme-inherit text-left elementor-widget elementor-widget-text-editor\" data-id=\"d8f10d9\" data-element_type=\"widget\" data-e-type=\"widget\" data-widget_type=\"text-editor.default\">\n\t\t\t\t<div class=\"elementor-widget-container\">\n\t\t\t\t\t\t\t\t\t<pre>Cont\u00e1ctenos<\/pre>\t\t\t\t\t\t\t\t<\/div>\n\t\t\t\t<\/div>\n\t\t\t\t<div class=\"elementor-element elementor-element-7059680 color-scheme-inherit text-left elementor-widget elementor-widget-text-editor\" data-id=\"7059680\" data-element_type=\"widget\" data-e-type=\"widget\" data-widget_type=\"text-editor.default\">\n\t\t\t\t<div class=\"elementor-widget-container\">\n\t\t\t\t\t\t\t\t\t<p>Si tiene alguna pregunta sobre estos T\u00e9rminos, por favor\u00a0<a href=\"https:\/\/msbestkeys.com\/es\/contact-us\/\">Cont\u00e1ctenos.<\/a><\/p>\t\t\t\t\t\t\t\t<\/div>\n\t\t\t\t<\/div>\n\t\t\t\t\t<\/div>\n\t\t<\/div>\n\t\t\t\t\t<\/div>\n\t\t<\/section>\n\t\t\t\t<section class=\"wd-negative-gap elementor-section elementor-top-section elementor-element elementor-element-e26efa0 elementor-section-boxed elementor-section-height-default elementor-section-height-default\" data-id=\"e26efa0\" data-element_type=\"section\" data-e-type=\"section\">\n\t\t\t\t\t\t<div class=\"elementor-container elementor-column-gap-default\">\n\t\t\t\t\t<div class=\"elementor-column elementor-col-100 elementor-top-column elementor-element elementor-element-884e454\" data-id=\"884e454\" data-element_type=\"column\" data-e-type=\"column\">\n\t\t\t<div class=\"elementor-widget-wrap elementor-element-populated\">\n\t\t\t\t\t\t<div class=\"elementor-element elementor-element-a1a1dd3 elementor-widget elementor-widget-spacer\" data-id=\"a1a1dd3\" data-element_type=\"widget\" data-e-type=\"widget\" data-widget_type=\"spacer.default\">\n\t\t\t\t<div class=\"elementor-widget-container\">\n\t\t\t\t\t\t\t<div class=\"elementor-spacer\">\n\t\t\t<div class=\"elementor-spacer-inner\"><\/div>\n\t\t<\/div>\n\t\t\t\t\t\t<\/div>\n\t\t\t\t<\/div>\n\t\t\t\t\t<\/div>\n\t\t<\/div>\n\t\t\t\t\t<\/div>\n\t\t<\/section>\n\t\t\t\t<\/div>","protected":false},"excerpt":{"rendered":"<p>Please read these Terms of Use (\u201cTerms\u201d, \u201cTerms of Use\u201d) carefully before using the msbestkeys.com website (the \u201cService\u201d) operated by<\/p>","protected":false},"author":1,"featured_media":0,"parent":0,"menu_order":0,"comment_status":"closed","ping_status":"closed","template":"","meta":{"_monsterinsights_skip_tracking":false,"_monsterinsights_sitenote_active":false,"_monsterinsights_sitenote_note":"","_monsterinsights_sitenote_category":0,"footnotes":""},"class_list":["post-4368","page","type-page","status-publish","hentry"],"_links":{"self":[{"href":"https:\/\/msbestkeys.com\/es\/wp-json\/wp\/v2\/pages\/4368","targetHints":{"allow":["GET"]}}],"collection":[{"href":"https:\/\/msbestkeys.com\/es\/wp-json\/wp\/v2\/pages"}],"about":[{"href":"https:\/\/msbestkeys.com\/es\/wp-json\/wp\/v2\/types\/page"}],"author":[{"embeddable":true,"href":"https:\/\/msbestkeys.com\/es\/wp-json\/wp\/v2\/users\/1"}],"replies":[{"embeddable":true,"href":"https:\/\/msbestkeys.com\/es\/wp-json\/wp\/v2\/comments?post=4368"}],"version-history":[{"count":0,"href":"https:\/\/msbestkeys.com\/es\/wp-json\/wp\/v2\/pages\/4368\/revisions"}],"wp:attachment":[{"href":"https:\/\/msbestkeys.com\/es\/wp-json\/wp\/v2\/media?parent=4368"}],"curies":[{"name":"wp","href":"https:\/\/api.w.org\/{rel}","templated":true}]}}