{"id":45,"date":"2021-08-26T12:21:44","date_gmt":"2021-08-26T12:21:44","guid":{"rendered":"http:\/\/dummy.xtemos.com\/woodmart2\/elementor\/?page_id=45"},"modified":"2025-05-20T17:00:04","modified_gmt":"2025-05-20T17:00:04","slug":"compare","status":"publish","type":"page","link":"https:\/\/msbestkeys.com\/es\/compare\/","title":{"rendered":"Comparar"},"content":{"rendered":"<p class=\"wd-empty-compare wd-empty-page\">\n\t\t\tLa lista de comparaci\u00f3n est\u00e1 vac\u00eda.\t\t<\/p>\n\t\t\t\t\t<div class=\"wd-empty-page-text\">\n\t\t\t\tNo hay productos a\u00f1adidos a la lista de comparaci\u00f3n. Debes a\u00f1adir algunos productos para compararlos.<br> Encontrar\u00e1 muchos productos interesantes en nuestra p\u00e1gina &quot;Tienda&quot;.\t\t\t<\/div>\n\t\t\t\t<p class=\"return-to-shop\">\n\t\t\t<a class=\"button\" href=\"https:\/\/msbestkeys.com\/es\/shop\/\">\n\t\t\t\tVolver a la tienda\t\t\t<\/a>\n\t\t<\/p>\n\t\t\n\n\n\n<h2 class=\"wp-block-heading\">Comparaci\u00f3n de productos en Msbestkeys.com: encuentre la opci\u00f3n perfecta<\/h2>\n\n\n\n<p>En <strong>Msbestkeys.com<\/strong>Entendemos que encontrar el producto adecuado a veces puede ser un desaf\u00edo, especialmente cuando se elige entre una amplia variedad de opciones. Por eso ofrecemos una pr\u00e1ctica <strong>funci\u00f3n de comparaci\u00f3n de productos<\/strong> para ayudarte a tomar decisiones informadas. Sin embargo, parece que tu lista de comparaci\u00f3n est\u00e1 vac\u00eda en este momento. Te mostraremos c\u00f3mo esta herramienta puede mejorar tu experiencia de compra.<\/p>\n\n\n\n<h3 class=\"wp-block-heading\">C\u00f3mo utilizar la funci\u00f3n Comparar<\/h3>\n\n\n\n<p>Nuestra herramienta de comparaci\u00f3n de productos est\u00e1 dise\u00f1ada para ayudarlo a evaluar f\u00e1cilmente las caracter\u00edsticas, los precios y los beneficios de varios productos en paralelo. Ya sea que est\u00e9 comparando software, claves digitales o cualquier otro producto, puede agregar elementos a su <strong>lista de comparaci\u00f3n<\/strong> y ver comparaciones detalladas en tiempo real.<\/p>\n\n\n\n<h3 class=\"wp-block-heading\">Pasos para comparar productos:<\/h3>\n\n\n\n<ol class=\"wp-block-list\">\n<li><strong>Explorar la tienda<\/strong>:Visita nuestra <a href=\"#\">P\u00e1gina de la tienda<\/a> Para explorar la gama completa de productos que ofrecemos, encontrar\u00e1 una variedad de opciones, desde las claves de software m\u00e1s vendidas hasta ofertas exclusivas.<\/li>\n\n\n\n<li><strong>A\u00f1adir a la lista de comparaci\u00f3n<\/strong>:Simplemente haga clic en el bot\u00f3n \u201cAgregar para comparar\u201d en la p\u00e1gina del producto de cualquier art\u00edculo que desee comparar.<\/li>\n\n\n\n<li><strong>Revisar y comparar<\/strong>:Una vez que haya agregado art\u00edculos a su lista, regrese a esta p\u00e1gina para ver una comparaci\u00f3n detallada de las caracter\u00edsticas de los productos, los precios y otros detalles importantes.<\/li>\n<\/ol>\n\n\n\n<h3 class=\"wp-block-heading\">\u00bfPor qu\u00e9 utilizar la herramienta de comparaci\u00f3n?<\/h3>\n\n\n\n<ul class=\"wp-block-list\">\n<li><strong>Ahorra tiempo<\/strong>:No es necesario abrir varias pesta\u00f1as ni tomar notas mentales. Nuestra herramienta de comparaci\u00f3n muestra todos los detalles clave del producto en un solo lugar.<\/li>\n\n\n\n<li><strong>Decisiones informadas<\/strong>:Compare f\u00e1cilmente caracter\u00edsticas como precio, versi\u00f3n, especificaciones del producto y opiniones de clientes para encontrar la opci\u00f3n que mejor se adapte a sus necesidades.<\/li>\n\n\n\n<li><strong>F\u00e1cil de usar<\/strong>:La herramienta de comparaci\u00f3n es intuitiva y f\u00e1cil de usar, lo que le brinda la posibilidad de limitar sus opciones con solo unos pocos clics.<\/li>\n<\/ul>\n\n\n\n<h3 class=\"wp-block-heading\">Explora nuestra amplia gama de productos<\/h3>\n\n\n\n<p>Ofrecemos una amplia selecci\u00f3n de <strong>Claves de software, programas antivirus, sistemas operativos<\/strong>, y m\u00e1s. Cada producto viene con una descripci\u00f3n detallada y con nuestra funci\u00f3n de comparaci\u00f3n, podr\u00e1 determinar r\u00e1pidamente qu\u00e9 opci\u00f3n es la adecuada para usted. Ya sea que est\u00e9 buscando opciones asequibles o productos de primera l\u00ednea, tenemos algo para cada necesidad.<\/p>\n\n\n\n<h3 class=\"wp-block-heading\">Regresar a la tienda<\/h3>\n\n\n\n<p>Tu lista de comparaci\u00f3n est\u00e1 vac\u00eda actualmente, \u00a1pero no te preocupes! Visita nuestra <a href=\"#\">P\u00e1gina de la tienda<\/a> para explorar una amplia gama de productos interesantes. Una vez que haya encontrado los art\u00edculos que le interesan, agr\u00e9guelos a su lista de comparaci\u00f3n para comenzar a hacer comparaciones lado a lado. Estamos seguros de que encontrar\u00e1 la opci\u00f3n perfecta para sus necesidades.<\/p>\n\n\n\n<p><a href=\"#\">Regresar a la tienda<\/a><\/p>\n\n\n\n<hr class=\"wp-block-separator has-alpha-channel-opacity\"\/>\n\n\n\n<h2 class=\"wp-block-heading\">\u00bfPor qu\u00e9 comprar en Msbestkeys.com?<\/h2>\n\n\n\n<ul class=\"wp-block-list\">\n<li><strong>Amplia selecci\u00f3n de productos<\/strong>:Ofrecemos una variedad de claves de software y productos digitales de alta calidad.<\/li>\n\n\n\n<li><strong>Precios competitivos<\/strong>:Obtenga las mejores ofertas en los mejores productos de software.<\/li>\n\n\n\n<li><strong>Confiable y seguro<\/strong>Con m\u00e9todos de pago seguros como PayPal, Stripe, Google Pay y Apple Pay, tus transacciones son seguras y sin complicaciones.<\/li>\n\n\n\n<li><strong>Atenci\u00f3n al cliente<\/strong>\u00bfNecesita ayuda para elegir? Nuestro amable equipo de atenci\u00f3n al cliente est\u00e1 siempre disponible para ayudarle a encontrar el producto adecuado.<\/li>\n<\/ul>","protected":false},"excerpt":{"rendered":"<p>Product Comparison at Msbestkeys.com: Find the Perfect Match At Msbestkeys.com, we understand that finding the right product can sometimes be<\/p>","protected":false},"author":1,"featured_media":0,"parent":0,"menu_order":0,"comment_status":"closed","ping_status":"closed","template":"","meta":{"_monsterinsights_skip_tracking":false,"_monsterinsights_sitenote_active":false,"_monsterinsights_sitenote_note":"","_monsterinsights_sitenote_category":0,"footnotes":""},"class_list":["post-45","page","type-page","status-publish","hentry"],"_links":{"self":[{"href":"https:\/\/msbestkeys.com\/es\/wp-json\/wp\/v2\/pages\/45","targetHints":{"allow":["GET"]}}],"collection":[{"href":"https:\/\/msbestkeys.com\/es\/wp-json\/wp\/v2\/pages"}],"about":[{"href":"https:\/\/msbestkeys.com\/es\/wp-json\/wp\/v2\/types\/page"}],"author":[{"embeddable":true,"href":"https:\/\/msbestkeys.com\/es\/wp-json\/wp\/v2\/users\/1"}],"replies":[{"embeddable":true,"href":"https:\/\/msbestkeys.com\/es\/wp-json\/wp\/v2\/comments?post=45"}],"version-history":[{"count":0,"href":"https:\/\/msbestkeys.com\/es\/wp-json\/wp\/v2\/pages\/45\/revisions"}],"wp:attachment":[{"href":"https:\/\/msbestkeys.com\/es\/wp-json\/wp\/v2\/media?parent=45"}],"curies":[{"name":"wp","href":"https:\/\/api.w.org\/{rel}","templated":true}]}}