{"id":28518,"date":"2024-06-23T02:43:06","date_gmt":"2024-06-23T02:43:06","guid":{"rendered":"https:\/\/msbestkeys.com\/?post_type=product&#038;p=28518"},"modified":"2025-09-26T23:47:33","modified_gmt":"2025-09-26T23:47:33","slug":"quickbooks-desktop-pro-2024-for-windows","status":"publish","type":"product","link":"https:\/\/msbestkeys.com\/es\/producto\/quickbooks-desktop-pro-2024-for-windows\/","title":{"rendered":"Quickbooks Desktop Pro 2024 para Windows: CLAVE DE LICENCIA AUT\u00c9NTICA"},"content":{"rendered":"<div data-elementor-type=\"wp-post\" data-elementor-id=\"28518\" class=\"elementor elementor-28518\" data-elementor-post-type=\"product\">\n\t\t\t\t<div class=\"wd-negative-gap elementor-element elementor-element-42553bc e-flex e-con-boxed e-con e-parent\" data-id=\"42553bc\" data-element_type=\"container\" data-e-type=\"container\">\n\t\t\t\t\t<div class=\"e-con-inner\">\n\t\t\t\t<div class=\"elementor-element elementor-element-2dfa49a color-scheme-inherit text-left elementor-widget elementor-widget-text-editor\" data-id=\"2dfa49a\" data-element_type=\"widget\" data-e-type=\"widget\" data-widget_type=\"text-editor.default\">\n\t\t\t\t<div class=\"elementor-widget-container\">\n\t\t\t\t\t\t\t\t\t<p data-start=\"215\" data-end=\"601\"><strong data-start=\"215\" data-end=\"258\">QuickBooks Desktop Pro 2024 para Windows<\/strong> is the ultimate accounting solution designed to simplify financial management for small businesses, freelancers, and entrepreneurs. Managing income, expenses, invoices, and payroll can be overwhelming, but with QuickBooks Desktop Pro 2024, you get a reliable and easy-to-use tool that brings all your accounting tasks together in one place.<\/p><p data-start=\"603\" data-end=\"921\">When you activate your copy with an <strong data-start=\"639\" data-end=\"692\">authentic QuickBooks Desktop Pro 2024 licence key<\/strong>, you unlock the full power of the software: secure activation, instant access, and lifetime ownership. No subscription hassles, no limitations \u2014 just genuine software tailored for professionals who want control and efficiency.<\/p><h2 data-start=\"928\" data-end=\"984\">Why Choose QuickBooks Desktop Pro 2024 for Windows?<\/h2><p data-start=\"985\" data-end=\"1195\">QuickBooks has earned the trust of millions of businesses worldwide. The 2024 edition for Windows is optimized for speed, accuracy, and convenience, making it one of the best choices for financial management.<\/p><p data-start=\"1197\" data-end=\"1224\">Key reasons to choose it:<\/p><ul data-start=\"1225\" data-end=\"1462\"><li data-start=\"1225\" data-end=\"1268\"><p data-start=\"1227\" data-end=\"1268\">Full compatibility with Windows systems<\/p><\/li><li data-start=\"1269\" data-end=\"1327\"><p data-start=\"1271\" data-end=\"1327\">Streamlined financial tracking for income and expenses<\/p><\/li><li data-start=\"1328\" data-end=\"1378\"><p data-start=\"1330\" data-end=\"1378\">Professional invoicing with payment monitoring<\/p><\/li><li data-start=\"1379\" data-end=\"1408\"><p data-start=\"1381\" data-end=\"1408\">Time-saving payroll tools<\/p><\/li><li data-start=\"1409\" data-end=\"1462\"><p data-start=\"1411\" data-end=\"1462\">Advanced reporting for smarter business decisions<\/p><\/li><\/ul><h2 data-start=\"1469\" data-end=\"1486\">Caracter\u00edsticas<\/h2><ul data-start=\"1487\" data-end=\"1929\"><li data-start=\"1487\" data-end=\"1560\"><p data-start=\"1489\" data-end=\"1560\"><strong data-start=\"1489\" data-end=\"1508\">Smart Invoicing<\/strong> \u2013 Create, customize, and send invoices in minutes<\/p><\/li><li data-start=\"1561\" data-end=\"1629\"><p data-start=\"1563\" data-end=\"1629\"><strong data-start=\"1563\" data-end=\"1583\">Expense Tracking<\/strong> \u2013 Keep all expenses organized and tax-ready<\/p><\/li><li data-start=\"1630\" data-end=\"1700\"><p data-start=\"1632\" data-end=\"1700\"><strong data-start=\"1632\" data-end=\"1654\">Gesti\u00f3n de n\u00f3minas<\/strong> \u2013 Automate employee salaries and deductions<\/p><\/li><li data-start=\"1701\" data-end=\"1774\"><p data-start=\"1703\" data-end=\"1774\"><strong data-start=\"1703\" data-end=\"1726\">Bank Reconciliation<\/strong> \u2013 Match bank transactions easily for accuracy<\/p><\/li><li data-start=\"1775\" data-end=\"1854\"><p data-start=\"1777\" data-end=\"1854\"><strong data-start=\"1777\" data-end=\"1801\">Customizable Reports<\/strong> \u2013 Generate insights on profit, loss, and cash flow<\/p><\/li><li data-start=\"1855\" data-end=\"1929\"><p data-start=\"1857\" data-end=\"1929\"><strong data-start=\"1857\" data-end=\"1881\">User-Friendly Design<\/strong> \u2013 Simple navigation, even for non-accountants<\/p><\/li><\/ul><h2 data-start=\"1936\" data-end=\"1974\">Benefits of Authentic Licence Key<\/h2><p data-start=\"1975\" data-end=\"2045\">Buying an authentic QuickBooks Desktop Pro 2024 licence key ensures:<\/p><ul data-start=\"2046\" data-end=\"2375\"><li data-start=\"2046\" data-end=\"2113\"><p data-start=\"2048\" data-end=\"2113\"><strong data-start=\"2048\" data-end=\"2070\">Instant Activation<\/strong> \u2013 Start using immediately after purchase<\/p><\/li><li data-start=\"2114\" data-end=\"2164\"><p data-start=\"2116\" data-end=\"2164\"><strong data-start=\"2116\" data-end=\"2138\">Lifetime Ownership<\/strong> \u2013 Pay once, use forever<\/p><\/li><li data-start=\"2165\" data-end=\"2231\"><p data-start=\"2167\" data-end=\"2231\"><strong data-start=\"2167\" data-end=\"2186\">Secure Software<\/strong> \u2013 Genuine product with no risks of malware<\/p><\/li><li data-start=\"2232\" data-end=\"2303\"><p data-start=\"2234\" data-end=\"2303\"><strong data-start=\"2234\" data-end=\"2253\">Regular Updates<\/strong> \u2013 Stay up to date with performance improvements<\/p><\/li><li data-start=\"2304\" data-end=\"2375\"><p data-start=\"2306\" data-end=\"2375\"><strong data-start=\"2306\" data-end=\"2323\">Peace of Mind<\/strong> \u2013 Reliable accounting backed by genuine licensing<\/p><\/li><\/ul><h2 data-start=\"2382\" data-end=\"2403\">Who Can Benefit?<\/h2><p data-start=\"2404\" data-end=\"2434\">This version is perfect for:<\/p><ul data-start=\"2435\" data-end=\"2735\"><li data-start=\"2435\" data-end=\"2487\"><p data-start=\"2437\" data-end=\"2487\"><strong data-start=\"2437\" data-end=\"2452\">Freelancers<\/strong> needing simple bookkeeping tools<\/p><\/li><li data-start=\"2488\" data-end=\"2548\"><p data-start=\"2490\" data-end=\"2548\"><strong data-start=\"2490\" data-end=\"2510\">Small Businesses<\/strong> managing daily financial operations<\/p><\/li><li data-start=\"2549\" data-end=\"2618\"><p data-start=\"2551\" data-end=\"2618\"><strong data-start=\"2551\" data-end=\"2586\">Consultants &amp; Service Providers<\/strong> who invoice clients regularly<\/p><\/li><li data-start=\"2619\" data-end=\"2664\"><p data-start=\"2621\" data-end=\"2664\"><strong data-start=\"2621\" data-end=\"2634\">Retailers<\/strong> tracking sales and expenses<\/p><\/li><li data-start=\"2665\" data-end=\"2735\"><p data-start=\"2667\" data-end=\"2735\"><strong data-start=\"2667\" data-end=\"2679\">Startups<\/strong> wanting professional accounting at an affordable cost<\/p><\/li><\/ul><h2 data-start=\"2742\" data-end=\"2774\">Why Buy from MRBESTKEYS.COM<\/h2><p data-start=\"2775\" data-end=\"2818\">En <strong data-start=\"2778\" data-end=\"2796\">MRBESTKEYS.COM<\/strong>, you\u2019re guaranteed:<\/p><ul data-start=\"2819\" data-end=\"3053\"><li data-start=\"2819\" data-end=\"2878\"><p data-start=\"2821\" data-end=\"2878\">100% authentic QuickBooks Desktop Pro 2024 licence keys<\/p><\/li><li data-start=\"2879\" data-end=\"2922\"><p data-start=\"2881\" data-end=\"2922\">Instant digital delivery for fast setup<\/p><\/li><li data-start=\"2923\" data-end=\"2966\"><p data-start=\"2925\" data-end=\"2966\">Competitive pricing with no hidden fees<\/p><\/li><li data-start=\"2967\" data-end=\"3003\"><p data-start=\"2969\" data-end=\"3003\">Step-by-step activation guidance<\/p><\/li><li data-start=\"3004\" data-end=\"3053\"><p data-start=\"3006\" data-end=\"3053\">Trusted customer support whenever you need it<\/p><\/li><\/ul><h4><strong>Aspectos destacados adicionales:<\/strong><\/h4><ul><li><strong>Compatibilidad con varios monitores:<\/strong> Ver m\u00e1s informaci\u00f3n en varios monitores.<\/li><li><strong>Plan de cuentas con capacidad de b\u00fasqueda:<\/strong> Ahorre tiempo con un nuevo plan de cuentas que se puede buscar.<\/li><li><strong>Recordatorios de responsabilidad de n\u00f3mina:<\/strong> Aseg\u00farese de pagar los impuestos sobre la n\u00f3mina a tiempo con recordatorios en la pantalla de inicio.<\/li><li><strong>Comparaci\u00f3n de rendimiento:<\/strong> Compare el rendimiento empresarial sobre una base de efectivo o devengado con un solo clic.<\/li><li><strong>Vista de calendario:<\/strong> Vea sus facturas, cobros y otras tareas esenciales en una vista de calendario.<\/li><li><strong>Centro de documentaci\u00f3n:<\/strong> Adjunte y almacene documentos c\u00f3modamente.<\/li><li><strong>Instant\u00e1nea del cliente:<\/strong> Vea toda la informaci\u00f3n importante del cliente de un vistazo.<\/li><li><strong>Transacciones memorizadas:<\/strong> Configure transacciones memorizadas para facturaci\u00f3n recurrente, facturas y estimaciones.<\/li><li><strong>Facturas profesionales:<\/strong> Cree facturas y formularios de aspecto profesional.<\/li><li><strong>Seguimiento de ventas:<\/strong> Realice un seguimiento de las ventas, los impuestos sobre las ventas y los pagos de los clientes.<\/li><li><strong>Integraci\u00f3n de correo electr\u00f3nico:<\/strong> Env\u00ede facturas y presupuestos directamente desde su cuenta de correo electr\u00f3nico comercial.<\/li><li><strong>Gesti\u00f3n de inventario:<\/strong> Realice un seguimiento del inventario, establezca puntos de reorden y cree \u00f3rdenes de compra.<\/li><li><strong>Comprobantes de dep\u00f3sito:<\/strong> Cree e imprima comprobantes de dep\u00f3sito sin esfuerzo.<\/li><li><strong>Gesti\u00f3n de gastos:<\/strong> Imprima cheques, pague facturas y realice un seguimiento de los gastos con facilidad.<\/li><\/ul><h3><strong>Requisitos del sistema:<\/strong><\/h3><ul><li><strong>Sistema operativo:<\/strong> Windows 7 SP1, Windows 8.1 Update 1 o Windows 10 (32 bits y 64 bits)<\/li><li><strong>Servidor:<\/strong> Windows Server 2008 R2 SP1, 2012 R2 o 2016<\/li><li><strong>Procesador:<\/strong> Procesador de 2,4 GHz<\/li><li><strong>Memoria:<\/strong> 4 GB de RAM (se recomiendan 8 GB)<\/li><li><strong>Espacio en disco:<\/strong> Se recomiendan 2,5 GB de espacio en disco (se requiere espacio adicional para los archivos de datos)<\/li><\/ul><p>Actualice a QuickBooks Desktop Pro 2024 para obtener una soluci\u00f3n de gesti\u00f3n empresarial integral, potente y f\u00e1cil de usar.<\/p><div class=\"mt-1 flex gap-3 empty:hidden juice:-ml-3\"><div class=\"flex items-center\"><h3><strong>Encuentra m\u00e1s productos en MS Best Original Keys <br \/><\/strong><\/h3><p><strong>Sistemas operativos Windows:\u00a0 <a href=\"https:\/\/msbestkeys.com\/es\/producto\/windows-11-professional-activation-key-global\/\">Windows 11<\/a> \u2013 <a href=\"https:\/\/msbestkeys.com\/es\/producto\/windows-10-professional-activation-key-global\/\">Ventanas 10<\/a> \u2013 <a href=\"https:\/\/msbestkeys.com\/es\/producto\/windows-8-professional-activation-key-global\/\">Ventanas 8<\/a><\/strong><\/p><p><strong>Paquetes de Microsoft Office:\u00a0<a href=\"https:\/\/msbestkeys.com\/es\/producto\/microsoft-office-2021-professional-plus\/\">Oficina 2021<\/a> \u2013<a href=\"https:\/\/msbestkeys.com\/es\/producto\/microsoft-office-2019-professional-plus\/\"> Oficina 2019<\/a> \u2013 <a href=\"https:\/\/msbestkeys.com\/es\/producto\/microsoft-office-2016-professional-plus\/\">Oficina 2016<\/a> \u2013 <a href=\"https:\/\/msbestkeys.com\/es\/producto\/microsoft-office-2021-home-and-business-mac\/\">Office para Mac<\/a><\/strong><\/p><p><strong>Antivirus:\u00a0<a href=\"https:\/\/msbestkeys.com\/es\/categoria-producto\/antivirus-security\/\">Kaspersky \u2013 ESET \u2013 Avast \u2013 AVG<\/a><\/strong><\/p><\/div><\/div>\t\t\t\t\t\t\t\t<\/div>\n\t\t\t\t<\/div>\n\t\t\t\t<div class=\"elementor-element elementor-element-6e94cd9 elementor-widget elementor-widget-html\" data-id=\"6e94cd9\" data-element_type=\"widget\" data-e-type=\"widget\" data-widget_type=\"html.default\">\n\t\t\t\t<div class=\"elementor-widget-container\">\n\t\t\t\t\t<!-- ADD THIS TEMPLATE TO EVERY PRODUCT PAGE -->\n<!-- Place this AFTER the product title and price but BEFORE the main description -->\n\n<style>\n\/* Product Page Enhancement Styles *\/\n.product-trust-section { margin: 30px 0; }\n.license-type-badge { background: linear-gradient(135deg, #6366f1 0%, #8b5cf6 100%); color: white; padding: 8px 20px; border-radius: 25px; display: inline-block; font-weight: 600; margin-bottom: 20px; }\n.product-info-grid { display: grid; grid-template-columns: repeat(auto-fit, minmax(250px, 1fr)); gap: 20px; margin: 30px 0; }\n.info-card { background: #f9fafb; border: 2px solid #e5e7eb; padding: 20px; border-radius: 12px; transition: all 0.3s ease; }\n.info-card:hover { border-color: #6366f1; background: white; transform: translateY(-2px); }\n.info-card h4 { color: #1f2937; margin-bottom: 10px; display: flex; align-items: center; gap: 10px; }\n.info-card p { color: #6b7280; line-height: 1.6; margin: 0; }\n.trust-badges { display: flex; flex-wrap: wrap; gap: 75px; align-items: center; justify-content: center; margin: 30px 0; padding: 25px; background: #f3f4f6; border-radius: 12px; }\n.trust-badge { display: flex; align-items: center; gap: 8px; }\n.trust-badge img { height: 100; width: 100px;}\n.delivery-banner { background: linear-gradient(135deg, #10b981 0%, #059669 100%); color: white; padding: 20px; border-radius: 12px; text-align: center; margin: 20px 0; }\n.compatibility-box { background: #fef3c7; border: 2px solid #f59e0b; padding: 20px; border-radius: 12px; margin: 20px 0; }\n.refund-notice { background: #dbeafe; border-left: 4px solid #3b82f6; padding: 20px; border-radius: 8px; margin: 20px 0; }\n.security-badges { display: flex; gap: 15px; margin: 20px 0; justify-content: center; flex-wrap: wrap; }\n.security-badge { background: white; padding: 15px 25px; border-radius: 8px; box-shadow: 0 2px 10px rgba(0,0,0,0.1); display: flex; align-items: center; gap: 10px; }\n.rating-section { background: white; border: 2px solid #e5e7eb; padding: 25px; border-radius: 12px; margin: 30px 0; }\n.star-rating {color: #fbbf24; font-size: 20px;}\n<\/style>\n\n<!-- License Type Badge (Customize per product) -->\n<div class=\"product-trust-section\">\n    <span class=\"license-type-badge\">\ud83d\udd11 RETAIL\/OEM LICENSE - Full Version<\/span>\n    <!-- Options: RETAIL LICENSE, OEM LICENSE, VOLUME LICENSE -->\n<\/div>\n\n<!-- Product Key Information Grid -->\n<div class=\"product-info-grid\">\n    <div class=\"info-card\">\n        <h4>\ud83d\udce6 What You Get<\/h4>\n        <p>One (1) genuine product key for permanent activation of <strong>Quickbooks desktop Pro 2024 for windows<\/strong>. This is a digital license - no physical shipment.<\/p>\n    <\/div>\n    \n    <div class=\"info-card\">\n        <h4>\u26a1 Delivery Method<\/h4>\n        <p>Instant email delivery within 2-5 minutes. License key and download link sent directly to your inbox.<\/p>\n    <\/div>\n    \n    <div class=\"info-card\">\n        <h4>\ud83d\udee1\ufe0f License Type<\/h4>\n        <p>Retail\/OEM license for 1 PC. Lifetime validity with free reactivation support if you change hardware.<\/p>\n    <\/div>\n    \n    <div class=\"info-card\">\n        <h4>\ud83d\udcb0 Refund Policy<\/h4>\n        <p>30-day money back guarantee if activation fails. See our <a href=\"\/es\/refund-returns-policy\/\">refund policy<\/a> for details.<\/p>\n    <\/div>\n<\/div>\n\n<!-- Instant Delivery Banner -->\n<div class=\"delivery-banner\">\n    <h3 style=\"margin: 0 0 10px 0;\">\u26a1 INSTANT DIGITAL DELIVERY<\/h3>\n    <p style=\"margin: 0;\">Your license key will be emailed within 5 minutes of purchase - No waiting!<\/p>\n<\/div>\n\n<!-- Compatibility Notice (Customize per product) -->\n<div class=\"compatibility-box\">\n    <h4 style=\"margin: 0 0 10px 0;\">\u26a0\ufe0f System Requirements & Compatibility<\/h4>\n    <ul style=\"margin: 0; padding-left: 20px;\">\n        <li><strong>Compatible con: <\/strong> Windows 10, Windows 11 (64-bit versions)<\/li>\n        <li><strong>Procesador:<\/strong> 1 GHz o m\u00e1s r\u00e1pido<\/li>\n        <li><strong>RAM:<\/strong> 4 GB minimum<\/li>\n        <li><strong>Almacenamiento:<\/strong> 4 GB available space<\/li>\n        <li><strong>Internet connection required for activation<\/strong><\/li>\n    <\/ul>\n<\/div>\n\n<!-- Terms of Use -->\n<div class=\"info-card\" style=\"margin: 20px 0;\">\n    <h4>\ud83d\udccb Terms of Use<\/h4>\n    <ul style=\"margin: 10px 0 0 0; padding-left: 20px; color: #6b7280;\">\n        <li>For use on one (1) PC only - Multiple PC (if key allow more than 1 PC)<\/li>\n        <li>Cannot be used for commercial deployment<\/li>\n        <li>Activation requires internet connection<\/li>\n        <li>Subject to Microsoft's End User License Agreement<\/li>\n        <li>Not for resale - end user license only<\/li>\n        <li>Si es revendedor, env\u00edenos un correo electr\u00f3nico a  \n            <a href=\"mailto:co*****@********ys.com\" data-original-string=\"rS9LPc59e8sKseGXkkDsNQ==d7f4YVU\/0P3\/7Rc+vjcSTZ59xHkHz\/iZHiBnX077e2+qWo=\" title=\"Este contacto ha sido codificado por Anti-Spam by CleanTalk. Haz clic para decodificar. Para finalizar la decodificaci\u00f3n, aseg\u00farate de que JavaScript est\u00e1 activado en tu navegador.\" >\n                <span \n                data-original-string='mRVQBmwqgDtzxVmrZsxuCw==d7fiGpf4VeMCe4+syAuQe0OznV2PygTJlUO1Dp4epSDtuA='\n                class='apbct-email-encoder'\n                title='Este contacto ha sido codificado por Anti-Spam by CleanTalk. Haz clic para decodificar. Para finalizar la decodificaci\u00f3n, aseg\u00farate de que JavaScript est\u00e1 activado en tu navegador.'>co<span class=\"apbct-blur\">*****<\/span>@<span class=\"apbct-blur\">********<\/span>ys.com<\/span>\n            <\/a>\n            Y te enviaremos una lista de precios a tu medida. \u00a1Trabajemos juntos!\n        <\/li>\n    <\/ul>\n<\/div>\n\n<!-- Refund Notice -->\n<div class=\"refund-notice\">\n    <p style=\"margin: 0;\">\n        <strong>\u2705 30-Day Money Back Guarantee:<\/strong> This product is eligible for a full refund within 30 days if you experience activation issues that our support team cannot resolve. <a href=\"\/es\/refund-returns-policy\/\">Learn more<\/a>\n    <\/p>\n<\/div>\n\n<!-- Trust Badges Section -->\n<div class=\"trust-badges\" style=\"align-items: center;\">\n    <div class=\"trust-badge\">\n        <img decoding=\"async\" src=\" \/wp-content\/uploads\/2025\/07\/Microsoft.webp\"  alt=\"Microsoft Partner\">\n        <span><strong>Microsoft<\/strong><br>Certified Partner<\/span>\n    <\/div>\n    <div class=\"trust-badge\">\n        <img decoding=\"async\" src=\"\/wp-content\/uploads\/2025\/07\/SSL-Secure-Checkout.webp\" alt=\"SSL Secure\">\n        <span><strong>SSL<\/strong><br>Secure Checkout<\/span>\n    <\/div>\n    <div class=\"trust-badge\">\n        <img decoding=\"async\" src=\"\/wp-content\/uploads\/2025\/07\/istockphoto-1004476412-612x612-removebg-preview.webp\" alt=\"Money Back\">\n        <span><strong>30-Day<\/strong><br>Money Back<\/span>\n    <\/div>\n    <div class=\"trust-badge\">\n        <img decoding=\"async\" src=\"\/wp-content\/uploads\/2025\/07\/Email-Delivery.webp\" alt=\"Instant Delivery\">\n        <span><strong>Instant<\/strong><br>Email Delivery<\/span>\n    <\/div>\n<\/div>\n\n<!-- Payment Security Badges -->\n<div class=\"security-badges\">\n    <div class=\"security-badge\">\n        <img decoding=\"async\" src=\"https:\/\/msbestkeys.com\/wp-content\/uploads\/2025\/05\/paypal-icon-1.png.webp\" alt=\"PayPal\" width=\"150px\" height=\"40\">\n    <\/div>\n    <div class=\"security-badge\">\n        <img decoding=\"async\" src=\"https:\/\/msbestkeys.com\/wp-content\/uploads\/2025\/05\/stripe-icon-1.png.webp\" alt=\"Stripe\" width=\"150px\" height=\"40\" style=\"max-width: 120px;\">\n    <\/div>\n    <div class=\"security-badge\">\n        <img decoding=\"async\" src=\"https:\/\/msbestkeys.com\/wp-content\/uploads\/2025\/07\/secure-payment.webp\" alt=\"Secure\" width=\"150px\" height=\"70\" style=\"max-width: 120px;\">\n    <\/div>\n    <!-- <div class=\"security-badge\">\n        <svg height=\"40\" viewBox=\"0 0 80 40\" fill=\"none\" xmlns=\"http:\/\/www.w3.org\/2000\/svg\">\n            <rect width=\"80\" height=\"40\" rx=\"4\" fill=\"#5469D4\"\/>\n            <path d=\"M25 15L35 25L55 15\" stroke=\"white\" stroke-width=\"2\"\/>\n            <text x=\"40\" y=\"35\" text-anchor=\"middle\" fill=\"white\" font-size=\"8\" font-family=\"Arial\">SECURE<\/text>\n        <\/svg>\n    <\/div> -->\n<\/div>\n\n<!-- Customer Rating Section -->\n<div class=\"rating-section\">\n    <h4 style=\"margin: 0 0 15px 0;\">Customer Satisfaction<\/h4>\n    <div style=\"display: flex; align-items: center; gap: 15px;\">\n        <div class=\"star-rating\">\u2605\u2605\u2605\u2605\u2605<\/div>\n        <span style=\"font-size: 16px; color: #1f2937;\">4.8\/5<\/span>\n    <\/div>\n        <span style=\"color: #6b7280;\">(Based on 1,247 verified purchases)<\/span>\n    <p style=\"margin: 15px 0 0 0; color: #6b7280;\">\n        \u2713 98% successful activation rate<br>\n        \u2713 24\/7 technical support<br>\n        \u2713 Trusted by thousands of customers worldwide\n    <\/p>\n<\/div>\n\n<!-- Support Notice -->\n<div style=\"background: #f0fdf4; border: 2px solid #86efac; padding: 20px; border-radius: 12px; margin: 20px 0; text-align: center;\">\n    <h4 style=\"color: #166534; margin: 0 0 10px 0;\">\ud83c\udd98 Need Help? We're Here 24\/7<\/h4>\n    <p style=\"color: #15803d; margin: 0 0 15px 0;\">Our expert support team is ready to assist with installation and activation<\/p>\n    <div style=\"display: flex; gap: 20px; justify-content: center; flex-wrap: wrap;\">\n        <a href=\"https:\/\/wa.me\/19375604830\" style=\"background: #25D366; color: white; padding: 10px 20px; border-radius: 25px; text-decoration: none; display: inline-flex; align-items: center; gap: 8px;\" rel=\"noopener\">\n            <svg width=\"20\" height=\"20\" viewbox=\"0 0 24 24\" fill=\"white\"><path d=\"M17.472 14.382c-.297-.149-1.758-.867-2.03-.967-.273-.099-.471-.148-.67.15-.197.297-.767.966-.94 1.164-.173.199-.347.223-.644.075-.297-.15-1.255-.463-2.39-1.475-.883-.788-1.48-1.761-1.653-2.059-.173-.297-.018-.458.13-.606.134-.133.298-.347.446-.52.149-.174.198-.298.298-.497.099-.198.05-.371-.025-.52-.075-.149-.669-1.612-.916-2.207-.242-.579-.487-.5-.669-.51-.173-.008-.371-.01-.57-.01-.198 0-.52.074-.792.372-.272.297-1.04 1.016-1.04 2.479 0 1.462 1.065 2.875 1.213 3.074.149.198 2.096 3.2 5.077 4.487.709.306 1.262.489 1.694.625.712.227 1.36.195 1.871.118.571-.085 1.758-.719 2.006-1.413.248-.694.248-1.289.173-1.413-.074-.124-.272-.198-.57-.347m-5.421 7.403h-.004a9.87 9.87 0 01-5.031-1.378l-.361-.214-3.741.982.998-3.648-.235-.374a9.86 9.86 0 01-1.51-5.26c.001-5.45 4.436-9.884 9.888-9.884 2.64 0 5.122 1.03 6.988 2.898a9.825 9.825 0 012.893 6.994c-.003 5.45-4.437 9.884-9.885 9.884m8.413-18.297A11.815 11.815 0 0012.05 0C5.495 0 .16 5.335.157 11.892c0 2.096.547 4.142 1.588 5.945L.057 24l6.305-1.654a11.882 11.882 0 005.683 1.448h.005c6.554 0 11.89-5.335 11.893-11.893a11.821 11.821 0 00-3.48-8.413Z\"\/><\/svg>\n            WhatsApp Support\n        <\/a>\n        <a href=\"mailto:co*****@********ys.com\" data-original-string=\"mZG2lcgMta9ofQC00K1x6Q==d7fPS8BPJJSdWIEKJaW0fiy10G5RqWg5drr0l8XkIbD1t4=\" title=\"Este contacto ha sido codificado por Anti-Spam by CleanTalk. Haz clic para decodificar. Para finalizar la decodificaci\u00f3n, aseg\u00farate de que JavaScript est\u00e1 activado en tu navegador.\" style=\"background: #6366f1; color: white; padding: 10px 20px; border-radius: 25px; text-decoration: none;\">\n            \ud83d\udce7 Email Support\n        <\/a>\n    <\/div>\n<\/div>\t\t\t\t<\/div>\n\t\t\t\t<\/div>\n\t\t\t\t\t<\/div>\n\t\t\t\t<\/div>\n\t\t\t\t<\/div>","protected":false},"excerpt":{"rendered":"<p>QuickBooks Desktop Pro 2024 para Windows es un software de gesti\u00f3n financiera eficiente y confiable. Con una clave de licencia aut\u00e9ntica, puede acceder a las \u00faltimas funciones para agilizar sus tareas contables y mantener registros financieros precisos. Este software es adecuado para empresas de todos los tama\u00f1os.<\/p>\n<p><strong>\u2714\ufe0e\u00a0 \u00a0 \u00a0 AUTHENTIC RETAIL LICENSE<\/strong><\/p>\n<p><strong>\u2714\ufe0e DESCARGA DIGITAL INMEDIATA<\/strong><\/p>\n<p><strong>\u2714\ufe0e SOPORTE PERMANENTE<\/strong><\/p>\n<p><img loading=\"lazy\" decoding=\"async\" class=\"wd-lazy-fade  wp-image-31863\" src=\"https:\/\/msbestkeys.com\/wp-content\/themes\/woodmart\/images\/lazy.svg\" data-src=\"https:\/\/msbestkeys.com\/wp-content\/uploads\/2025\/07\/Trusted-Shop.webp\" alt=\"Trusted Shop Msbestkeys\" width=\"257\" height=\"72\" srcset=\"\" data-srcset=\"https:\/\/msbestkeys.com\/wp-content\/uploads\/2025\/07\/Trusted-Shop.webp 600w, https:\/\/msbestkeys.com\/wp-content\/uploads\/2025\/07\/Trusted-Shop-400x112.webp 400w, https:\/\/msbestkeys.com\/wp-content\/uploads\/2025\/07\/Trusted-Shop-18x5.webp 18w, https:\/\/msbestkeys.com\/wp-content\/uploads\/2025\/07\/Trusted-Shop-300x84.webp 300w\" sizes=\"auto, (max-width: 257px) 100vw, 257px\" \/><\/p>","protected":false},"featured_media":30773,"comment_status":"open","ping_status":"closed","template":"","meta":{"_monsterinsights_skip_tracking":false,"_monsterinsights_sitenote_active":false,"_monsterinsights_sitenote_note":"","_monsterinsights_sitenote_category":0},"product_brand":[187],"product_cat":[24,96],"product_tag":[],"class_list":{"0":"post-28518","1":"product","2":"type-product","3":"status-publish","4":"has-post-thumbnail","6":"product_brand-intuit","7":"product_cat-all-products","8":"product_cat-quickbooks","10":"first","11":"instock","12":"taxable","13":"shipping-taxable","14":"purchasable","15":"product-type-simple"},"_links":{"self":[{"href":"https:\/\/msbestkeys.com\/es\/wp-json\/wp\/v2\/product\/28518","targetHints":{"allow":["GET"]}}],"collection":[{"href":"https:\/\/msbestkeys.com\/es\/wp-json\/wp\/v2\/product"}],"about":[{"href":"https:\/\/msbestkeys.com\/es\/wp-json\/wp\/v2\/types\/product"}],"replies":[{"embeddable":true,"href":"https:\/\/msbestkeys.com\/es\/wp-json\/wp\/v2\/comments?post=28518"}],"version-history":[{"count":0,"href":"https:\/\/msbestkeys.com\/es\/wp-json\/wp\/v2\/product\/28518\/revisions"}],"wp:featuredmedia":[{"embeddable":true,"href":"https:\/\/msbestkeys.com\/es\/wp-json\/wp\/v2\/media\/30773"}],"wp:attachment":[{"href":"https:\/\/msbestkeys.com\/es\/wp-json\/wp\/v2\/media?parent=28518"}],"wp:term":[{"taxonomy":"product_brand","embeddable":true,"href":"https:\/\/msbestkeys.com\/es\/wp-json\/wp\/v2\/product_brand?post=28518"},{"taxonomy":"product_cat","embeddable":true,"href":"https:\/\/msbestkeys.com\/es\/wp-json\/wp\/v2\/product_cat?post=28518"},{"taxonomy":"product_tag","embeddable":true,"href":"https:\/\/msbestkeys.com\/es\/wp-json\/wp\/v2\/product_tag?post=28518"}],"curies":[{"name":"wp","href":"https:\/\/api.w.org\/{rel}","templated":true}]}}