{"id":3532,"date":"2023-06-24T05:39:50","date_gmt":"2023-06-24T05:39:50","guid":{"rendered":"https:\/\/h-perpro.com\/?post_type=product&#038;p=3532"},"modified":"2025-07-04T17:53:37","modified_gmt":"2025-07-04T17:53:37","slug":"windows-server-2019-datacenter","status":"publish","type":"product","link":"https:\/\/msbestkeys.com\/es\/producto\/windows-server-2019-datacenter\/","title":{"rendered":"Servicios de activaci\u00f3n de Windows Server 2019 Datacenter"},"content":{"rendered":"<div data-elementor-type=\"wp-post\" data-elementor-id=\"3532\" class=\"elementor elementor-3532\" data-elementor-post-type=\"product\">\n\t\t\t\t<div class=\"wd-negative-gap elementor-element elementor-element-547f67e e-flex e-con-boxed e-con e-parent\" data-id=\"547f67e\" data-element_type=\"container\" data-e-type=\"container\">\n\t\t\t\t\t<div class=\"e-con-inner\">\n\t\t<div class=\"elementor-element elementor-element-5f67f32 e-con-full e-flex e-con e-child\" data-id=\"5f67f32\" data-element_type=\"container\" data-e-type=\"container\">\n\t\t\t\t<div class=\"elementor-element elementor-element-6c7e0cc color-scheme-inherit text-left elementor-widget elementor-widget-text-editor\" data-id=\"6c7e0cc\" data-element_type=\"widget\" data-e-type=\"widget\" data-widget_type=\"text-editor.default\">\n\t\t\t\t<div class=\"elementor-widget-container\">\n\t\t\t\t\t\t\t\t\t<p style=\"text-align: center;\"><strong>Al comprar Windows Server 2019 Datacenter recibir\u00e1s una licencia original de Microsoft 100% que podr\u00e1s activar directamente en el sitio web oficial de Microsoft. Nuestros m\u00e9todos de pago seguros te dan total garant\u00eda y recibir\u00e1s tu software por correo electr\u00f3nico en unos minutos.<\/strong><\/p><h2 align=\"center\">\u00a1Windows Server 2019 Datacenter solo puede funcionar para Windows, no para Mac!<\/h2><p><b style=\"font-size: 14px; color: var( --e-global-color-text );\">La clave se enviar\u00e1 a trav\u00e9s de <\/b><span style=\"color: var( --e-global-color-text ); font-size: 14.4px;\"><b>correo electr\u00f3nico<\/b><\/span><b style=\"font-size: 14px; color: var( --e-global-color-text );\">. Por favor revise tambi\u00e9n la carpeta de spam o correo basura.<\/b><\/p><h3>Descripci\u00f3n del Producto:<\/h3><p>Windows Server 2019 Datacenter es la versi\u00f3n m\u00e1s reciente del software altamente virtualizado creado para entornos de nube privada e h\u00edbrida. El innovador software se concentra en brindar el mayor nivel de flexibilidad y control a las empresas que necesitan una soluci\u00f3n centralizada para administrar cargas de trabajo preparadas para la nube con mayor facilidad.<\/p><h3><strong>Caracter\u00edsticas principales:<\/strong><\/h3><p>Todo en uno<\/p><p>Al ser la versi\u00f3n m\u00e1s potente y completa de la l\u00ednea, Windows Server 2019 Datacenter incluye naturalmente todas las caracter\u00edsticas preexistentes que disfrutan los usuarios est\u00e1ndar, junto con muchos m\u00e1s toques finales.<\/p><p>La diferencia m\u00e1s b\u00e1sica radica en la cantidad de contenedores permitidos en el sistema. Mientras que la versi\u00f3n Standard ofrece solo 2 contenedores, no hay l\u00edmite para la versi\u00f3n Datacenter, por lo que, en teor\u00eda, puedes usar tantos contenedores como quieras, siempre que el hardware lo admita.<\/p><h4>Mejor seguridad<\/h4><p>La seguridad es uno de los aspectos m\u00e1s destacados de Windows Server 2019, pero Datacenter la lleva a otro nivel con la funci\u00f3n de m\u00e1quinas virtuales protegidas. Este protocolo de seguridad proteger\u00e1 todas las m\u00e1quinas virtuales Hyper-V del acceso no autorizado o la manipulaci\u00f3n de fuentes externas, lo que agregar\u00e1 una s\u00f3lida pared virtual a su servidor.<\/p><h4>Sin l\u00edmite de almacenamiento<\/h4><p>Si el l\u00edmite de funciones de almacenamiento en la versi\u00f3n Standard te molesta, Datacenter sin duda disipar\u00e1 esa molestia. No hay l\u00edmite de almacenamiento para funciones como Storage Spaces Direct o Storage Replica, lo que te permite ajustar el sistema al m\u00e1ximo.<\/p><p>Por \u00faltimo, Datacenter ofrece la posibilidad de apilar redes, una caracter\u00edstica que seguramente le da una ventaja sobre la versi\u00f3n Est\u00e1ndar.<\/p><p>En resumen, Datacenter es una excelente versi\u00f3n para una gran empresa que se centra en los sistemas de almacenamiento nativos de la nube. Las caracter\u00edsticas que incluye el software har\u00e1n que su inversi\u00f3n valga la pena.<\/p><p>Para obtener m\u00e1s detalles, consulte el sitio web de Windows Server.<\/p><h3><strong>Requisitos del sistema:<\/strong><\/h3><ul><li style=\"text-align: left;\">\u00a0Procesador: CPU de 64 bits a 1,4 GHz<\/li><li style=\"text-align: left;\">\u00a0RAM: al menos 512 MB. Tipo ECC o tecnolog\u00eda similar; para implementaciones de host f\u00edsico<\/li><li style=\"text-align: left;\">\u00a0Disco duro: (espacio disponible): al menos 32 GB<\/li><li style=\"text-align: left;\">\u00a0Adaptador de red: Adaptador Ethernet que tenga al menos capacidad de procesamiento de un gigabit; cumpla con PCIE-E.<\/li><li style=\"text-align: left;\">\u00a0Otros requisitos: Unidad de DVD (si desea instalar el sistema operativo desde un medio DVD)<\/li><\/ul><h3><strong>C\u00f3mo descargar Windows Server 2019:<\/strong><\/h3><p><a href=\"https:\/\/www.microsoft.com\/en-us\/evalcenter\/evaluate-windows-server-2019?filetype=ISO\" rel=\"noopener\">Por favor haga clic aqu\u00ed<\/a><\/p><p>Para la seguridad de tu dispositivo siempre recomendamos la instalaci\u00f3n de un Antivirus, puedes elegir el tuyo<strong> <a href=\"https:\/\/msbestkeys.com\/es\/categoria-producto\/antivirus-security\/\">Antivirus haciendo clic aqu\u00ed.<\/a><\/strong><\/p><h4><strong>Encuentra m\u00e1s productos en MS Best Original Keys<br \/><\/strong><\/h4><p><strong>Sistemas operativos Windows:\u00a0\u00a0<a href=\"https:\/\/msbestkeys.com\/es\/producto\/windows-11-professional-activation-key-global\/\">Windows 11<\/a>\u00a0\u2013\u00a0<a href=\"https:\/\/msbestkeys.com\/es\/producto\/windows-10-professional-activation-key-global\/\">Ventanas 10<\/a>\u00a0\u2013\u00a0<a href=\"https:\/\/msbestkeys.com\/es\/producto\/windows-8-professional-activation-key-global\/\">Ventanas 8<\/a><\/strong><\/p><p><strong>Paquetes de Microsoft Office:\u00a0<a href=\"https:\/\/msbestkeys.com\/es\/producto\/microsoft-office-2021-professional-plus\/\">Oficina 2021<\/a>\u00a0\u2013<a href=\"https:\/\/msbestkeys.com\/es\/producto\/microsoft-office-2019-professional-plus\/\">\u00a0Oficina 2019<\/a>\u00a0\u2013\u00a0<a href=\"https:\/\/msbestkeys.com\/es\/producto\/microsoft-office-2016-professional-plus\/\">Oficina 2016<\/a>\u00a0\u2013\u00a0<a href=\"https:\/\/msbestkeys.com\/es\/producto\/microsoft-office-2021-home-and-business-mac\/\">Office para Mac<\/a><\/strong><\/p><p><strong>Antivirus:\u00a0<a href=\"https:\/\/msbestkeys.com\/es\/categoria-producto\/antivirus-security\/\">Kaspersky \u2013 ESET \u2013 Avast \u2013 AVG<\/a><\/strong><\/p>\t\t\t\t\t\t\t\t<\/div>\n\t\t\t\t<\/div>\n\t\t\t\t<div class=\"elementor-element elementor-element-07cbdb1 elementor-widget elementor-widget-html\" data-id=\"07cbdb1\" data-element_type=\"widget\" data-e-type=\"widget\" data-widget_type=\"html.default\">\n\t\t\t\t<div class=\"elementor-widget-container\">\n\t\t\t\t\t<!-- ADD THIS TEMPLATE TO EVERY PRODUCT PAGE -->\n<!-- Place this AFTER the product title and price but BEFORE the main description -->\n\n<style>\n\/* Product Page Enhancement Styles *\/\n.product-trust-section { margin: 30px 0; }\n.license-type-badge { background: linear-gradient(135deg, #6366f1 0%, #8b5cf6 100%); color: white; padding: 8px 20px; border-radius: 25px; display: inline-block; font-weight: 600; margin-bottom: 20px; }\n.product-info-grid { display: grid; grid-template-columns: repeat(auto-fit, minmax(250px, 1fr)); gap: 20px; margin: 30px 0; }\n.info-card { background: #f9fafb; border: 2px solid #e5e7eb; padding: 20px; border-radius: 12px; transition: all 0.3s ease; }\n.info-card:hover { border-color: #6366f1; background: white; transform: translateY(-2px); }\n.info-card h4 { color: #1f2937; margin-bottom: 10px; display: flex; align-items: center; gap: 10px; }\n.info-card p { color: #6b7280; line-height: 1.6; margin: 0; }\n.trust-badges { display: flex; flex-wrap: wrap; gap: 75px; align-items: center; justify-content: center; margin: 30px 0; padding: 25px; background: #f3f4f6; border-radius: 12px; }\n.trust-badge { display: flex; align-items: center; gap: 8px; }\n.trust-badge img { height: 100; width: 100px;}\n.delivery-banner { background: linear-gradient(135deg, #10b981 0%, #059669 100%); color: white; padding: 20px; border-radius: 12px; text-align: center; margin: 20px 0; }\n.compatibility-box { background: #fef3c7; border: 2px solid #f59e0b; padding: 20px; border-radius: 12px; margin: 20px 0; }\n.refund-notice { background: #dbeafe; border-left: 4px solid #3b82f6; padding: 20px; border-radius: 8px; margin: 20px 0; }\n.security-badges { display: flex; gap: 15px; margin: 20px 0; justify-content: center; flex-wrap: wrap; }\n.security-badge { background: white; padding: 15px 25px; border-radius: 8px; box-shadow: 0 2px 10px rgba(0,0,0,0.1); display: flex; align-items: center; gap: 10px; }\n.rating-section { background: white; border: 2px solid #e5e7eb; padding: 25px; border-radius: 12px; margin: 30px 0; }\n.star-rating {color: #fbbf24; font-size: 20px;}\n<\/style>\n\n<!-- License Type Badge (Customize per product) -->\n<div class=\"product-trust-section\">\n    <span class=\"license-type-badge\">\ud83d\udd11 RETAIL\/OEM LICENSE - Full Version<\/span>\n    <!-- Options: RETAIL LICENSE, OEM LICENSE, VOLUME LICENSE -->\n<\/div>\n\n<!-- Product Key Information Grid -->\n<div class=\"product-info-grid\">\n    <div class=\"info-card\">\n        <h4>\ud83d\udce6 What You Get<\/h4>\n        <p>One (1) genuine product key for permanent activation of <strong>Windows Server 2019 Datacenter<\/strong>. This is a digital license - no physical shipment.<\/p>\n    <\/div>\n    \n    <div class=\"info-card\">\n        <h4>\u26a1 Delivery Method<\/h4>\n        <p>Instant email delivery within 2-5 minutes. License key and download link sent directly to your inbox.<\/p>\n    <\/div>\n    \n    <div class=\"info-card\">\n        <h4>\ud83d\udee1\ufe0f License Type<\/h4>\n        <p>Retail\/OEM license for 1 PC. Lifetime validity with free reactivation support if you change hardware.<\/p>\n    <\/div>\n    \n    <div class=\"info-card\">\n        <h4>\ud83d\udcb0 Refund Policy<\/h4>\n        <p>30-day money back guarantee if activation fails. See our <a href=\"\/es\/refund-returns-policy\/\">refund policy<\/a> for details.<\/p>\n    <\/div>\n<\/div>\n\n<!-- Instant Delivery Banner -->\n<div class=\"delivery-banner\">\n    <h3 style=\"margin: 0 0 10px 0;\">\u26a1 INSTANT DIGITAL DELIVERY<\/h3>\n    <p style=\"margin: 0;\">Your license key will be emailed within 5 minutes of purchase - No waiting!<\/p>\n<\/div>\n\n<!-- Compatibility Notice (Customize per product) -->\n<div class=\"compatibility-box\">\n    <h4 style=\"margin: 0 0 10px 0;\">\u26a0\ufe0f System Requirements & Compatibility<\/h4>\n    <ul style=\"margin: 0; padding-left: 20px;\">\n        <li><strong>Compatible con: <\/strong> Windows 10, Windows 11 (64-bit versions)<\/li>\n        <li><strong>Procesador:<\/strong> 1 GHz o m\u00e1s r\u00e1pido<\/li>\n        <li><strong>RAM:<\/strong> 4 GB minimum<\/li>\n        <li><strong>Almacenamiento:<\/strong> 4 GB available space<\/li>\n        <li><strong>Internet connection required for activation<\/strong><\/li>\n    <\/ul>\n<\/div>\n\n<!-- Terms of Use -->\n<div class=\"info-card\" style=\"margin: 20px 0;\">\n    <h4>\ud83d\udccb Terms of Use<\/h4>\n    <ul style=\"margin: 10px 0 0 0; padding-left: 20px; color: #6b7280;\">\n        <li>For use on one (1) PC only - Multiple PC (if key allow more than 1 PC)<\/li>\n        <li>Cannot be used for commercial deployment<\/li>\n        <li>Activation requires internet connection<\/li>\n        <li>Subject to Microsoft's End User License Agreement<\/li>\n        <li>Not for resale - end user license only<\/li>\n        <li>Si es revendedor, env\u00edenos un correo electr\u00f3nico a  \n            <a href=\"mailto:co*****@********ys.com\" data-original-string=\"r8Qt5Trvt+ONQDoq658CNQ==d7fmozTJj3Nk4Q0nWafNUzrPOlfcVMnsndCanKIp5aVVvU=\" title=\"Este contacto ha sido codificado por Anti-Spam by CleanTalk. Haz clic para decodificar. Para finalizar la decodificaci\u00f3n, aseg\u00farate de que JavaScript est\u00e1 activado en tu navegador.\" >\n                <span \n                data-original-string='4b7kW0RgbebNnLjxeNCGGg==d7fBtEPuinXVGGdxnC5tAN4HXinAjiRfiEy7fv2x+GCCdo='\n                class='apbct-email-encoder'\n                title='Este contacto ha sido codificado por Anti-Spam by CleanTalk. Haz clic para decodificar. Para finalizar la decodificaci\u00f3n, aseg\u00farate de que JavaScript est\u00e1 activado en tu navegador.'>co<span class=\"apbct-blur\">*****<\/span>@<span class=\"apbct-blur\">********<\/span>ys.com<\/span>\n            <\/a>\n            Y te enviaremos una lista de precios a tu medida. \u00a1Trabajemos juntos!\n        <\/li>\n    <\/ul>\n<\/div>\n\n<!-- Refund Notice -->\n<div class=\"refund-notice\">\n    <p style=\"margin: 0;\">\n        <strong>\u2705 30-Day Money Back Guarantee:<\/strong> This product is eligible for a full refund within 30 days if you experience activation issues that our support team cannot resolve. <a href=\"\/es\/refund-returns-policy\/\">Learn more<\/a>\n    <\/p>\n<\/div>\n\n<!-- Trust Badges Section -->\n<div class=\"trust-badges\" style=\"align-items: center;\">\n    <div class=\"trust-badge\">\n        <img decoding=\"async\" src=\" \/wp-content\/uploads\/2025\/07\/Microsoft.webp\"  alt=\"Microsoft Partner\">\n        <span><strong>Microsoft<\/strong><br>Certified Partner<\/span>\n    <\/div>\n    <div class=\"trust-badge\">\n        <img decoding=\"async\" src=\"\/wp-content\/uploads\/2025\/07\/SSL-Secure-Checkout.webp\" alt=\"SSL Secure\">\n        <span><strong>SSL<\/strong><br>Secure Checkout<\/span>\n    <\/div>\n    <div class=\"trust-badge\">\n        <img decoding=\"async\" src=\"\/wp-content\/uploads\/2025\/07\/istockphoto-1004476412-612x612-removebg-preview.webp\" alt=\"Money Back\">\n        <span><strong>30-Day<\/strong><br>Money Back<\/span>\n    <\/div>\n    <div class=\"trust-badge\">\n        <img decoding=\"async\" src=\"\/wp-content\/uploads\/2025\/07\/Email-Delivery.webp\" alt=\"Instant Delivery\">\n        <span><strong>Instant<\/strong><br>Email Delivery<\/span>\n    <\/div>\n<\/div>\n\n<!-- Payment Security Badges -->\n<div class=\"security-badges\">\n    <div class=\"security-badge\">\n        <img decoding=\"async\" src=\"https:\/\/msbestkeys.com\/wp-content\/uploads\/2025\/05\/paypal-icon-1.png.webp\" alt=\"PayPal\" width=\"150px\" height=\"40\">\n    <\/div>\n    <div class=\"security-badge\">\n        <img decoding=\"async\" src=\"https:\/\/msbestkeys.com\/wp-content\/uploads\/2025\/05\/stripe-icon-1.png.webp\" alt=\"Stripe\" width=\"150px\" height=\"40\" style=\"max-width: 120px;\">\n    <\/div>\n    <div class=\"security-badge\">\n        <img decoding=\"async\" src=\"https:\/\/msbestkeys.com\/wp-content\/uploads\/2025\/07\/secure-payment.webp\" alt=\"Secure\" width=\"150px\" height=\"70\" style=\"max-width: 120px;\">\n    <\/div>\n    <!-- <div class=\"security-badge\">\n        <svg height=\"40\" viewBox=\"0 0 80 40\" fill=\"none\" xmlns=\"http:\/\/www.w3.org\/2000\/svg\">\n            <rect width=\"80\" height=\"40\" rx=\"4\" fill=\"#5469D4\"\/>\n            <path d=\"M25 15L35 25L55 15\" stroke=\"white\" stroke-width=\"2\"\/>\n            <text x=\"40\" y=\"35\" text-anchor=\"middle\" fill=\"white\" font-size=\"8\" font-family=\"Arial\">SECURE<\/text>\n        <\/svg>\n    <\/div> -->\n<\/div>\n\n<!-- Customer Rating Section -->\n<div class=\"rating-section\">\n    <h4 style=\"margin: 0 0 15px 0;\">Customer Satisfaction<\/h4>\n    <div style=\"display: flex; align-items: center; gap: 15px;\">\n        <div class=\"star-rating\">\u2605\u2605\u2605\u2605\u2605<\/div>\n        <span style=\"font-size: 16px; color: #1f2937;\">4.8\/5<\/span>\n    <\/div>\n        <span style=\"color: #6b7280;\">(Based on 1,247 verified purchases)<\/span>\n    <p style=\"margin: 15px 0 0 0; color: #6b7280;\">\n        \u2713 98% successful activation rate<br>\n        \u2713 24\/7 technical support<br>\n        \u2713 Trusted by thousands of customers worldwide\n    <\/p>\n<\/div>\n\n<!-- Support Notice -->\n<div style=\"background: #f0fdf4; border: 2px solid #86efac; padding: 20px; border-radius: 12px; margin: 20px 0; text-align: center;\">\n    <h4 style=\"color: #166534; margin: 0 0 10px 0;\">\ud83c\udd98 Need Help? We're Here 24\/7<\/h4>\n    <p style=\"color: #15803d; margin: 0 0 15px 0;\">Our expert support team is ready to assist with installation and activation<\/p>\n    <div style=\"display: flex; gap: 20px; justify-content: center; flex-wrap: wrap;\">\n        <a href=\"https:\/\/wa.me\/19375604830\" style=\"background: #25D366; color: white; padding: 10px 20px; border-radius: 25px; text-decoration: none; display: inline-flex; align-items: center; gap: 8px;\" rel=\"noopener\">\n            <svg width=\"20\" height=\"20\" viewbox=\"0 0 24 24\" fill=\"white\"><path d=\"M17.472 14.382c-.297-.149-1.758-.867-2.03-.967-.273-.099-.471-.148-.67.15-.197.297-.767.966-.94 1.164-.173.199-.347.223-.644.075-.297-.15-1.255-.463-2.39-1.475-.883-.788-1.48-1.761-1.653-2.059-.173-.297-.018-.458.13-.606.134-.133.298-.347.446-.52.149-.174.198-.298.298-.497.099-.198.05-.371-.025-.52-.075-.149-.669-1.612-.916-2.207-.242-.579-.487-.5-.669-.51-.173-.008-.371-.01-.57-.01-.198 0-.52.074-.792.372-.272.297-1.04 1.016-1.04 2.479 0 1.462 1.065 2.875 1.213 3.074.149.198 2.096 3.2 5.077 4.487.709.306 1.262.489 1.694.625.712.227 1.36.195 1.871.118.571-.085 1.758-.719 2.006-1.413.248-.694.248-1.289.173-1.413-.074-.124-.272-.198-.57-.347m-5.421 7.403h-.004a9.87 9.87 0 01-5.031-1.378l-.361-.214-3.741.982.998-3.648-.235-.374a9.86 9.86 0 01-1.51-5.26c.001-5.45 4.436-9.884 9.888-9.884 2.64 0 5.122 1.03 6.988 2.898a9.825 9.825 0 012.893 6.994c-.003 5.45-4.437 9.884-9.885 9.884m8.413-18.297A11.815 11.815 0 0012.05 0C5.495 0 .16 5.335.157 11.892c0 2.096.547 4.142 1.588 5.945L.057 24l6.305-1.654a11.882 11.882 0 005.683 1.448h.005c6.554 0 11.89-5.335 11.893-11.893a11.821 11.821 0 00-3.48-8.413Z\"\/><\/svg>\n            WhatsApp Support\n        <\/a>\n        <a href=\"mailto:co*****@********ys.com\" data-original-string=\"X0pUPSrlQPZ9hmGJKvVVGA==d7f2kyuqtcqlNKqcZPK4+JZS0q18IQU2j7SeDVy18px2x0=\" title=\"Este contacto ha sido codificado por Anti-Spam by CleanTalk. Haz clic para decodificar. Para finalizar la decodificaci\u00f3n, aseg\u00farate de que JavaScript est\u00e1 activado en tu navegador.\" style=\"background: #6366f1; color: white; padding: 10px 20px; border-radius: 25px; text-decoration: none;\">\n            \ud83d\udce7 Email Support\n        <\/a>\n    <\/div>\n<\/div>\t\t\t\t<\/div>\n\t\t\t\t<\/div>\n\t\t\t\t<\/div>\n\t\t\t\t\t<\/div>\n\t\t\t\t<\/div>\n\t\t\t\t<\/div>","protected":false},"excerpt":{"rendered":"<p>Windows Server 2019 Datacenter es la versi\u00f3n potente del software de servidor dise\u00f1ado para entornos de nube privada e h\u00edbrida. Ofrece seguridad mejorada, sin l\u00edmites de almacenamiento y la capacidad de apilar redes, lo que lo convierte en una opci\u00f3n ideal para grandes empresas que se centran en sistemas de almacenamiento nativos de la nube.<\/p>\n<p class=\"whitespace-normal break-words\"><strong>\u2705 Instant Delivery\u00a0 \u2705 30-Day Guarantee \u2705 Professional Features<\/strong><\/p>\n<p><strong>\u2714\ufe0e\u00a0 \u00a0 \u00a0 AUTHENTIC RETAIL LICENSE<\/strong><\/p>\n<p><strong>\u2714\ufe0e DESCARGA DIGITAL INMEDIATA<\/strong><\/p>\n<p><strong>\u2714\ufe0e SOPORTE PERMANENTE<\/strong><\/p>\n<p><img loading=\"lazy\" decoding=\"async\" class=\"wd-lazy-fade  wp-image-31863\" src=\"https:\/\/msbestkeys.com\/wp-content\/themes\/woodmart\/images\/lazy.svg\" data-src=\"https:\/\/msbestkeys.com\/wp-content\/uploads\/2025\/07\/Trusted-Shop.webp\" alt=\"Trusted Shop Msbestkeys\" width=\"257\" height=\"72\" srcset=\"\" data-srcset=\"https:\/\/msbestkeys.com\/wp-content\/uploads\/2025\/07\/Trusted-Shop.webp 600w, https:\/\/msbestkeys.com\/wp-content\/uploads\/2025\/07\/Trusted-Shop-400x112.webp 400w, https:\/\/msbestkeys.com\/wp-content\/uploads\/2025\/07\/Trusted-Shop-18x5.webp 18w, https:\/\/msbestkeys.com\/wp-content\/uploads\/2025\/07\/Trusted-Shop-300x84.webp 300w\" sizes=\"auto, (max-width: 257px) 100vw, 257px\" \/><\/p>","protected":false},"featured_media":31057,"comment_status":"open","ping_status":"closed","template":"","meta":{"_monsterinsights_skip_tracking":false,"_monsterinsights_sitenote_active":false,"_monsterinsights_sitenote_note":"","_monsterinsights_sitenote_category":0},"product_brand":[185],"product_cat":[24,33],"product_tag":[],"class_list":{"0":"post-3532","1":"product","2":"type-product","3":"status-publish","4":"has-post-thumbnail","6":"product_brand-microsoft","7":"product_cat-all-products","8":"product_cat-windows-servers","10":"first","11":"instock","12":"sale","13":"taxable","14":"shipping-taxable","15":"purchasable","16":"product-type-simple"},"_links":{"self":[{"href":"https:\/\/msbestkeys.com\/es\/wp-json\/wp\/v2\/product\/3532","targetHints":{"allow":["GET"]}}],"collection":[{"href":"https:\/\/msbestkeys.com\/es\/wp-json\/wp\/v2\/product"}],"about":[{"href":"https:\/\/msbestkeys.com\/es\/wp-json\/wp\/v2\/types\/product"}],"replies":[{"embeddable":true,"href":"https:\/\/msbestkeys.com\/es\/wp-json\/wp\/v2\/comments?post=3532"}],"version-history":[{"count":0,"href":"https:\/\/msbestkeys.com\/es\/wp-json\/wp\/v2\/product\/3532\/revisions"}],"wp:featuredmedia":[{"embeddable":true,"href":"https:\/\/msbestkeys.com\/es\/wp-json\/wp\/v2\/media\/31057"}],"wp:attachment":[{"href":"https:\/\/msbestkeys.com\/es\/wp-json\/wp\/v2\/media?parent=3532"}],"wp:term":[{"taxonomy":"product_brand","embeddable":true,"href":"https:\/\/msbestkeys.com\/es\/wp-json\/wp\/v2\/product_brand?post=3532"},{"taxonomy":"product_cat","embeddable":true,"href":"https:\/\/msbestkeys.com\/es\/wp-json\/wp\/v2\/product_cat?post=3532"},{"taxonomy":"product_tag","embeddable":true,"href":"https:\/\/msbestkeys.com\/es\/wp-json\/wp\/v2\/product_tag?post=3532"}],"curies":[{"name":"wp","href":"https:\/\/api.w.org\/{rel}","templated":true}]}}