{"id":3598,"date":"2023-06-24T05:43:59","date_gmt":"2023-06-24T05:43:59","guid":{"rendered":"https:\/\/h-perpro.com\/?post_type=product&#038;p=3598"},"modified":"2025-07-04T17:41:35","modified_gmt":"2025-07-04T17:41:35","slug":"microsoft-office-365-professional-plus","status":"publish","type":"product","link":"https:\/\/msbestkeys.com\/es\/producto\/microsoft-office-365-professional-plus\/","title":{"rendered":"Microsoft office 365 professional plus Private account \u2013 Windows\/Mac os \u2013GLOBAL\u2013"},"content":{"rendered":"<div data-elementor-type=\"wp-post\" data-elementor-id=\"3598\" class=\"elementor elementor-3598\" data-elementor-post-type=\"product\">\n\t\t\t\t\t\t<section class=\"wd-negative-gap elementor-section elementor-top-section elementor-element elementor-element-278ba284 elementor-section-boxed elementor-section-height-default elementor-section-height-default\" data-id=\"278ba284\" data-element_type=\"section\" data-e-type=\"section\">\n\t\t\t\t\t\t<div class=\"elementor-container elementor-column-gap-default\">\n\t\t\t\t\t<div class=\"elementor-column elementor-col-100 elementor-top-column elementor-element elementor-element-7f4915f9\" data-id=\"7f4915f9\" data-element_type=\"column\" data-e-type=\"column\">\n\t\t\t<div class=\"elementor-widget-wrap elementor-element-populated\">\n\t\t\t\t\t\t<div class=\"elementor-element elementor-element-67655794 color-scheme-inherit text-left elementor-widget elementor-widget-text-editor\" data-id=\"67655794\" data-element_type=\"widget\" data-e-type=\"widget\" data-widget_type=\"text-editor.default\">\n\t\t\t\t<div class=\"elementor-widget-container\">\n\t\t\t\t\t\t\t\t\t<h2 style=\"text-align: center;\"><strong>Microsoft office 365 Professional Plus<\/strong><\/h2><h5 style=\"text-align: center;\"><strong>Windows, Mac OS, M\u00f3vil<\/strong><\/h5><div><strong>\u00a0<\/strong><\/div><p>Capture sus ideas como mejor le parezca: usando un teclado, un l\u00e1piz o una pantalla t\u00e1ctil.<br \/>Formatee f\u00e1cilmente la informaci\u00f3n en Excel con herramientas que reconocen su patr\u00f3n y completan autom\u00e1ticamente los datos.<br \/>Incorpore f\u00e1cilmente contenido de archivos PDF para crear sus propios documentos de Word de excelente apariencia.<br \/>Dise\u00f1e materiales de marketing personalizados que se adapten a su marca y sus clientes.<br \/>Cliente de Skype for Business disponible para PC y Mac; servicio de Skype for Business no incluido.<\/p><h3><strong>Microsoft office 365 Professional Plus on PCs, tablets, and phones<\/strong><\/h3><p>Disfrute de una experiencia de Office completamente instalada en PC, Mac, tabletas Windows, tabletas iPad\u00ae y Android\u2122 y la mayor\u00eda de los dispositivos m\u00f3viles. Cada usuario puede instalar Office 365 en PC o Mac, tabletas (Windows, iPad y Android) y tel\u00e9fonos.<\/p><h3><strong>Suite Office Informaci\u00f3n sobre herramientas con detalles sobre la disponibilidad y caracter\u00edsticas de Publisher y Skype for Business Incluye las \u00faltimas aplicaciones de Office para su PC y Mac.<\/strong><\/h3><ol><li>PALABRA 2019<\/li><li>EXCEL 2019<\/li><li>POTENCIAL 2019<\/li><li>PERSPECTIVAS 2019<\/li><li>UNA NOTA 2019<\/li><li>EDITORIAL 2019 (solo versi\u00f3n para PC)<\/li><li>ACCESS 2019 (versi\u00f3n para PC \u00fanicamente)<\/li><\/ol><h3><strong>Entrega r\u00e1pida (en 1 hora)<\/strong><\/h3><ul><li>\u00a1SIN CD\/DVD!<\/li><li>Le proporcionaremos una cuenta y contrase\u00f1a de Microsoft Office 365, obtendr\u00e1 el instalador directamente de Microsoft\u00a0<a href=\"https:\/\/www.microsoft.com\/en-us\/microsoft-365\/business\/microsoft-365-apps-for-enterprise-product\" rel=\"noopener\">sitio web<\/a>\u00a0Una vez realizado el pago.<\/li><li>100% genuino.<\/li><li>\u00bfSer\u00e1 actualizado autom\u00e1ticamente por Microsoft?<\/li><li>Admite todos los idiomas<\/li><\/ul><p>\u00a1Obtenga su suscripci\u00f3n de por vida a la cuenta Microsoft Office 365 original 100% a un precio bajo! Active su oficina con facilidad y rapidez utilizando una cuenta premium. Nuestro producto no es una versi\u00f3n crackeada, de prueba, beta, pirateada ni hackeada. Personalice su nombre de usuario y obtenga 5 TB de almacenamiento en la nube para todos sus archivos y fotos en OneDrive. Puede activar las versiones de 32 bits y 64 bits y puede actualizar y reinstalar su producto. Es adecuado para todos los dispositivos y admite todos los idiomas. La entrega de nuestra cuenta es s\u00faper r\u00e1pida, espere recibirla en 60 minutos o un m\u00e1ximo de 24 horas a trav\u00e9s del chat. \u00a1Compre ahora y disfrute de acceso de por vida a esta visi\u00f3n minorista completa x32\/64!<\/p><h3>Etiquetas:<\/h3><ul><li>Estudiante de Microsoft<\/li><li>Cuenta de Microsoft Office 365<\/li><li>Alumno<\/li><li>Oficina y Negocios<\/li><li>Productos de Microsoft<\/li><li>C\u00f3mo hacerlo<\/li><li>Cuenta privada<\/li><li>Almacenamiento en la nube OneDrive<\/li><li>Acceso de por vida<\/li><li>Genuino<\/li><li>Personalizar nombre<\/li><li>Versiones de 32 bits\/64 bits<\/li><li>Almacenamiento en la nube de 5 TB<\/li><li>Entrega r\u00e1pida<\/li><li>es:msbestkeys.com<\/li><\/ul><h3>Categor\u00eda y Subcategor\u00eda:<\/h3><p>Categor\u00eda: Digital<\/p><p>Subcategor\u00eda: Computadoras\/Tabletas y Redes &gt; Software &gt; Imagen, Video y Audio &gt; Oficina y Negocios<\/p><ul><li>100% Office original sin necesidad de renovaci\u00f3n<\/li><li>Incluye almacenamiento en la nube OneDrive para acceder f\u00e1cilmente a sus archivos desde cualquier dispositivo<\/li><li>Personaliza tu cuenta de Office 365 con tu nombre preferido<\/li><li>Nombre de inicio de sesi\u00f3n generado aleatoriamente para una configuraci\u00f3n r\u00e1pida y sencilla<\/li><li>Funciona en versiones de 32 y 64 bits.<\/li><li>Se puede actualizar y reinstalar.<\/li><li>Uso de por vida despu\u00e9s de una activaci\u00f3n \u00fanica<\/li><li>Visi\u00f3n minorista completa x32\/64<\/li><li>Garant\u00eda oficial genuina para su tranquilidad<\/li><li>Creaci\u00f3n r\u00e1pida de cuenta en un plazo de entre 60 minutos y 24 horas<\/li><li>5 TB de almacenamiento en la nube para todos tus archivos y fotos<\/li><li>Software original y libre de malware garantizado<\/li><li>Pago \u00fanico para acceso de por vida<\/li><li>Compatible con todos los idiomas y dispositivos.<\/li><li>Adecuado para Windows, MacBook, tabletas y tel\u00e9fonos iOS y Android.<\/li><li>Garant\u00eda de devoluci\u00f3n de dinero si no funciona<\/li><\/ul><p>??? Estudiante de Microsoft, Cuenta de Microsoft Office 365, Office y Empresas, Productos de Microsoft, Instrucciones, ?? msbestkeys.com<\/p><p>Cuenta de Microsoft Office 365 para estudiantes, Office y empresas, Productos de Microsoft, Instrucciones, msbestkeys.com<\/p><p>?\ufe0f?? Microsoft Office 365, ? Office y empresas, ? Imagen, v\u00eddeo y audio, ? Ordenadores\/tabletas y redes, ? msbestkeys.com<\/p><h3><strong>Preguntas frecuentes<\/strong><\/h3><p><strong>P: \u00bfQu\u00e9 obtengo despu\u00e9s de comprarlo?<\/strong><\/p><p>Esta es una cuenta NUEVA, \u00a1no hay CD\/DVD, copia f\u00edsica, clave de licencia ni c\u00f3digo de serie! Si tiene alguna pregunta o inquietud, env\u00edenos un mensaje antes de comprar.<\/p><p><strong>P. \u00bfC\u00f3mo funciona?<\/strong><\/p><p>A: Recibir\u00e1 un correo electr\u00f3nico y una contrase\u00f1a de cuenta, y luego deber\u00e1 iniciar sesi\u00f3n. <a href=\"https:\/\/www.office.com\/\" rel=\"noopener\">www.oficina.com <\/a><u><\/u>con esta cuenta de correo electr\u00f3nico<\/p><p>y contrase\u00f1a (PD: solo puedes cambiar la contrase\u00f1a de la cuenta, no puedes cambiarla por tu nombre de cuenta o correo electr\u00f3nico)<\/p><p><strong>P: \u00bfSon leg\u00edtimas estas licencias?<\/strong><\/p><p>R: S\u00ed, las licencias son leg\u00edtimas y aut\u00e9nticas. La licencia es una licencia comercial que forma parte de una licencia acad\u00e9mica.<\/p><p><strong>P: \u00bfPuedo buscar ayuda de atenci\u00f3n al cliente de Microsoft si la necesito en el futuro?<\/strong><\/p><p>R: S\u00ed, puede obtener soporte directamente de Microsoft.<\/p><p><strong style=\"color: #333333;\"><strong>P: <\/strong>\u00bfQu\u00e9 sistema operativo soporta?<\/strong><\/p><p>R: Las licencias funcionan en las versiones x86 (32 bits) y x64 (64 bits) de Windows (7 o posterior) y tambi\u00e9n en Mac (OS 10.10 o posterior).<\/p><p><strong><strong style=\"color: #333333;\">P: <\/strong>\u00bfPuedo usar esto con Android y iPhones o iPads?<\/strong><\/p><p>R: S\u00ed, descargue las aplicaciones relevantes de la tienda de aplicaciones e inicie sesi\u00f3n con la cuenta para activarlas en su dispositivo.<\/p><p><strong style=\"color: #333333;\"><strong>P: <\/strong>Ya tengo una versi\u00f3n anterior de Office instalada en mi dispositivo, \u00bfqu\u00e9 debo hacer?<\/strong><\/p><p>R: Recomendamos eliminar esto antes de instalar cualquier aplicaci\u00f3n desde la nueva cuenta.<\/p><p>M\u00e1s productos de MS\u00a0<strong><a href=\"https:\/\/msbestkeys.com\/es\/categoria-producto\/microsoft-office\/\">Aqu\u00ed<\/a>.<\/strong><\/p><div class=\"mt-1 flex gap-3 empty:hidden juice:-ml-3\"><div class=\"flex items-center\"><h4><strong>Encuentra m\u00e1s productos en MS Best Original Keys <br \/><\/strong><\/h4><p><strong>Sistemas operativos Windows:\u00a0 <a href=\"https:\/\/msbestkeys.com\/es\/producto\/windows-11-professional-activation-key-global\/\">Windows 11<\/a> \u2013 <a href=\"https:\/\/msbestkeys.com\/es\/producto\/windows-10-professional-activation-key-global\/\">Ventanas 10<\/a> \u2013 <a href=\"https:\/\/msbestkeys.com\/es\/producto\/windows-8-professional-activation-key-global\/\">Ventanas 8<\/a><\/strong><\/p><p><strong>Paquetes de Microsoft Office:\u00a0 <a href=\"https:\/\/msbestkeys.com\/es\/producto\/microsoft-office-2021-professional-plus\/\">Oficina 2021<\/a> \u2013<a href=\"https:\/\/msbestkeys.com\/es\/producto\/microsoft-office-2019-professional-plus\/\"> Oficina 2019<\/a> \u2013 <a href=\"https:\/\/msbestkeys.com\/es\/producto\/microsoft-office-2016-professional-plus\/\">Oficina 2016<\/a> \u2013 <a href=\"https:\/\/msbestkeys.com\/es\/producto\/microsoft-office-2021-home-and-business-mac\/\">Office para Mac<\/a><\/strong><\/p><p><strong>Antivirus:\u00a0 <a href=\"https:\/\/msbestkeys.com\/es\/categoria-producto\/antivirus-security\/\">Kaspersky \u2013 ESET \u2013 Avast \u2013 AVG<\/a><\/strong><\/p><\/div><\/div>\t\t\t\t\t\t\t\t<\/div>\n\t\t\t\t<\/div>\n\t\t\t\t\t<\/div>\n\t\t<\/div>\n\t\t\t\t\t<\/div>\n\t\t<\/section>\n\t\t\t\t<\/div>","protected":false},"excerpt":{"rendered":"<p>Esta oferta exclusiva de Microsoft 365 Professional Plus le ofrece una licencia genuina y perpetua para una cuenta privada que puede personalizarse seg\u00fan sus preferencias. Experimente el poder de la suite de productividad de primer nivel de Microsoft a una fracci\u00f3n del costo habitual.<\/p>\n<p><strong>\u2714\ufe0e\u00a0 \u00a0 \u00a0 AUTHENTIC OFFICE 365 PERSONAL ACCOUNT<\/strong><\/p>\n<p><strong>\u2714\ufe0e DESCARGA DIGITAL INMEDIATA<\/strong><\/p>\n<p><strong>\u2714\ufe0e SOPORTE PERMANENTE<\/strong><\/p>\n<p><img loading=\"lazy\" decoding=\"async\" class=\"wd-lazy-fade  wp-image-31863\" src=\"https:\/\/msbestkeys.com\/wp-content\/themes\/woodmart\/images\/lazy.svg\" data-src=\"https:\/\/msbestkeys.com\/wp-content\/uploads\/2025\/07\/Trusted-Shop.webp\" alt=\"Trusted Shop Msbestkeys\" width=\"257\" height=\"72\" srcset=\"\" data-srcset=\"https:\/\/msbestkeys.com\/wp-content\/uploads\/2025\/07\/Trusted-Shop.webp 600w, https:\/\/msbestkeys.com\/wp-content\/uploads\/2025\/07\/Trusted-Shop-400x112.webp 400w, https:\/\/msbestkeys.com\/wp-content\/uploads\/2025\/07\/Trusted-Shop-18x5.webp 18w, https:\/\/msbestkeys.com\/wp-content\/uploads\/2025\/07\/Trusted-Shop-300x84.webp 300w\" sizes=\"auto, (max-width: 257px) 100vw, 257px\" \/><\/p>","protected":false},"featured_media":31015,"comment_status":"closed","ping_status":"closed","template":"","meta":{"_monsterinsights_skip_tracking":false,"_monsterinsights_sitenote_active":false,"_monsterinsights_sitenote_note":"","_monsterinsights_sitenote_category":0},"product_brand":[185],"product_cat":[24,46],"product_tag":[],"class_list":{"0":"post-3598","1":"product","2":"type-product","3":"status-publish","4":"has-post-thumbnail","6":"product_brand-microsoft","7":"product_cat-all-products","8":"product_cat-microsoft-office","10":"first","11":"instock","12":"sale","13":"virtual","14":"taxable","15":"purchasable","16":"product-type-simple"},"_links":{"self":[{"href":"https:\/\/msbestkeys.com\/es\/wp-json\/wp\/v2\/product\/3598","targetHints":{"allow":["GET"]}}],"collection":[{"href":"https:\/\/msbestkeys.com\/es\/wp-json\/wp\/v2\/product"}],"about":[{"href":"https:\/\/msbestkeys.com\/es\/wp-json\/wp\/v2\/types\/product"}],"replies":[{"embeddable":true,"href":"https:\/\/msbestkeys.com\/es\/wp-json\/wp\/v2\/comments?post=3598"}],"version-history":[{"count":0,"href":"https:\/\/msbestkeys.com\/es\/wp-json\/wp\/v2\/product\/3598\/revisions"}],"wp:featuredmedia":[{"embeddable":true,"href":"https:\/\/msbestkeys.com\/es\/wp-json\/wp\/v2\/media\/31015"}],"wp:attachment":[{"href":"https:\/\/msbestkeys.com\/es\/wp-json\/wp\/v2\/media?parent=3598"}],"wp:term":[{"taxonomy":"product_brand","embeddable":true,"href":"https:\/\/msbestkeys.com\/es\/wp-json\/wp\/v2\/product_brand?post=3598"},{"taxonomy":"product_cat","embeddable":true,"href":"https:\/\/msbestkeys.com\/es\/wp-json\/wp\/v2\/product_cat?post=3598"},{"taxonomy":"product_tag","embeddable":true,"href":"https:\/\/msbestkeys.com\/es\/wp-json\/wp\/v2\/product_tag?post=3598"}],"curies":[{"name":"wp","href":"https:\/\/api.w.org\/{rel}","templated":true}]}}